{"id":7922,"date":"2024-10-09T09:52:43","date_gmt":"2024-10-09T07:52:43","guid":{"rendered":"https:\/\/stxgroup.com\/strive\/?page_id=7922"},"modified":"2024-10-15T09:15:08","modified_gmt":"2024-10-15T07:15:08","slug":"estrategias-de-descarbonizacion-de-la-industria-del-papel","status":"publish","type":"page","link":"https:\/\/stxgroup.com\/strive\/es\/eventos\/estrategias-de-descarbonizacion-de-la-industria-del-papel\/","title":{"rendered":"Estrategias de Descarbonizaci\u00f3n de la Industria del Papel: I-REC"},"content":{"rendered":"\n<section class=\"wp-block-create-block-gb-hero c-hero c-hero--size_s c-hero--variation_center-left c-hero--bg_position_cc\" style=\"background-image:url(https:\/\/stxgroup.com\/app\/themes\/ChildTheme\/assets\/uploads\/site\/4\/2024\/10\/iStock-1682048675-scaled.jpg);background-color:#141729\">\n<div class=\"wp-block-create-block-gb-container-block c-hero--inner\"><\/div>\n<\/section>\n\n\n\n<div class=\"c-mb-100\"><\/div>\n\n\n\n<div class=\"row-wide\"><div class=\"c-heading-simple\"><h1 class=\"c-heading-simple--title\"><strong>WEBINAR: ESTRATEGIAS DE DESCARBONIZACI\u00d3N DE LA INDUSTRIA DEL PAPEL: I-REC<\/strong><br>En colaboraci\u00f3n con la C\u00e1mara del Papel y Celulosa de M\u00e9xico<\/h1><\/div><\/div>\n\n\n\n<div class=\"wp-block-create-block-gb-alternate-right-row c-item-inrow c-row--expanded c-item-inrow--side__right c-item-inrow--bgcolor__rock\">\n<div class=\"wp-block-create-block-gb-container-block c-item-inrow--content c-row--expanded-col-6\">\n<div class=\"wp-block-create-block-gb-container-block c-row--expanded--inner\">\n<h2 class=\"wp-block-create-block-gb-text  c-item-inrow--title\">Martes 15 de Octubre, 9:00 am CST<\/h2>\n\n\n\n<p class=\"wp-block-create-block-gb-text  c-item-inrow--description\">\u00danete a nuestro webinar &#8220;Estrategias de Descarbonizaci\u00f3n de la Industria del Papel: I-REC&#8221;, organizado en colaboraci\u00f3n con la C\u00e1mara del Papel y Celulosa de M\u00e9xico, el pr\u00f3ximo martes 15 de octubre a las 9:00 am CST. Este evento est\u00e1 dise\u00f1ado espec\u00edficamente para las empresas del sector papelero que buscan tomar medidas concretas hacia un futuro m\u00e1s sostenible. Exploraremos c\u00f3mo los Certificados Internacionales de Energ\u00eda Renovable (I-REC) y otras estrategias clave pueden ayudarte a reducir tu huella de carbono y cumplir con las metas ambientales globales.<\/p>\n\n\n\n<a href=\"#\" class=\"c-button   c-button--aligned\"><span class=\"wp-block-create-block-gb-link-rhombus\">REG\u00cdSTRATE<\/span><\/a>\n<\/div>\n<\/div>\n\n\n\n<div class=\"wp-block-create-block-gb-container-block c-item-inrow--image c-row--expanded-col-6\">\n<div class=\"c-item-inrow--image--content c-row--expanded--inner\">\n<div class=\"c-img-rhombus  c-img-rhombus--right\"><img decoding=\"async\" alt=\"estategias de descarbonizacion de la industria del papel\" src=\"https:\/\/stxgroup.com\/app\/themes\/ChildTheme\/assets\/uploads\/site\/4\/2024\/10\/Camara-del-Papel-MX-webinar.png\" \/><\/div>\n<\/div>\n<\/div>\n<\/div>\n\n\n\n<div class=\"row-wide\"><div class=\"c-heading-simple\"><h1 class=\"c-heading-simple--title\">Agenda<\/h1><\/div><\/div>\n\n\n\n<div class=\"wp-block-create-block-gb-container-content-width row-wide\">\n<ul class=\"wp-block-list\">\n<li>La sostenibilidad como elemento imperativo en el sector<\/li>\n\n\n\n<li>C\u00f3mo tomar medidas y descarbonizar las emisiones: Establecimiento de Objetivos y Desarrollo de Hoja de Ruta de Descarbonizaci\u00f3n<\/li>\n\n\n\n<li>La importancia del Scope 2: Reducci\u00f3n de Emisiones y casos pr\u00e1cticos<\/li>\n\n\n\n<li>El nuevo reto para reducir el Scope 1: Biometano<\/li>\n\n\n\n<li>La descarbonizaci\u00f3n de la cadena de suministro de la industria del papel<\/li>\n\n\n\n<li>Herramienta para financiar la descarbonizaci\u00f3n: Cr\u00e9dito fiscal IRA<\/li>\n<\/ul>\n<\/div>\n\n\n\n<div class=\"c-mb-50\"><\/div>\n\n\n\n<div class=\"row-wide\"><div class=\"c-heading-simple\"><h1 class=\"c-heading-simple--title\">Ponentes<\/h1><\/div><\/div>\n\n\n\n<div class=\"row-wide grid-row\"><div class=\"wp-block-create-block-gb-grid-row c-row\">\n<div class=\"wp-block-create-block-gb-grid-item c-col-4\">\n<div class=\"wp-block-create-block-gb-container-block c-item-inlist grid-row\">\n<figure class=\"wp-block-image size-large is-resized\"><img loading=\"lazy\" decoding=\"async\" width=\"1024\" height=\"1024\" src=\"https:\/\/stxgroup.com\/app\/themes\/ChildTheme\/assets\/uploads\/site\/4\/2024\/10\/Emmanuel-Jaquez_Square-1024x1024.jpg\" alt=\"\" class=\"wp-image-7957\" style=\"object-fit:cover;width:300px;height:300px\" srcset=\"https:\/\/stxgroup.com\/app\/themes\/ChildTheme\/assets\/uploads\/site\/4\/2024\/10\/Emmanuel-Jaquez_Square-1024x1024.jpg 1024w, https:\/\/stxgroup.com\/app\/themes\/ChildTheme\/assets\/uploads\/site\/4\/2024\/10\/Emmanuel-Jaquez_Square-300x300.jpg 300w, https:\/\/stxgroup.com\/app\/themes\/ChildTheme\/assets\/uploads\/site\/4\/2024\/10\/Emmanuel-Jaquez_Square-150x150.jpg 150w, https:\/\/stxgroup.com\/app\/themes\/ChildTheme\/assets\/uploads\/site\/4\/2024\/10\/Emmanuel-Jaquez_Square-768x768.jpg 768w, https:\/\/stxgroup.com\/app\/themes\/ChildTheme\/assets\/uploads\/site\/4\/2024\/10\/Emmanuel-Jaquez_Square-1536x1536.jpg 1536w, https:\/\/stxgroup.com\/app\/themes\/ChildTheme\/assets\/uploads\/site\/4\/2024\/10\/Emmanuel-Jaquez_Square-2048x2048.jpg 2048w\" sizes=\"auto, (max-width: 1024px) 100vw, 1024px\" \/><\/figure>\n\n\n\n<h3 class=\"wp-block-create-block-gb-text-equal-height  c-item-inlist--title js__equal-height\" data-equal-height-type=\"grid-item-title\">Emmanuel Jazquez<\/h3>\n\n\n\n<p class=\"wp-block-create-block-gb-text  c-item-inlist--description\">Corporate Account Manager<br><strong>STRIVE by STX<\/strong><\/p>\n\n\n\n<a class=\"wp-block-create-block-gb-link d-block  c-item-inlist--read-more\" href=\"#\"><\/a>\n<\/div>\n<\/div>\n\n\n\n<div class=\"wp-block-create-block-gb-grid-item c-col-4\">\n<div class=\"wp-block-create-block-gb-container-block c-item-inlist grid-row\">\n<figure class=\"wp-block-image size-full is-resized\"><img loading=\"lazy\" decoding=\"async\" width=\"800\" height=\"800\" src=\"https:\/\/stxgroup.com\/app\/themes\/ChildTheme\/assets\/uploads\/site\/4\/2024\/06\/Juan-Andrade-1.jpg\" alt=\"\" class=\"wp-image-6999\" style=\"object-fit:cover;width:300px;height:300px\" srcset=\"https:\/\/stxgroup.com\/app\/themes\/ChildTheme\/assets\/uploads\/site\/4\/2024\/06\/Juan-Andrade-1.jpg 800w, https:\/\/stxgroup.com\/app\/themes\/ChildTheme\/assets\/uploads\/site\/4\/2024\/06\/Juan-Andrade-1-300x300.jpg 300w, https:\/\/stxgroup.com\/app\/themes\/ChildTheme\/assets\/uploads\/site\/4\/2024\/06\/Juan-Andrade-1-150x150.jpg 150w, https:\/\/stxgroup.com\/app\/themes\/ChildTheme\/assets\/uploads\/site\/4\/2024\/06\/Juan-Andrade-1-768x768.jpg 768w\" sizes=\"auto, (max-width: 800px) 100vw, 800px\" \/><\/figure>\n\n\n\n<h3 class=\"wp-block-create-block-gb-text-equal-height  c-item-inlist--title js__equal-height\" data-equal-height-type=\"grid-item-title\">Juan Andrade<\/h3>\n\n\n\n<p class=\"wp-block-create-block-gb-text  c-item-inlist--description\">Senior Sales Trader &#8211; Latin America,<br><strong>STX Group<\/strong><\/p>\n\n\n\n<a class=\"wp-block-create-block-gb-link d-block  c-item-inlist--read-more\" href=\"#\"><\/a>\n<\/div>\n<\/div>\n<\/div><\/div>\n\n\n\n\n\n<div class=\"wp-block-create-block-gb-container-content-width row-wide\">\n<p class=\"wp-block-create-block-gb-text\"><strong>Completa el formulario para registrarte en el webinar<\/strong><\/p>\n\n\n\n<div class=\"wp-block-leadin-hubspot-form-block\">\n\t\t\t\t\t\t<script>\n\t\t\t\t\t\t\twindow.hsFormsOnReady = window.hsFormsOnReady || [];\n\t\t\t\t\t\t\twindow.hsFormsOnReady.push(()=>{\n\t\t\t\t\t\t\t\thbspt.forms.create({\n\t\t\t\t\t\t\t\t\tportalId: 27215429,\n\t\t\t\t\t\t\t\t\tformId: \"1d7604db-65e3-4d14-980b-d1e95768c6c2\",\n\t\t\t\t\t\t\t\t\ttarget: \"#hbspt-form-1775240794000-1376261295\",\n\t\t\t\t\t\t\t\t\tregion: \"eu1\",\n\t\t\t\t\t\t\t\t\t\n\t\t\t\t\t\t\t})});\n\t\t\t\t\t\t<\/script>\n\t\t\t\t\t\t<div class=\"hbspt-form\" id=\"hbspt-form-1775240794000-1376261295\"><\/div><\/div>\n\n\n\n<div class=\"c-mb-100\"><\/div>\n<\/div>\n","protected":false},"excerpt":{"rendered":"","protected":false},"author":13,"featured_media":7924,"parent":4166,"menu_order":0,"comment_status":"closed","ping_status":"closed","template":"","meta":{"content-type":"","footnotes":""},"class_list":["post-7922","page","type-page","status-publish","has-post-thumbnail","hentry"],"yoast_head":"<!-- This site is optimized with the Yoast SEO plugin v26.4 - https:\/\/yoast.com\/wordpress\/plugins\/seo\/ -->\n<title>Estrategias de Descarbonizaci\u00f3n de la Industria del Papel: I-REC - STRIVE by STX<\/title>\n<meta name=\"description\" content=\"En este webinar, exploraremos c\u00f3mo la industria del papel puede avanzar en su camino hacia la descarbonizaci\u00f3n.\" \/>\n<meta name=\"robots\" content=\"index, follow, max-snippet:-1, max-image-preview:large, max-video-preview:-1\" \/>\n<link rel=\"canonical\" href=\"https:\/\/stxgroup.com\/strive\/es\/eventos\/estrategias-de-descarbonizacion-de-la-industria-del-papel\/\" \/>\n<meta property=\"og:locale\" content=\"en_US\" \/>\n<meta property=\"og:type\" content=\"article\" \/>\n<meta property=\"og:title\" content=\"Estrategias de Descarbonizaci\u00f3n de la Industria del Papel: I-REC - STRIVE by STX\" \/>\n<meta property=\"og:description\" content=\"En este webinar, exploraremos c\u00f3mo la industria del papel puede avanzar en su camino hacia la descarbonizaci\u00f3n.\" \/>\n<meta property=\"og:url\" content=\"https:\/\/stxgroup.com\/strive\/es\/eventos\/estrategias-de-descarbonizacion-de-la-industria-del-papel\/\" \/>\n<meta property=\"og:site_name\" content=\"STRIVE by STX\" \/>\n<meta property=\"article:modified_time\" content=\"2024-10-15T07:15:08+00:00\" \/>\n<meta property=\"og:image\" content=\"https:\/\/stxgroup.com\/app\/themes\/ChildTheme\/assets\/uploads\/site\/4\/2024\/10\/Camara-del-Papel-MX-webinar-1024x1024.png\" \/>\n\t<meta property=\"og:image:width\" content=\"1024\" \/>\n\t<meta property=\"og:image:height\" content=\"1024\" \/>\n\t<meta property=\"og:image:type\" content=\"image\/png\" \/>\n<meta name=\"twitter:card\" content=\"summary_large_image\" \/>\n<meta name=\"twitter:label1\" content=\"Est. reading time\" \/>\n\t<meta name=\"twitter:data1\" content=\"2 minutes\" \/>\n<script type=\"application\/ld+json\" class=\"yoast-schema-graph\">{\"@context\":\"https:\/\/schema.org\",\"@graph\":[{\"@type\":\"WebPage\",\"@id\":\"https:\/\/stxgroup.com\/strive\/es\/eventos\/estrategias-de-descarbonizacion-de-la-industria-del-papel\/\",\"url\":\"https:\/\/stxgroup.com\/strive\/es\/eventos\/estrategias-de-descarbonizacion-de-la-industria-del-papel\/\",\"name\":\"Estrategias de Descarbonizaci\u00f3n de la Industria del Papel: I-REC - STRIVE by STX\",\"isPartOf\":{\"@id\":\"https:\/\/stxgroup.com\/strive\/#website\"},\"primaryImageOfPage\":{\"@id\":\"https:\/\/stxgroup.com\/strive\/es\/eventos\/estrategias-de-descarbonizacion-de-la-industria-del-papel\/#primaryimage\"},\"image\":{\"@id\":\"https:\/\/stxgroup.com\/strive\/es\/eventos\/estrategias-de-descarbonizacion-de-la-industria-del-papel\/#primaryimage\"},\"thumbnailUrl\":\"https:\/\/stxgroup.com\/app\/themes\/ChildTheme\/assets\/uploads\/site\/4\/2024\/10\/Camara-del-Papel-MX-webinar.png\",\"datePublished\":\"2024-10-09T07:52:43+00:00\",\"dateModified\":\"2024-10-15T07:15:08+00:00\",\"description\":\"En este webinar, exploraremos c\u00f3mo la industria del papel puede avanzar en su camino hacia la descarbonizaci\u00f3n.\",\"breadcrumb\":{\"@id\":\"https:\/\/stxgroup.com\/strive\/es\/eventos\/estrategias-de-descarbonizacion-de-la-industria-del-papel\/#breadcrumb\"},\"inLanguage\":\"en-US\",\"potentialAction\":[{\"@type\":\"ReadAction\",\"target\":[\"https:\/\/stxgroup.com\/strive\/es\/eventos\/estrategias-de-descarbonizacion-de-la-industria-del-papel\/\"]}]},{\"@type\":\"ImageObject\",\"inLanguage\":\"en-US\",\"@id\":\"https:\/\/stxgroup.com\/strive\/es\/eventos\/estrategias-de-descarbonizacion-de-la-industria-del-papel\/#primaryimage\",\"url\":\"https:\/\/stxgroup.com\/app\/themes\/ChildTheme\/assets\/uploads\/site\/4\/2024\/10\/Camara-del-Papel-MX-webinar.png\",\"contentUrl\":\"https:\/\/stxgroup.com\/app\/themes\/ChildTheme\/assets\/uploads\/site\/4\/2024\/10\/Camara-del-Papel-MX-webinar.png\",\"width\":1080,\"height\":1080,\"caption\":\"estategias de descarbonizacion de la industria del papel\"},{\"@type\":\"BreadcrumbList\",\"@id\":\"https:\/\/stxgroup.com\/strive\/es\/eventos\/estrategias-de-descarbonizacion-de-la-industria-del-papel\/#breadcrumb\",\"itemListElement\":[{\"@type\":\"ListItem\",\"position\":1,\"name\":\"Home\",\"item\":\"https:\/\/stxgroup.com\/strive\/\"},{\"@type\":\"ListItem\",\"position\":2,\"name\":\"Events (ES)\",\"item\":\"https:\/\/stxgroup.com\/strive\/es\/eventos\/\"},{\"@type\":\"ListItem\",\"position\":3,\"name\":\"Estrategias de Descarbonizaci\u00f3n de la Industria del Papel: I-REC\"}]},{\"@type\":\"WebSite\",\"@id\":\"https:\/\/stxgroup.com\/strive\/#website\",\"url\":\"https:\/\/stxgroup.com\/strive\/\",\"name\":\"STRIVE by STX\",\"description\":\"We transform climate liabilities into business progress\",\"publisher\":{\"@id\":\"https:\/\/stxgroup.com\/strive\/#organization\"},\"potentialAction\":[{\"@type\":\"SearchAction\",\"target\":{\"@type\":\"EntryPoint\",\"urlTemplate\":\"https:\/\/stxgroup.com\/strive\/?s={search_term_string}\"},\"query-input\":{\"@type\":\"PropertyValueSpecification\",\"valueRequired\":true,\"valueName\":\"search_term_string\"}}],\"inLanguage\":\"en-US\"},{\"@type\":\"Organization\",\"@id\":\"https:\/\/stxgroup.com\/strive\/#organization\",\"name\":\"STRIVE by STX\",\"url\":\"https:\/\/stxgroup.com\/strive\/\",\"logo\":{\"@type\":\"ImageObject\",\"inLanguage\":\"en-US\",\"@id\":\"https:\/\/stxgroup.com\/strive\/#\/schema\/logo\/image\/\",\"url\":\"https:\/\/stxgroup.com\/app\/themes\/ChildTheme\/assets\/uploads\/site\/4\/2023\/02\/strive-logo-header-cutout-2.svg\",\"contentUrl\":\"https:\/\/stxgroup.com\/app\/themes\/ChildTheme\/assets\/uploads\/site\/4\/2023\/02\/strive-logo-header-cutout-2.svg\",\"width\":279,\"height\":130,\"caption\":\"STRIVE by STX\"},\"image\":{\"@id\":\"https:\/\/stxgroup.com\/strive\/#\/schema\/logo\/image\/\"}}]}<\/script>\n<!-- \/ Yoast SEO plugin. -->","yoast_head_json":{"title":"Estrategias de Descarbonizaci\u00f3n de la Industria del Papel: I-REC - STRIVE by STX","description":"En este webinar, exploraremos c\u00f3mo la industria del papel puede avanzar en su camino hacia la descarbonizaci\u00f3n.","robots":{"index":"index","follow":"follow","max-snippet":"max-snippet:-1","max-image-preview":"max-image-preview:large","max-video-preview":"max-video-preview:-1"},"canonical":"https:\/\/stxgroup.com\/strive\/es\/eventos\/estrategias-de-descarbonizacion-de-la-industria-del-papel\/","og_locale":"en_US","og_type":"article","og_title":"Estrategias de Descarbonizaci\u00f3n de la Industria del Papel: I-REC - STRIVE by STX","og_description":"En este webinar, exploraremos c\u00f3mo la industria del papel puede avanzar en su camino hacia la descarbonizaci\u00f3n.","og_url":"https:\/\/stxgroup.com\/strive\/es\/eventos\/estrategias-de-descarbonizacion-de-la-industria-del-papel\/","og_site_name":"STRIVE by STX","article_modified_time":"2024-10-15T07:15:08+00:00","og_image":[{"width":1024,"height":1024,"url":"https:\/\/stxgroup.com\/app\/themes\/ChildTheme\/assets\/uploads\/site\/4\/2024\/10\/Camara-del-Papel-MX-webinar-1024x1024.png","type":"image\/png"}],"twitter_card":"summary_large_image","twitter_misc":{"Est. reading time":"2 minutes"},"schema":{"@context":"https:\/\/schema.org","@graph":[{"@type":"WebPage","@id":"https:\/\/stxgroup.com\/strive\/es\/eventos\/estrategias-de-descarbonizacion-de-la-industria-del-papel\/","url":"https:\/\/stxgroup.com\/strive\/es\/eventos\/estrategias-de-descarbonizacion-de-la-industria-del-papel\/","name":"Estrategias de Descarbonizaci\u00f3n de la Industria del Papel: I-REC - STRIVE by STX","isPartOf":{"@id":"https:\/\/stxgroup.com\/strive\/#website"},"primaryImageOfPage":{"@id":"https:\/\/stxgroup.com\/strive\/es\/eventos\/estrategias-de-descarbonizacion-de-la-industria-del-papel\/#primaryimage"},"image":{"@id":"https:\/\/stxgroup.com\/strive\/es\/eventos\/estrategias-de-descarbonizacion-de-la-industria-del-papel\/#primaryimage"},"thumbnailUrl":"https:\/\/stxgroup.com\/app\/themes\/ChildTheme\/assets\/uploads\/site\/4\/2024\/10\/Camara-del-Papel-MX-webinar.png","datePublished":"2024-10-09T07:52:43+00:00","dateModified":"2024-10-15T07:15:08+00:00","description":"En este webinar, exploraremos c\u00f3mo la industria del papel puede avanzar en su camino hacia la descarbonizaci\u00f3n.","breadcrumb":{"@id":"https:\/\/stxgroup.com\/strive\/es\/eventos\/estrategias-de-descarbonizacion-de-la-industria-del-papel\/#breadcrumb"},"inLanguage":"en-US","potentialAction":[{"@type":"ReadAction","target":["https:\/\/stxgroup.com\/strive\/es\/eventos\/estrategias-de-descarbonizacion-de-la-industria-del-papel\/"]}]},{"@type":"ImageObject","inLanguage":"en-US","@id":"https:\/\/stxgroup.com\/strive\/es\/eventos\/estrategias-de-descarbonizacion-de-la-industria-del-papel\/#primaryimage","url":"https:\/\/stxgroup.com\/app\/themes\/ChildTheme\/assets\/uploads\/site\/4\/2024\/10\/Camara-del-Papel-MX-webinar.png","contentUrl":"https:\/\/stxgroup.com\/app\/themes\/ChildTheme\/assets\/uploads\/site\/4\/2024\/10\/Camara-del-Papel-MX-webinar.png","width":1080,"height":1080,"caption":"estategias de descarbonizacion de la industria del papel"},{"@type":"BreadcrumbList","@id":"https:\/\/stxgroup.com\/strive\/es\/eventos\/estrategias-de-descarbonizacion-de-la-industria-del-papel\/#breadcrumb","itemListElement":[{"@type":"ListItem","position":1,"name":"Home","item":"https:\/\/stxgroup.com\/strive\/"},{"@type":"ListItem","position":2,"name":"Events (ES)","item":"https:\/\/stxgroup.com\/strive\/es\/eventos\/"},{"@type":"ListItem","position":3,"name":"Estrategias de Descarbonizaci\u00f3n de la Industria del Papel: I-REC"}]},{"@type":"WebSite","@id":"https:\/\/stxgroup.com\/strive\/#website","url":"https:\/\/stxgroup.com\/strive\/","name":"STRIVE by STX","description":"We transform climate liabilities into business progress","publisher":{"@id":"https:\/\/stxgroup.com\/strive\/#organization"},"potentialAction":[{"@type":"SearchAction","target":{"@type":"EntryPoint","urlTemplate":"https:\/\/stxgroup.com\/strive\/?s={search_term_string}"},"query-input":{"@type":"PropertyValueSpecification","valueRequired":true,"valueName":"search_term_string"}}],"inLanguage":"en-US"},{"@type":"Organization","@id":"https:\/\/stxgroup.com\/strive\/#organization","name":"STRIVE by STX","url":"https:\/\/stxgroup.com\/strive\/","logo":{"@type":"ImageObject","inLanguage":"en-US","@id":"https:\/\/stxgroup.com\/strive\/#\/schema\/logo\/image\/","url":"https:\/\/stxgroup.com\/app\/themes\/ChildTheme\/assets\/uploads\/site\/4\/2023\/02\/strive-logo-header-cutout-2.svg","contentUrl":"https:\/\/stxgroup.com\/app\/themes\/ChildTheme\/assets\/uploads\/site\/4\/2023\/02\/strive-logo-header-cutout-2.svg","width":279,"height":130,"caption":"STRIVE by STX"},"image":{"@id":"https:\/\/stxgroup.com\/strive\/#\/schema\/logo\/image\/"}}]}},"lang":"es","translations":{"es":7922},"pll_sync_post":[],"_links":{"self":[{"href":"https:\/\/stxgroup.com\/strive\/wp-json\/wp\/v2\/pages\/7922","targetHints":{"allow":["GET"]}}],"collection":[{"href":"https:\/\/stxgroup.com\/strive\/wp-json\/wp\/v2\/pages"}],"about":[{"href":"https:\/\/stxgroup.com\/strive\/wp-json\/wp\/v2\/types\/page"}],"author":[{"embeddable":true,"href":"https:\/\/stxgroup.com\/strive\/wp-json\/wp\/v2\/users\/13"}],"replies":[{"embeddable":true,"href":"https:\/\/stxgroup.com\/strive\/wp-json\/wp\/v2\/comments?post=7922"}],"version-history":[{"count":18,"href":"https:\/\/stxgroup.com\/strive\/wp-json\/wp\/v2\/pages\/7922\/revisions"}],"predecessor-version":[{"id":7990,"href":"https:\/\/stxgroup.com\/strive\/wp-json\/wp\/v2\/pages\/7922\/revisions\/7990"}],"up":[{"embeddable":true,"href":"https:\/\/stxgroup.com\/strive\/wp-json\/wp\/v2\/pages\/4166"}],"wp:featuredmedia":[{"embeddable":true,"href":"https:\/\/stxgroup.com\/strive\/wp-json\/wp\/v2\/media\/7924"}],"wp:attachment":[{"href":"https:\/\/stxgroup.com\/strive\/wp-json\/wp\/v2\/media?parent=7922"}],"curies":[{"name":"wp","href":"https:\/\/api.w.org\/{rel}","templated":true}]}}