{"id":7783,"date":"2024-09-23T17:17:42","date_gmt":"2024-09-23T15:17:42","guid":{"rendered":"https:\/\/stxgroup.com\/strive\/?page_id=7783"},"modified":"2024-09-23T17:42:19","modified_gmt":"2024-09-23T15:42:19","slug":"zakup-energii-odnawialnej-dla-przedsiebiorstw","status":"publish","type":"page","link":"https:\/\/stxgroup.com\/strive\/pl\/publikacje\/zakup-energii-odnawialnej-dla-przedsiebiorstw\/","title":{"rendered":"Renewable Energy Procurement for Corporates &#8211; download page (Poland)"},"content":{"rendered":"\r\n      <section class=\"c-hero c-hero--size_l c-hero--variation_center-left-2\"\r\n      style=\"\r\n      background-image: url(https:\/\/stxgroup.com\/app\/themes\/ChildTheme\/assets\/uploads\/site\/4\/2023\/10\/dan-meyers-vouoK_daWL8-unsplash-scaled.jpg);\r\n      background-color: #141729;\r\n      \">\r\n      <div class=\"c-hero--inner\">\r\n          <a href=\"javascript:history.back()\" class=\"c-hero--back-action c-button--simple\">\r\n            <svg viewBox=\"0 0 700 700\" xmlns=\"http:\/\/www.w3.org\/2000\/svg\">\n  <path d=\"M 396.387 150.142 L 240.773 302.804 L 586.236 301.664 L 587.946 399.102 L 244.194 399.102 L 394.669 548.412 L 330.045 616.001 L 63.692 350.381 L 327.764 84 Z\"\/>\n<\/svg>\r\n            <span>BACK<\/span>\r\n          <\/a>\r\n          <h1 class=\"c-hero--title\">Bia\u0142a ksi\u0119ga:\r\n\r\n<strong>ZAKUP ENERGII ODNAWIALNEJ DLA PRZEDSI\u0118BIORSTW<\/strong><\/h1>\r\n      <\/div>\r\n      <\/section>\r\n      \n\n\n<div class=\"c-button-right-line c-row--expanded\"><div class=\"rhombus rhombus--color-mirage c-row--expanded-col-last c-row--expanded-col-3\"><div class=\"c-row--expanded--inner\"><a href=\"#pobierz-teraz\" class=\"c-button\"><span>POBIERZ TERAZ<\/span><\/a><\/div><\/div><\/div>\n\n\n\n<div class=\"c-mb-20\"><\/div>\n\n\n\n<div class=\"wp-block-create-block-gb-container-content-width row-wide\">\n<div class=\"wp-block-columns is-layout-flex wp-container-core-columns-is-layout-1 wp-block-columns-is-layout-flex\">\n<div class=\"wp-block-column is-layout-flow wp-block-column-is-layout-flow\">\n<p><strong>Globalne d\u0105\u017cenie do zr\u00f3wnowa\u017conego rozwoju i walki ze zmianami klimatycznymi spowodowa\u0142o niezwyk\u0142\u0105 transformacj\u0119 na rynku energii odnawialnej. <\/strong>Aby osi\u0105gn\u0105\u0107 te cele, wiele firm zacz\u0119\u0142o definiowa\u0107 cele w zakresie redukcji lub eliminacji emisji wynikaj\u0105cych ze zu\u017cycia energii elektrycznej poprzez zakup energii elektrycznej z odnawialnych \u017ar\u00f3de\u0142.<\/p>\n\n\n\n<p>Organizacje aktywnie analizuj\u0105 r\u00f3\u017cne formu\u0142y pozyskiwania energii elektrycznej ze \u017ar\u00f3de\u0142 odnawialnych. Umowy zakupu energii (PPA), wirtualne umowy zakupu energii (VPPA) i bezpo\u015brednie zakupy gwarancji pochodzenia (EAC) sta\u0142y si\u0119 najpopularniejszymi metodami dla korporacji w celu zmniejszenia emisji w zakresie 2.<\/p>\n\n\n\n<p>Poniewa\u017c zapotrzebowanie na energi\u0119 odnawialn\u0105 stale ro\u015bnie, pojawia si\u0119 wiele pyta\u0144.<\/p>\n\n\n\n<p>Jaka jest najbardziej efektywna strategia dla mojej organizacji? Czy to wystarczy, aby osi\u0105gn\u0105\u0107 moje cele w zakresie zr\u00f3wnowa\u017conego rozwoju? Jakie podej\u015bcie mo\u017ce u\u0142atwi\u0107 ci\u0105g\u0142y i efektywny wzrost w sektorze energii odnawialnej?<\/p>\n\n\n\n<p>S\u0105 to krytyczne pytania, kt\u00f3re organizacje musz\u0105 rozwa\u017cy\u0107, rozpoczynaj\u0105c swoj\u0105 przygod\u0119 z zakupami energii odnawialnej.<\/p>\n<\/div>\n\n\n\n<div class=\"wp-block-column has-background is-layout-flow wp-block-column-is-layout-flow\" style=\"background-color:#50637d;padding-right:var(--wp--preset--spacing--30);padding-left:var(--wp--preset--spacing--30)\">\n<div class=\"wp-block-create-block-gb-container-block\">\n<div class=\"c-mb-50\"><\/div>\n\n\n\n<div id=\"pobierz-teraz\"><\/div>\n\n\n\n<p class=\"wp-block-create-block-gb-text  text-center has-base-color has-text-color has-link-color wp-elements-d0cbf1dc4ccf4e7e8ab677ad985bbd84\"><strong>UZUPE\u0141NIJ FORMULARZ, ABY POBRA\u0106 DOKUMENT.<\/strong><\/p>\n\n\n\n<div class=\"wp-block-leadin-hubspot-form-block\">\n\t\t\t\t\t\t<script>\n\t\t\t\t\t\t\twindow.hsFormsOnReady = window.hsFormsOnReady || [];\n\t\t\t\t\t\t\twindow.hsFormsOnReady.push(()=>{\n\t\t\t\t\t\t\t\thbspt.forms.create({\n\t\t\t\t\t\t\t\t\tportalId: 27215429,\n\t\t\t\t\t\t\t\t\tformId: \"526a5455-d8cc-4389-94bb-a59047002e68\",\n\t\t\t\t\t\t\t\t\ttarget: \"#hbspt-form-1775696381000-9284666018\",\n\t\t\t\t\t\t\t\t\tregion: \"eu1\",\n\t\t\t\t\t\t\t\t\t\n\t\t\t\t\t\t\t})});\n\t\t\t\t\t\t<\/script>\n\t\t\t\t\t\t<div class=\"hbspt-form\" id=\"hbspt-form-1775696381000-9284666018\"><\/div><\/div>\n\n\n\n<div class=\"c-mb-20\"><\/div>\n<\/div>\n<\/div>\n<\/div>\n\n\n\n<div class=\"c-mb-100\"><\/div>\n<\/div>\n","protected":false},"excerpt":{"rendered":"","protected":false},"author":13,"featured_media":4528,"parent":7781,"menu_order":0,"comment_status":"closed","ping_status":"closed","template":"","meta":{"content-type":"","footnotes":""},"class_list":["post-7783","page","type-page","status-publish","has-post-thumbnail","hentry"],"yoast_head":"<!-- This site is optimized with the Yoast SEO plugin v26.4 - https:\/\/yoast.com\/wordpress\/plugins\/seo\/ -->\n<title>Zakup energii odnawialnej dla przedsi\u0119biorstw | STRIVE by STX<\/title>\n<meta name=\"description\" content=\"Zdob\u0105d\u017a cenne informacje na temat zakupu energii odnawialnej dla przedsi\u0119biorstw, pobieraj\u0105c nasz dokument informacyjny dla przedsi\u0119biorstw.\" \/>\n<meta name=\"robots\" content=\"index, follow, max-snippet:-1, max-image-preview:large, max-video-preview:-1\" \/>\n<link rel=\"canonical\" href=\"https:\/\/stxgroup.com\/strive\/pl\/publikacje\/zakup-energii-odnawialnej-dla-przedsiebiorstw\/\" \/>\n<meta property=\"og:locale\" content=\"en_US\" \/>\n<meta property=\"og:type\" content=\"article\" \/>\n<meta property=\"og:title\" content=\"Zakup energii odnawialnej dla przedsi\u0119biorstw | STRIVE by STX\" \/>\n<meta property=\"og:description\" content=\"Zdob\u0105d\u017a cenne informacje na temat zakupu energii odnawialnej dla przedsi\u0119biorstw, pobieraj\u0105c nasz dokument informacyjny dla przedsi\u0119biorstw.\" \/>\n<meta property=\"og:url\" content=\"https:\/\/stxgroup.com\/strive\/pl\/publikacje\/zakup-energii-odnawialnej-dla-przedsiebiorstw\/\" \/>\n<meta property=\"og:site_name\" content=\"STRIVE by STX\" \/>\n<meta property=\"article:modified_time\" content=\"2024-09-23T15:42:19+00:00\" \/>\n<meta property=\"og:image\" content=\"https:\/\/stxgroup.com\/app\/themes\/ChildTheme\/assets\/uploads\/site\/4\/2023\/10\/dan-meyers-vouoK_daWL8-unsplash-scaled.jpg\" \/>\n\t<meta property=\"og:image:width\" content=\"2560\" \/>\n\t<meta property=\"og:image:height\" content=\"1707\" \/>\n\t<meta property=\"og:image:type\" content=\"image\/jpeg\" \/>\n<meta name=\"twitter:card\" content=\"summary_large_image\" \/>\n<meta name=\"twitter:label1\" content=\"Est. reading time\" \/>\n\t<meta name=\"twitter:data1\" content=\"1 minute\" \/>\n<script type=\"application\/ld+json\" class=\"yoast-schema-graph\">{\"@context\":\"https:\/\/schema.org\",\"@graph\":[{\"@type\":\"WebPage\",\"@id\":\"https:\/\/stxgroup.com\/strive\/pl\/publikacje\/zakup-energii-odnawialnej-dla-przedsiebiorstw\/\",\"url\":\"https:\/\/stxgroup.com\/strive\/pl\/publikacje\/zakup-energii-odnawialnej-dla-przedsiebiorstw\/\",\"name\":\"Zakup energii odnawialnej dla przedsi\u0119biorstw | STRIVE by STX\",\"isPartOf\":{\"@id\":\"https:\/\/stxgroup.com\/strive\/#website\"},\"primaryImageOfPage\":{\"@id\":\"https:\/\/stxgroup.com\/strive\/pl\/publikacje\/zakup-energii-odnawialnej-dla-przedsiebiorstw\/#primaryimage\"},\"image\":{\"@id\":\"https:\/\/stxgroup.com\/strive\/pl\/publikacje\/zakup-energii-odnawialnej-dla-przedsiebiorstw\/#primaryimage\"},\"thumbnailUrl\":\"https:\/\/stxgroup.com\/app\/themes\/ChildTheme\/assets\/uploads\/site\/4\/2023\/10\/dan-meyers-vouoK_daWL8-unsplash-scaled.jpg\",\"datePublished\":\"2024-09-23T15:17:42+00:00\",\"dateModified\":\"2024-09-23T15:42:19+00:00\",\"description\":\"Zdob\u0105d\u017a cenne informacje na temat zakupu energii odnawialnej dla przedsi\u0119biorstw, pobieraj\u0105c nasz dokument informacyjny dla przedsi\u0119biorstw.\",\"breadcrumb\":{\"@id\":\"https:\/\/stxgroup.com\/strive\/pl\/publikacje\/zakup-energii-odnawialnej-dla-przedsiebiorstw\/#breadcrumb\"},\"inLanguage\":\"en-US\",\"potentialAction\":[{\"@type\":\"ReadAction\",\"target\":[\"https:\/\/stxgroup.com\/strive\/pl\/publikacje\/zakup-energii-odnawialnej-dla-przedsiebiorstw\/\"]}]},{\"@type\":\"ImageObject\",\"inLanguage\":\"en-US\",\"@id\":\"https:\/\/stxgroup.com\/strive\/pl\/publikacje\/zakup-energii-odnawialnej-dla-przedsiebiorstw\/#primaryimage\",\"url\":\"https:\/\/stxgroup.com\/app\/themes\/ChildTheme\/assets\/uploads\/site\/4\/2023\/10\/dan-meyers-vouoK_daWL8-unsplash-scaled.jpg\",\"contentUrl\":\"https:\/\/stxgroup.com\/app\/themes\/ChildTheme\/assets\/uploads\/site\/4\/2023\/10\/dan-meyers-vouoK_daWL8-unsplash-scaled.jpg\",\"width\":2560,\"height\":1707,\"caption\":\"renewable energy procurement\"},{\"@type\":\"BreadcrumbList\",\"@id\":\"https:\/\/stxgroup.com\/strive\/pl\/publikacje\/zakup-energii-odnawialnej-dla-przedsiebiorstw\/#breadcrumb\",\"itemListElement\":[{\"@type\":\"ListItem\",\"position\":1,\"name\":\"Home\",\"item\":\"https:\/\/stxgroup.com\/strive\/\"},{\"@type\":\"ListItem\",\"position\":2,\"name\":\"Publications PO\",\"item\":\"https:\/\/stxgroup.com\/strive\/pl\/publikacje\/\"},{\"@type\":\"ListItem\",\"position\":3,\"name\":\"Renewable Energy Procurement for Corporates &#8211; download page (Poland)\"}]},{\"@type\":\"WebSite\",\"@id\":\"https:\/\/stxgroup.com\/strive\/#website\",\"url\":\"https:\/\/stxgroup.com\/strive\/\",\"name\":\"STRIVE by STX\",\"description\":\"We transform climate liabilities into business progress\",\"publisher\":{\"@id\":\"https:\/\/stxgroup.com\/strive\/#organization\"},\"potentialAction\":[{\"@type\":\"SearchAction\",\"target\":{\"@type\":\"EntryPoint\",\"urlTemplate\":\"https:\/\/stxgroup.com\/strive\/?s={search_term_string}\"},\"query-input\":{\"@type\":\"PropertyValueSpecification\",\"valueRequired\":true,\"valueName\":\"search_term_string\"}}],\"inLanguage\":\"en-US\"},{\"@type\":\"Organization\",\"@id\":\"https:\/\/stxgroup.com\/strive\/#organization\",\"name\":\"STRIVE by STX\",\"url\":\"https:\/\/stxgroup.com\/strive\/\",\"logo\":{\"@type\":\"ImageObject\",\"inLanguage\":\"en-US\",\"@id\":\"https:\/\/stxgroup.com\/strive\/#\/schema\/logo\/image\/\",\"url\":\"https:\/\/stxgroup.com\/app\/themes\/ChildTheme\/assets\/uploads\/site\/4\/2023\/02\/strive-logo-header-cutout-2.svg\",\"contentUrl\":\"https:\/\/stxgroup.com\/app\/themes\/ChildTheme\/assets\/uploads\/site\/4\/2023\/02\/strive-logo-header-cutout-2.svg\",\"width\":279,\"height\":130,\"caption\":\"STRIVE by STX\"},\"image\":{\"@id\":\"https:\/\/stxgroup.com\/strive\/#\/schema\/logo\/image\/\"}}]}<\/script>\n<!-- \/ Yoast SEO plugin. -->","yoast_head_json":{"title":"Zakup energii odnawialnej dla przedsi\u0119biorstw | STRIVE by STX","description":"Zdob\u0105d\u017a cenne informacje na temat zakupu energii odnawialnej dla przedsi\u0119biorstw, pobieraj\u0105c nasz dokument informacyjny dla przedsi\u0119biorstw.","robots":{"index":"index","follow":"follow","max-snippet":"max-snippet:-1","max-image-preview":"max-image-preview:large","max-video-preview":"max-video-preview:-1"},"canonical":"https:\/\/stxgroup.com\/strive\/pl\/publikacje\/zakup-energii-odnawialnej-dla-przedsiebiorstw\/","og_locale":"en_US","og_type":"article","og_title":"Zakup energii odnawialnej dla przedsi\u0119biorstw | STRIVE by STX","og_description":"Zdob\u0105d\u017a cenne informacje na temat zakupu energii odnawialnej dla przedsi\u0119biorstw, pobieraj\u0105c nasz dokument informacyjny dla przedsi\u0119biorstw.","og_url":"https:\/\/stxgroup.com\/strive\/pl\/publikacje\/zakup-energii-odnawialnej-dla-przedsiebiorstw\/","og_site_name":"STRIVE by STX","article_modified_time":"2024-09-23T15:42:19+00:00","og_image":[{"width":2560,"height":1707,"url":"https:\/\/stxgroup.com\/app\/themes\/ChildTheme\/assets\/uploads\/site\/4\/2023\/10\/dan-meyers-vouoK_daWL8-unsplash-scaled.jpg","type":"image\/jpeg"}],"twitter_card":"summary_large_image","twitter_misc":{"Est. reading time":"1 minute"},"schema":{"@context":"https:\/\/schema.org","@graph":[{"@type":"WebPage","@id":"https:\/\/stxgroup.com\/strive\/pl\/publikacje\/zakup-energii-odnawialnej-dla-przedsiebiorstw\/","url":"https:\/\/stxgroup.com\/strive\/pl\/publikacje\/zakup-energii-odnawialnej-dla-przedsiebiorstw\/","name":"Zakup energii odnawialnej dla przedsi\u0119biorstw | STRIVE by STX","isPartOf":{"@id":"https:\/\/stxgroup.com\/strive\/#website"},"primaryImageOfPage":{"@id":"https:\/\/stxgroup.com\/strive\/pl\/publikacje\/zakup-energii-odnawialnej-dla-przedsiebiorstw\/#primaryimage"},"image":{"@id":"https:\/\/stxgroup.com\/strive\/pl\/publikacje\/zakup-energii-odnawialnej-dla-przedsiebiorstw\/#primaryimage"},"thumbnailUrl":"https:\/\/stxgroup.com\/app\/themes\/ChildTheme\/assets\/uploads\/site\/4\/2023\/10\/dan-meyers-vouoK_daWL8-unsplash-scaled.jpg","datePublished":"2024-09-23T15:17:42+00:00","dateModified":"2024-09-23T15:42:19+00:00","description":"Zdob\u0105d\u017a cenne informacje na temat zakupu energii odnawialnej dla przedsi\u0119biorstw, pobieraj\u0105c nasz dokument informacyjny dla przedsi\u0119biorstw.","breadcrumb":{"@id":"https:\/\/stxgroup.com\/strive\/pl\/publikacje\/zakup-energii-odnawialnej-dla-przedsiebiorstw\/#breadcrumb"},"inLanguage":"en-US","potentialAction":[{"@type":"ReadAction","target":["https:\/\/stxgroup.com\/strive\/pl\/publikacje\/zakup-energii-odnawialnej-dla-przedsiebiorstw\/"]}]},{"@type":"ImageObject","inLanguage":"en-US","@id":"https:\/\/stxgroup.com\/strive\/pl\/publikacje\/zakup-energii-odnawialnej-dla-przedsiebiorstw\/#primaryimage","url":"https:\/\/stxgroup.com\/app\/themes\/ChildTheme\/assets\/uploads\/site\/4\/2023\/10\/dan-meyers-vouoK_daWL8-unsplash-scaled.jpg","contentUrl":"https:\/\/stxgroup.com\/app\/themes\/ChildTheme\/assets\/uploads\/site\/4\/2023\/10\/dan-meyers-vouoK_daWL8-unsplash-scaled.jpg","width":2560,"height":1707,"caption":"renewable energy procurement"},{"@type":"BreadcrumbList","@id":"https:\/\/stxgroup.com\/strive\/pl\/publikacje\/zakup-energii-odnawialnej-dla-przedsiebiorstw\/#breadcrumb","itemListElement":[{"@type":"ListItem","position":1,"name":"Home","item":"https:\/\/stxgroup.com\/strive\/"},{"@type":"ListItem","position":2,"name":"Publications PO","item":"https:\/\/stxgroup.com\/strive\/pl\/publikacje\/"},{"@type":"ListItem","position":3,"name":"Renewable Energy Procurement for Corporates &#8211; download page (Poland)"}]},{"@type":"WebSite","@id":"https:\/\/stxgroup.com\/strive\/#website","url":"https:\/\/stxgroup.com\/strive\/","name":"STRIVE by STX","description":"We transform climate liabilities into business progress","publisher":{"@id":"https:\/\/stxgroup.com\/strive\/#organization"},"potentialAction":[{"@type":"SearchAction","target":{"@type":"EntryPoint","urlTemplate":"https:\/\/stxgroup.com\/strive\/?s={search_term_string}"},"query-input":{"@type":"PropertyValueSpecification","valueRequired":true,"valueName":"search_term_string"}}],"inLanguage":"en-US"},{"@type":"Organization","@id":"https:\/\/stxgroup.com\/strive\/#organization","name":"STRIVE by STX","url":"https:\/\/stxgroup.com\/strive\/","logo":{"@type":"ImageObject","inLanguage":"en-US","@id":"https:\/\/stxgroup.com\/strive\/#\/schema\/logo\/image\/","url":"https:\/\/stxgroup.com\/app\/themes\/ChildTheme\/assets\/uploads\/site\/4\/2023\/02\/strive-logo-header-cutout-2.svg","contentUrl":"https:\/\/stxgroup.com\/app\/themes\/ChildTheme\/assets\/uploads\/site\/4\/2023\/02\/strive-logo-header-cutout-2.svg","width":279,"height":130,"caption":"STRIVE by STX"},"image":{"@id":"https:\/\/stxgroup.com\/strive\/#\/schema\/logo\/image\/"}}]}},"lang":"pl","translations":{"pl":7783,"sv":5278,"en":4514},"pll_sync_post":[],"_links":{"self":[{"href":"https:\/\/stxgroup.com\/strive\/wp-json\/wp\/v2\/pages\/7783","targetHints":{"allow":["GET"]}}],"collection":[{"href":"https:\/\/stxgroup.com\/strive\/wp-json\/wp\/v2\/pages"}],"about":[{"href":"https:\/\/stxgroup.com\/strive\/wp-json\/wp\/v2\/types\/page"}],"author":[{"embeddable":true,"href":"https:\/\/stxgroup.com\/strive\/wp-json\/wp\/v2\/users\/13"}],"replies":[{"embeddable":true,"href":"https:\/\/stxgroup.com\/strive\/wp-json\/wp\/v2\/comments?post=7783"}],"version-history":[{"count":7,"href":"https:\/\/stxgroup.com\/strive\/wp-json\/wp\/v2\/pages\/7783\/revisions"}],"predecessor-version":[{"id":7792,"href":"https:\/\/stxgroup.com\/strive\/wp-json\/wp\/v2\/pages\/7783\/revisions\/7792"}],"up":[{"embeddable":true,"href":"https:\/\/stxgroup.com\/strive\/wp-json\/wp\/v2\/pages\/7781"}],"wp:featuredmedia":[{"embeddable":true,"href":"https:\/\/stxgroup.com\/strive\/wp-json\/wp\/v2\/media\/4528"}],"wp:attachment":[{"href":"https:\/\/stxgroup.com\/strive\/wp-json\/wp\/v2\/media?parent=7783"}],"curies":[{"name":"wp","href":"https:\/\/api.w.org\/{rel}","templated":true}]}}