{"id":7752,"date":"2024-09-20T12:44:52","date_gmt":"2024-09-20T10:44:52","guid":{"rendered":"https:\/\/stxgroup.com\/strive\/?page_id=7752"},"modified":"2024-10-24T14:40:48","modified_gmt":"2024-10-24T12:40:48","slug":"kosten-von-co2-emissionen-strategien-zur-dekarbonisierung-von-scope-1-2","status":"publish","type":"page","link":"https:\/\/stxgroup.com\/strive\/de\/veranstaltungen\/kosten-von-co2-emissionen-strategien-zur-dekarbonisierung-von-scope-1-2\/","title":{"rendered":"Cometis x STRIVE webinar"},"content":{"rendered":"\n<section class=\"wp-block-create-block-gb-hero c-hero c-hero--size_s c-hero--variation_center-left c-hero--bg_position_cc\" style=\"background-image:url(https:\/\/stxgroup.com\/app\/themes\/ChildTheme\/assets\/uploads\/site\/4\/2024\/09\/david-marcu-78A265wPiO4-unsplash-1-scaled.jpg);background-color:#141729\">\n<div class=\"wp-block-create-block-gb-container-block c-hero--inner\"><\/div>\n<\/section>\n\n\n\n<div class=\"c-mb-100\"><\/div>\n\n\n\n<div class=\"row-wide\"><div class=\"c-heading-simple\"><h1 class=\"c-heading-simple--title\">On-demand webinar<br><strong>Kosten von CO2-Emissionen: STRATEGIEN ZUR DEKARBONISIERUNG VON SCOPE 1 &amp; 2<\/strong><\/h1><\/div><\/div>\n\n\n\n<div class=\"wp-block-create-block-gb-alternate-right-row c-item-inrow c-row--expanded c-item-inrow--side__right c-item-inrow--bgcolor__rock\">\n<div class=\"wp-block-create-block-gb-container-block c-item-inrow--content c-row--expanded-col-6\">\n<div class=\"wp-block-create-block-gb-container-block c-row--expanded--inner\">\n<h2 class=\"wp-block-create-block-gb-text  c-item-inrow--title\">22 Oktober, 10:00 Uhr MEZ.<\/h2>\n\n\n\n<p class=\"wp-block-create-block-gb-text  c-item-inrow--description\">Nehmen Sie an unserem n\u00e4chsten Webinar teil<br>Befassen Sie sich mit Dekarbonisierung und damit CO2-Preisen? Wurden Sie\u00a0mit global unterschiedlichen Preisen und Informationen konfrontiert? Wir laden Sie herzlich ein zu unserem Webinar, rund um die neuesten Entwicklungen von CO2-Preisen, verschiedenen Werkzeugen der CO2-Reduktion sowie Dekarbonsierungsstrategien f\u00fcr Scope 1- und 2.<\/p>\n\n\n\n<a href=\"#jetzt-anmelden\" class=\"c-button   c-button--aligned\"><span class=\"wp-block-create-block-gb-link-rhombus\">GREIFEN SIE AUF DIE WEBINAR-AUFZEICHNUNG ZU<\/span><\/a>\n<\/div>\n<\/div>\n\n\n\n<div class=\"wp-block-create-block-gb-container-block c-item-inrow--image c-row--expanded-col-6\">\n<div class=\"c-item-inrow--image--content c-row--expanded--inner\">\n<div class=\"c-img-rhombus  c-img-rhombus--right\"><img decoding=\"async\" alt=\"1-688f30bd\" src=\"https:\/\/stxgroup.com\/app\/themes\/ChildTheme\/assets\/uploads\/site\/4\/2024\/09\/1-688f30bd.jpeg\" \/><\/div>\n<\/div>\n<\/div>\n<\/div>\n\n\n\n<div class=\"c-mb-50\"><\/div>\n\n\n\n<div class=\"row-wide\"><div class=\"c-heading-simple\"><h1 class=\"c-heading-simple--title\">Was Sie erwarten k\u00f6nnen<\/h1><\/div><\/div>\n\n\n\n<div class=\"wp-block-create-block-gb-container-content-width row-wide\">\n<p class=\"wp-block-create-block-gb-text\">Dieses Webinar, von STRIVE by STX und cometis AG, richtet sich an Unternehmen, die mit sich st\u00e4ndig wandelnden CO2-M\u00e4rkten und Dekarbonisierungsstrategien konfrontiert sind \u2013 und herausfinden wollen, welchen Einfluss diese dynamische Landschaft aus Regulatorik und Marktmechanismen auf Ihre eigenen Bem\u00fchungen zur Dekarboniserung hat. Unsere Experten werden sich sowohl mit den Compliance-, als auch den voluntary CO2-M\u00e4rkten befassen und Ihnen Hinweise und Tipps an die Hand gebengeben, wie Sie ihre Dekarbonsierungsinitiativen priorisieren k\u00f6nnen, um eine kosteneffiziente und nachhaltige Roadmap zu entwickeln.<\/p>\n<\/div>\n\n\n\n<div class=\"c-mb-50\"><\/div>\n\n\n\n<div class=\"row-wide\"><div class=\"c-heading-simple\"><h1 class=\"c-heading-simple--title\">Tagesordnung<\/h1><\/div><\/div>\n\n\n\n<div class=\"wp-block-create-block-gb-container-content-width row-wide\">\n<p class=\"wp-block-create-block-gb-text\">In dieser fesselnden Sitzung werden Sie:<\/p>\n\n\n\n<ul class=\"wp-block-list\">\n<li><strong>Orientierung in globalen CO2-M\u00e4rkten: <\/strong>Gewinnen Sie ein umfassendes Verst\u00e4ndnis der globalen M\u00e4rkte f\u00fcr die Einhaltung von Vorschriften und f\u00fcr freiwillige Emissionsreduzierungen und erfahren Sie, wie diese M\u00e4rkte genutzt werden k\u00f6nnen, um die Emissionsreduzierungsziele Ihres Unternehmens zu erreichen.<\/li>\n\n\n\n<li><strong>Verstehen Sie die Wechselwirkungen zwischen CO2-Preisen:<\/strong> Lernen Sie die Zusammenh\u00e4nge zwischen den globalen CO2-Preisen und deren Auswirkungen auf Ihre Dekarbonisierungsstrategie kennen.<\/li>\n\n\n\n<li><strong>Effektive Dekarbonisierungspfade aufbauen: <\/strong>Erhalten Sie praktische Einblicke in die Festlegung von Priorit\u00e4ten, die Zuteilung von Ressourcen und die Entwicklung von umsetzbaren Pl\u00e4nen zur Erreichung der Ziele f\u00fcr die Emissionsreduzierung nach Scope 1 und 2.<\/li>\n\n\n\n<li><strong>Interaktive Q&amp;A:<\/strong> Sprechen Sie Ihre spezifischen Herausforderungen an und lassen Sie sich von Experten beraten, wie Sie sich in globalen M\u00e4rkten zur CO2-Reduktion effektiv bewegen.<\/li>\n<\/ul>\n<\/div>\n\n\n\n<div class=\"c-mb-50\"><\/div>\n\n\n\n<div class=\"row-wide\"><div class=\"c-heading-simple\"><h1 class=\"c-heading-simple--title\">Referenten<\/h1><\/div><\/div>\n\n\n\n<div class=\"row-wide grid-row\"><div class=\"wp-block-create-block-gb-grid-row c-row\">\n<div class=\"wp-block-create-block-gb-grid-item c-col-4\">\n<div class=\"wp-block-create-block-gb-container-block c-item-inlist grid-row\">\n<figure class=\"wp-block-create-block-gb-image c-image c-item-inlist--image c-block-rhombus--corners c-block-rhombus--br__color-white c-block-rhombus--tl__color-white\"><img decoding=\"async\" class=\"\" src=\"https:\/\/stxgroup.com\/app\/themes\/ChildTheme\/assets\/uploads\/site\/4\/2024\/09\/Tim-1.jpg\" \/><\/figure>\n\n\n\n<h3 class=\"wp-block-create-block-gb-text-equal-height  c-item-inlist--title js__equal-height\" data-equal-height-type=\"grid-item-title\">Tim Grossheimann<\/h3>\n\n\n\n<p class=\"wp-block-create-block-gb-text  c-item-inlist--description\">Regional Lead Central Europe<br><strong>STRIVE by STX<\/strong><\/p>\n<\/div>\n<\/div>\n\n\n\n<div class=\"wp-block-create-block-gb-grid-item c-col-4\">\n<div class=\"wp-block-create-block-gb-container-block c-item-inlist grid-row\">\n<figure class=\"wp-block-create-block-gb-image c-image c-item-inlist--image c-block-rhombus--corners c-block-rhombus--br__color-white c-block-rhombus--tl__color-white\"><img decoding=\"async\" class=\"\" src=\"https:\/\/stxgroup.com\/app\/themes\/ChildTheme\/assets\/uploads\/site\/4\/2024\/09\/michael_headhsot-1.jpg\" \/><\/figure>\n\n\n\n<h3 class=\"wp-block-create-block-gb-text-equal-height  c-item-inlist--title js__equal-height\" data-equal-height-type=\"grid-item-title\">Michael Diegelmann<\/h3>\n\n\n\n<p class=\"wp-block-create-block-gb-text  c-item-inlist--description\">Vorstand und Gr\u00fcnder<br><strong>COMETIS AG<\/strong><\/p>\n<\/div>\n<\/div>\n<\/div><\/div>\n\n\n\n<div class=\"c-mb-50\"><\/div>\n\n\n\n<div class=\"wp-block-create-block-gb-container-content-width row-wide\">\n<p class=\"wp-block-create-block-gb-text\"><strong>Melden Sie sich an, um auf die Webinar-Aufzeichnung zuzugreifen.<br><\/strong><br>Sie k\u00f6nnen nicht an der Live-Sitzung teilnehmen? Melden Sie sich trotzdem an, und wir senden Ihnen die Aufzeichnung zu, damit Sie sie in Ruhe ansehen k\u00f6nnen.<\/p>\n<\/div>\n\n\n\n<div id=\"jetzt-anmelden\"><\/div>\n\n\n\n<div class=\"wp-block-create-block-gb-container-content-width row-wide\">\n<div class=\"wp-block-leadin-hubspot-form-block\">\n\t\t\t\t\t\t<script>\n\t\t\t\t\t\t\twindow.hsFormsOnReady = window.hsFormsOnReady || [];\n\t\t\t\t\t\t\twindow.hsFormsOnReady.push(()=>{\n\t\t\t\t\t\t\t\thbspt.forms.create({\n\t\t\t\t\t\t\t\t\tportalId: 27215429,\n\t\t\t\t\t\t\t\t\tformId: \"e4bc283e-2fc7-4f3e-ad99-11c851f15b72\",\n\t\t\t\t\t\t\t\t\ttarget: \"#hbspt-form-1776981952000-2397893062\",\n\t\t\t\t\t\t\t\t\tregion: \"eu1\",\n\t\t\t\t\t\t\t\t\t\n\t\t\t\t\t\t\t})});\n\t\t\t\t\t\t<\/script>\n\t\t\t\t\t\t<div class=\"hbspt-form\" id=\"hbspt-form-1776981952000-2397893062\"><\/div><\/div>\n<\/div>\n\n\n\n<p><\/p>\n","protected":false},"excerpt":{"rendered":"","protected":false},"author":13,"featured_media":7755,"parent":4178,"menu_order":0,"comment_status":"closed","ping_status":"closed","template":"","meta":{"content-type":"","footnotes":""},"class_list":["post-7752","page","type-page","status-publish","has-post-thumbnail","hentry"],"yoast_head":"<!-- This site is optimized with the Yoast SEO plugin v27.4 - https:\/\/yoast.com\/product\/yoast-seo-wordpress\/ -->\n<title>Cometis x STRIVE webinar - STRIVE by STX<\/title>\n<meta name=\"description\" content=\"Das Webinar zeigt, wie dynamische CO2-M\u00e4rkte und Regulierungen die Dekarbonisierungsstrategien von Unternehmen beeinflussen.\" \/>\n<meta name=\"robots\" content=\"index, follow, max-snippet:-1, max-image-preview:large, max-video-preview:-1\" \/>\n<link rel=\"canonical\" href=\"https:\/\/stxgroup.com\/strive\/de\/veranstaltungen\/kosten-von-co2-emissionen-strategien-zur-dekarbonisierung-von-scope-1-2\/\" \/>\n<meta property=\"og:locale\" content=\"en_US\" \/>\n<meta property=\"og:type\" content=\"article\" \/>\n<meta property=\"og:title\" content=\"Cometis x STRIVE webinar - STRIVE by STX\" \/>\n<meta property=\"og:description\" content=\"Das Webinar zeigt, wie dynamische CO2-M\u00e4rkte und Regulierungen die Dekarbonisierungsstrategien von Unternehmen beeinflussen.\" \/>\n<meta property=\"og:url\" content=\"https:\/\/stxgroup.com\/strive\/de\/veranstaltungen\/kosten-von-co2-emissionen-strategien-zur-dekarbonisierung-von-scope-1-2\/\" \/>\n<meta property=\"og:site_name\" content=\"STRIVE by STX\" \/>\n<meta property=\"article:modified_time\" content=\"2024-10-24T12:40:48+00:00\" \/>\n<meta property=\"og:image\" content=\"https:\/\/stxgroup.com\/app\/themes\/ChildTheme\/assets\/uploads\/site\/4\/2024\/09\/1-688f30bd.jpeg\" \/>\n\t<meta property=\"og:image:width\" content=\"1080\" \/>\n\t<meta property=\"og:image:height\" content=\"1080\" \/>\n\t<meta property=\"og:image:type\" content=\"image\/jpeg\" \/>\n<meta name=\"twitter:card\" content=\"summary_large_image\" \/>\n<meta name=\"twitter:label1\" content=\"Est. reading time\" \/>\n\t<meta name=\"twitter:data1\" content=\"3 minutes\" \/>\n<script type=\"application\/ld+json\" class=\"yoast-schema-graph\">{\"@context\":\"https:\\\/\\\/schema.org\",\"@graph\":[{\"@type\":\"WebPage\",\"@id\":\"https:\\\/\\\/stxgroup.com\\\/strive\\\/de\\\/veranstaltungen\\\/kosten-von-co2-emissionen-strategien-zur-dekarbonisierung-von-scope-1-2\\\/\",\"url\":\"https:\\\/\\\/stxgroup.com\\\/strive\\\/de\\\/veranstaltungen\\\/kosten-von-co2-emissionen-strategien-zur-dekarbonisierung-von-scope-1-2\\\/\",\"name\":\"Cometis x STRIVE webinar - STRIVE by STX\",\"isPartOf\":{\"@id\":\"https:\\\/\\\/stxgroup.com\\\/strive\\\/#website\"},\"primaryImageOfPage\":{\"@id\":\"https:\\\/\\\/stxgroup.com\\\/strive\\\/de\\\/veranstaltungen\\\/kosten-von-co2-emissionen-strategien-zur-dekarbonisierung-von-scope-1-2\\\/#primaryimage\"},\"image\":{\"@id\":\"https:\\\/\\\/stxgroup.com\\\/strive\\\/de\\\/veranstaltungen\\\/kosten-von-co2-emissionen-strategien-zur-dekarbonisierung-von-scope-1-2\\\/#primaryimage\"},\"thumbnailUrl\":\"https:\\\/\\\/stxgroup.com\\\/app\\\/themes\\\/ChildTheme\\\/assets\\\/uploads\\\/site\\\/4\\\/2024\\\/09\\\/1-688f30bd.jpeg\",\"datePublished\":\"2024-09-20T10:44:52+00:00\",\"dateModified\":\"2024-10-24T12:40:48+00:00\",\"description\":\"Das Webinar zeigt, wie dynamische CO2-M\u00e4rkte und Regulierungen die Dekarbonisierungsstrategien von Unternehmen beeinflussen.\",\"breadcrumb\":{\"@id\":\"https:\\\/\\\/stxgroup.com\\\/strive\\\/de\\\/veranstaltungen\\\/kosten-von-co2-emissionen-strategien-zur-dekarbonisierung-von-scope-1-2\\\/#breadcrumb\"},\"inLanguage\":\"en-US\",\"potentialAction\":[{\"@type\":\"ReadAction\",\"target\":[\"https:\\\/\\\/stxgroup.com\\\/strive\\\/de\\\/veranstaltungen\\\/kosten-von-co2-emissionen-strategien-zur-dekarbonisierung-von-scope-1-2\\\/\"]}]},{\"@type\":\"ImageObject\",\"inLanguage\":\"en-US\",\"@id\":\"https:\\\/\\\/stxgroup.com\\\/strive\\\/de\\\/veranstaltungen\\\/kosten-von-co2-emissionen-strategien-zur-dekarbonisierung-von-scope-1-2\\\/#primaryimage\",\"url\":\"https:\\\/\\\/stxgroup.com\\\/app\\\/themes\\\/ChildTheme\\\/assets\\\/uploads\\\/site\\\/4\\\/2024\\\/09\\\/1-688f30bd.jpeg\",\"contentUrl\":\"https:\\\/\\\/stxgroup.com\\\/app\\\/themes\\\/ChildTheme\\\/assets\\\/uploads\\\/site\\\/4\\\/2024\\\/09\\\/1-688f30bd.jpeg\",\"width\":1080,\"height\":1080},{\"@type\":\"BreadcrumbList\",\"@id\":\"https:\\\/\\\/stxgroup.com\\\/strive\\\/de\\\/veranstaltungen\\\/kosten-von-co2-emissionen-strategien-zur-dekarbonisierung-von-scope-1-2\\\/#breadcrumb\",\"itemListElement\":[{\"@type\":\"ListItem\",\"position\":1,\"name\":\"Home\",\"item\":\"https:\\\/\\\/stxgroup.com\\\/strive\\\/\"},{\"@type\":\"ListItem\",\"position\":2,\"name\":\"Events (DE)\",\"item\":\"https:\\\/\\\/stxgroup.com\\\/strive\\\/de\\\/veranstaltungen\\\/\"},{\"@type\":\"ListItem\",\"position\":3,\"name\":\"Cometis x STRIVE webinar\"}]},{\"@type\":\"WebSite\",\"@id\":\"https:\\\/\\\/stxgroup.com\\\/strive\\\/#website\",\"url\":\"https:\\\/\\\/stxgroup.com\\\/strive\\\/\",\"name\":\"STRIVE by STX\",\"description\":\"We transform climate liabilities into business progress\",\"publisher\":{\"@id\":\"https:\\\/\\\/stxgroup.com\\\/strive\\\/#organization\"},\"potentialAction\":[{\"@type\":\"SearchAction\",\"target\":{\"@type\":\"EntryPoint\",\"urlTemplate\":\"https:\\\/\\\/stxgroup.com\\\/strive\\\/?s={search_term_string}\"},\"query-input\":{\"@type\":\"PropertyValueSpecification\",\"valueRequired\":true,\"valueName\":\"search_term_string\"}}],\"inLanguage\":\"en-US\"},{\"@type\":\"Organization\",\"@id\":\"https:\\\/\\\/stxgroup.com\\\/strive\\\/#organization\",\"name\":\"STRIVE by STX\",\"url\":\"https:\\\/\\\/stxgroup.com\\\/strive\\\/\",\"logo\":{\"@type\":\"ImageObject\",\"inLanguage\":\"en-US\",\"@id\":\"https:\\\/\\\/stxgroup.com\\\/strive\\\/#\\\/schema\\\/logo\\\/image\\\/\",\"url\":\"https:\\\/\\\/stxgroup.com\\\/app\\\/themes\\\/ChildTheme\\\/assets\\\/uploads\\\/site\\\/4\\\/2023\\\/02\\\/strive-logo-header-cutout-2.svg\",\"contentUrl\":\"https:\\\/\\\/stxgroup.com\\\/app\\\/themes\\\/ChildTheme\\\/assets\\\/uploads\\\/site\\\/4\\\/2023\\\/02\\\/strive-logo-header-cutout-2.svg\",\"width\":279,\"height\":130,\"caption\":\"STRIVE by STX\"},\"image\":{\"@id\":\"https:\\\/\\\/stxgroup.com\\\/strive\\\/#\\\/schema\\\/logo\\\/image\\\/\"}}]}<\/script>\n<!-- \/ Yoast SEO plugin. -->","yoast_head_json":{"title":"Cometis x STRIVE webinar - STRIVE by STX","description":"Das Webinar zeigt, wie dynamische CO2-M\u00e4rkte und Regulierungen die Dekarbonisierungsstrategien von Unternehmen beeinflussen.","robots":{"index":"index","follow":"follow","max-snippet":"max-snippet:-1","max-image-preview":"max-image-preview:large","max-video-preview":"max-video-preview:-1"},"canonical":"https:\/\/stxgroup.com\/strive\/de\/veranstaltungen\/kosten-von-co2-emissionen-strategien-zur-dekarbonisierung-von-scope-1-2\/","og_locale":"en_US","og_type":"article","og_title":"Cometis x STRIVE webinar - STRIVE by STX","og_description":"Das Webinar zeigt, wie dynamische CO2-M\u00e4rkte und Regulierungen die Dekarbonisierungsstrategien von Unternehmen beeinflussen.","og_url":"https:\/\/stxgroup.com\/strive\/de\/veranstaltungen\/kosten-von-co2-emissionen-strategien-zur-dekarbonisierung-von-scope-1-2\/","og_site_name":"STRIVE by STX","article_modified_time":"2024-10-24T12:40:48+00:00","og_image":[{"width":1080,"height":1080,"url":"https:\/\/stxgroup.com\/app\/themes\/ChildTheme\/assets\/uploads\/site\/4\/2024\/09\/1-688f30bd.jpeg","type":"image\/jpeg"}],"twitter_card":"summary_large_image","twitter_misc":{"Est. reading time":"3 minutes"},"schema":{"@context":"https:\/\/schema.org","@graph":[{"@type":"WebPage","@id":"https:\/\/stxgroup.com\/strive\/de\/veranstaltungen\/kosten-von-co2-emissionen-strategien-zur-dekarbonisierung-von-scope-1-2\/","url":"https:\/\/stxgroup.com\/strive\/de\/veranstaltungen\/kosten-von-co2-emissionen-strategien-zur-dekarbonisierung-von-scope-1-2\/","name":"Cometis x STRIVE webinar - STRIVE by STX","isPartOf":{"@id":"https:\/\/stxgroup.com\/strive\/#website"},"primaryImageOfPage":{"@id":"https:\/\/stxgroup.com\/strive\/de\/veranstaltungen\/kosten-von-co2-emissionen-strategien-zur-dekarbonisierung-von-scope-1-2\/#primaryimage"},"image":{"@id":"https:\/\/stxgroup.com\/strive\/de\/veranstaltungen\/kosten-von-co2-emissionen-strategien-zur-dekarbonisierung-von-scope-1-2\/#primaryimage"},"thumbnailUrl":"https:\/\/stxgroup.com\/app\/themes\/ChildTheme\/assets\/uploads\/site\/4\/2024\/09\/1-688f30bd.jpeg","datePublished":"2024-09-20T10:44:52+00:00","dateModified":"2024-10-24T12:40:48+00:00","description":"Das Webinar zeigt, wie dynamische CO2-M\u00e4rkte und Regulierungen die Dekarbonisierungsstrategien von Unternehmen beeinflussen.","breadcrumb":{"@id":"https:\/\/stxgroup.com\/strive\/de\/veranstaltungen\/kosten-von-co2-emissionen-strategien-zur-dekarbonisierung-von-scope-1-2\/#breadcrumb"},"inLanguage":"en-US","potentialAction":[{"@type":"ReadAction","target":["https:\/\/stxgroup.com\/strive\/de\/veranstaltungen\/kosten-von-co2-emissionen-strategien-zur-dekarbonisierung-von-scope-1-2\/"]}]},{"@type":"ImageObject","inLanguage":"en-US","@id":"https:\/\/stxgroup.com\/strive\/de\/veranstaltungen\/kosten-von-co2-emissionen-strategien-zur-dekarbonisierung-von-scope-1-2\/#primaryimage","url":"https:\/\/stxgroup.com\/app\/themes\/ChildTheme\/assets\/uploads\/site\/4\/2024\/09\/1-688f30bd.jpeg","contentUrl":"https:\/\/stxgroup.com\/app\/themes\/ChildTheme\/assets\/uploads\/site\/4\/2024\/09\/1-688f30bd.jpeg","width":1080,"height":1080},{"@type":"BreadcrumbList","@id":"https:\/\/stxgroup.com\/strive\/de\/veranstaltungen\/kosten-von-co2-emissionen-strategien-zur-dekarbonisierung-von-scope-1-2\/#breadcrumb","itemListElement":[{"@type":"ListItem","position":1,"name":"Home","item":"https:\/\/stxgroup.com\/strive\/"},{"@type":"ListItem","position":2,"name":"Events (DE)","item":"https:\/\/stxgroup.com\/strive\/de\/veranstaltungen\/"},{"@type":"ListItem","position":3,"name":"Cometis x STRIVE webinar"}]},{"@type":"WebSite","@id":"https:\/\/stxgroup.com\/strive\/#website","url":"https:\/\/stxgroup.com\/strive\/","name":"STRIVE by STX","description":"We transform climate liabilities into business progress","publisher":{"@id":"https:\/\/stxgroup.com\/strive\/#organization"},"potentialAction":[{"@type":"SearchAction","target":{"@type":"EntryPoint","urlTemplate":"https:\/\/stxgroup.com\/strive\/?s={search_term_string}"},"query-input":{"@type":"PropertyValueSpecification","valueRequired":true,"valueName":"search_term_string"}}],"inLanguage":"en-US"},{"@type":"Organization","@id":"https:\/\/stxgroup.com\/strive\/#organization","name":"STRIVE by STX","url":"https:\/\/stxgroup.com\/strive\/","logo":{"@type":"ImageObject","inLanguage":"en-US","@id":"https:\/\/stxgroup.com\/strive\/#\/schema\/logo\/image\/","url":"https:\/\/stxgroup.com\/app\/themes\/ChildTheme\/assets\/uploads\/site\/4\/2023\/02\/strive-logo-header-cutout-2.svg","contentUrl":"https:\/\/stxgroup.com\/app\/themes\/ChildTheme\/assets\/uploads\/site\/4\/2023\/02\/strive-logo-header-cutout-2.svg","width":279,"height":130,"caption":"STRIVE by STX"},"image":{"@id":"https:\/\/stxgroup.com\/strive\/#\/schema\/logo\/image\/"}}]}},"lang":"de","translations":{"de":7752},"pll_sync_post":[],"_links":{"self":[{"href":"https:\/\/stxgroup.com\/strive\/wp-json\/wp\/v2\/pages\/7752","targetHints":{"allow":["GET"]}}],"collection":[{"href":"https:\/\/stxgroup.com\/strive\/wp-json\/wp\/v2\/pages"}],"about":[{"href":"https:\/\/stxgroup.com\/strive\/wp-json\/wp\/v2\/types\/page"}],"author":[{"embeddable":true,"href":"https:\/\/stxgroup.com\/strive\/wp-json\/wp\/v2\/users\/13"}],"replies":[{"embeddable":true,"href":"https:\/\/stxgroup.com\/strive\/wp-json\/wp\/v2\/comments?post=7752"}],"version-history":[{"count":13,"href":"https:\/\/stxgroup.com\/strive\/wp-json\/wp\/v2\/pages\/7752\/revisions"}],"predecessor-version":[{"id":8251,"href":"https:\/\/stxgroup.com\/strive\/wp-json\/wp\/v2\/pages\/7752\/revisions\/8251"}],"up":[{"embeddable":true,"href":"https:\/\/stxgroup.com\/strive\/wp-json\/wp\/v2\/pages\/4178"}],"wp:featuredmedia":[{"embeddable":true,"href":"https:\/\/stxgroup.com\/strive\/wp-json\/wp\/v2\/media\/7755"}],"wp:attachment":[{"href":"https:\/\/stxgroup.com\/strive\/wp-json\/wp\/v2\/media?parent=7752"}],"curies":[{"name":"wp","href":"https:\/\/api.w.org\/{rel}","templated":true}]}}