{"id":7710,"date":"2024-09-10T17:55:08","date_gmt":"2024-09-10T15:55:08","guid":{"rendered":"https:\/\/stxgroup.com\/strive\/?page_id=7710"},"modified":"2024-12-04T11:41:28","modified_gmt":"2024-12-04T10:41:28","slug":"etude-de-cas-cee","status":"publish","type":"page","link":"https:\/\/stxgroup.com\/strive\/fr\/publications\/etude-de-cas-cee\/","title":{"rendered":"STX Energy Efficiency FR &#8211; Corporates Case study"},"content":{"rendered":"\r\n      <section class=\"c-hero c-hero--size_l c-hero--variation_center-left-2\"\r\n      style=\"\r\n      background-image: url(https:\/\/stxgroup.com\/app\/themes\/ChildTheme\/assets\/uploads\/site\/4\/2024\/09\/Corporates-Case-Study.jpeg);\r\n      background-color: #141729;\r\n      \">\r\n      <div class=\"c-hero--inner\">\r\n          <a href=\"javascript:history.back()\" class=\"c-hero--back-action c-button--simple\">\r\n            <svg viewBox=\"0 0 700 700\" xmlns=\"http:\/\/www.w3.org\/2000\/svg\">\n  <path d=\"M 396.387 150.142 L 240.773 302.804 L 586.236 301.664 L 587.946 399.102 L 244.194 399.102 L 394.669 548.412 L 330.045 616.001 L 63.692 350.381 L 327.764 84 Z\"\/>\n<\/svg>\r\n            <span>BACK<\/span>\r\n          <\/a>\r\n          <h1 class=\"c-hero--title\">\u00c9tude de cas\r\n\r\n<strong>UN SITE INDUSTRIEL AGROALIMENTAIRE FINANCE 30% DE SA CHAUDI\u00c8RE GR\u00c2CE AUX SOLUTIONS STX<\/strong><\/h1>\r\n      <\/div>\r\n      <\/section>\r\n      \n\n\n<div class=\"c-button-right-line c-row--expanded\"><div class=\"rhombus rhombus--color-mirage c-row--expanded-col-last c-row--expanded-col-3\"><div class=\"c-row--expanded--inner\"><a href=\"#telecharger\" class=\"c-button\"><span>T\u00c9L\u00c9CHARGER<\/span><\/a><\/div><\/div><\/div>\n\n\n\n<div class=\"c-mb-100\"><\/div>\n\n\n\n<div class=\"wp-block-create-block-gb-container-content-width row-wide\">\n<div class=\"wp-block-columns is-layout-flex wp-container-core-columns-is-layout-9d6595d7 wp-block-columns-is-layout-flex\">\n<div class=\"wp-block-column is-layout-flow wp-block-column-is-layout-flow\" style=\"flex-basis:50%\">\n<div class=\"wp-block-create-block-gb-container-content-width row-wide\"><\/div>\n\n\n\n<p>L&#8217;offre sur mesure STX permet aux clients de maximiser les \u00e9conomies d&#8217;\u00e9nergie associ\u00e9es \u00e0 leur investissement et de tirer parti de tous les leviers disponibles.<\/p>\n\n\n\n<p><strong>D\u00e9couvrez l&#8217;exp\u00e9rience d&#8217;une groupe industriel qui a pu financer plus d&#8217;un tiers de sa nouvelle chaudi\u00e8re \u00e0 vapeur gr\u00e2ce aux CEE et \u00e0 l&#8217;accompagnement STX personnalis\u00e9.<\/strong> Il a ainsi pu mettre en oeuvre un \u00e9quipement moderne et fiable, minimiser son impact environnemental et consid\u00e9rablement r\u00e9duire ses frais d&#8217;entretien.<\/p>\n\n\n\n<p>T\u00e9l\u00e9chargez l&#8217;\u00e9tude de cas pour plus de d\u00e9tails, y compris des donn\u00e9es chiffr\u00e9s, ou <a href=\"https:\/\/stxgroup.com\/strive\/contact\/\">contactez l&#8217;\u00e9quipe d&#8217;experts STX<\/a> pour parler de votre cas particulier.<\/p>\n\n\n\n<figure class=\"wp-block-image size-large\"><img loading=\"lazy\" decoding=\"async\" width=\"1024\" height=\"1024\" src=\"https:\/\/stxgroup.com\/app\/themes\/ChildTheme\/assets\/uploads\/site\/4\/2024\/09\/COP28-Paper-2-1024x1024.png\" alt=\"\u00e9tude de cas efficacit\u00e9 \u00e9nerg\u00e9tique\" class=\"wp-image-7731\" srcset=\"https:\/\/stxgroup.com\/app\/themes\/ChildTheme\/assets\/uploads\/site\/4\/2024\/09\/COP28-Paper-2-1024x1024.png 1024w, https:\/\/stxgroup.com\/app\/themes\/ChildTheme\/assets\/uploads\/site\/4\/2024\/09\/COP28-Paper-2-300x300.png 300w, https:\/\/stxgroup.com\/app\/themes\/ChildTheme\/assets\/uploads\/site\/4\/2024\/09\/COP28-Paper-2-150x150.png 150w, https:\/\/stxgroup.com\/app\/themes\/ChildTheme\/assets\/uploads\/site\/4\/2024\/09\/COP28-Paper-2-768x768.png 768w, https:\/\/stxgroup.com\/app\/themes\/ChildTheme\/assets\/uploads\/site\/4\/2024\/09\/COP28-Paper-2.png 1200w\" sizes=\"auto, (max-width: 1024px) 100vw, 1024px\" \/><\/figure>\n<\/div>\n\n\n\n<div class=\"wp-block-column has-background is-layout-flow wp-block-column-is-layout-flow\" style=\"background-color:#50637d;padding-right:var(--wp--preset--spacing--30);padding-left:var(--wp--preset--spacing--30);flex-basis:50%\">\n<div class=\"wp-block-create-block-gb-container-block\">\n<div class=\"c-mb-50\"><\/div>\n\n\n\n<div id=\"telecharger\"><\/div>\n\n\n\n<p class=\"wp-block-create-block-gb-text  text-center has-base-color has-text-color has-link-color wp-elements-139b3323d0da71ebce2e6b70249ac42d\"><strong>T\u00c9L\u00c9CHARGEZ L&#8217;\u00c9TUDE DE CAS<\/strong><\/p>\n\n\n\n<div class=\"wp-block-leadin-hubspot-form-block\">\n\t\t\t\t\t\t<script>\n\t\t\t\t\t\t\twindow.hsFormsOnReady = window.hsFormsOnReady || [];\n\t\t\t\t\t\t\twindow.hsFormsOnReady.push(()=>{\n\t\t\t\t\t\t\t\thbspt.forms.create({\n\t\t\t\t\t\t\t\t\tportalId: 27215429,\n\t\t\t\t\t\t\t\t\tformId: \"17f9f57c-e0c9-4169-9bb6-6435dfe68bb0\",\n\t\t\t\t\t\t\t\t\ttarget: \"#hbspt-form-1776332025000-4745342652\",\n\t\t\t\t\t\t\t\t\tregion: \"eu1\",\n\t\t\t\t\t\t\t\t\t\n\t\t\t\t\t\t\t})});\n\t\t\t\t\t\t<\/script>\n\t\t\t\t\t\t<div class=\"hbspt-form\" id=\"hbspt-form-1776332025000-4745342652\"><\/div><\/div>\n\n\n\n<div class=\"c-mb-50\"><\/div>\n<\/div>\n<\/div>\n<\/div>\n<\/div>\n","protected":false},"excerpt":{"rendered":"","protected":false},"author":13,"featured_media":7711,"parent":7703,"menu_order":0,"comment_status":"closed","ping_status":"closed","template":"","meta":{"content-type":"","footnotes":""},"class_list":["post-7710","page","type-page","status-publish","has-post-thumbnail","hentry"],"yoast_head":"<!-- This site is optimized with the Yoast SEO plugin v27.4 - https:\/\/yoast.com\/product\/yoast-seo-wordpress\/ -->\n<title>\u00c9tude de cas: CEE | STRIVE by STX<\/title>\n<meta name=\"description\" content=\"T\u00e9l\u00e9chargez l&#039;\u00e9tude de cas pour plus de d\u00e9tails sur les cee ou contactez l&#039;\u00e9quipe d&#039;experts STX pour parler de votre cas particulier.\" \/>\n<meta name=\"robots\" content=\"index, follow, max-snippet:-1, max-image-preview:large, max-video-preview:-1\" \/>\n<link rel=\"canonical\" href=\"https:\/\/stxgroup.com\/strive\/fr\/publications\/etude-de-cas-cee\/\" \/>\n<meta property=\"og:locale\" content=\"en_US\" \/>\n<meta property=\"og:type\" content=\"article\" \/>\n<meta property=\"og:title\" content=\"\u00c9tude de cas: CEE | STRIVE by STX\" \/>\n<meta property=\"og:description\" content=\"T\u00e9l\u00e9chargez l&#039;\u00e9tude de cas pour plus de d\u00e9tails sur les cee ou contactez l&#039;\u00e9quipe d&#039;experts STX pour parler de votre cas particulier.\" \/>\n<meta property=\"og:url\" content=\"https:\/\/stxgroup.com\/strive\/fr\/publications\/etude-de-cas-cee\/\" \/>\n<meta property=\"og:site_name\" content=\"STRIVE by STX\" \/>\n<meta property=\"article:modified_time\" content=\"2024-12-04T10:41:28+00:00\" \/>\n<meta property=\"og:image\" content=\"https:\/\/stxgroup.com\/app\/themes\/ChildTheme\/assets\/uploads\/site\/4\/2024\/09\/Corporates-Case-Study-1024x799.jpeg\" \/>\n\t<meta property=\"og:image:width\" content=\"1024\" \/>\n\t<meta property=\"og:image:height\" content=\"799\" \/>\n\t<meta property=\"og:image:type\" content=\"image\/jpeg\" \/>\n<meta name=\"twitter:card\" content=\"summary_large_image\" \/>\n<meta name=\"twitter:label1\" content=\"Est. reading time\" \/>\n\t<meta name=\"twitter:data1\" content=\"1 minute\" \/>\n<script type=\"application\/ld+json\" class=\"yoast-schema-graph\">{\"@context\":\"https:\\\/\\\/schema.org\",\"@graph\":[{\"@type\":\"WebPage\",\"@id\":\"https:\\\/\\\/stxgroup.com\\\/strive\\\/fr\\\/publications\\\/etude-de-cas-cee\\\/\",\"url\":\"https:\\\/\\\/stxgroup.com\\\/strive\\\/fr\\\/publications\\\/etude-de-cas-cee\\\/\",\"name\":\"\u00c9tude de cas: CEE | STRIVE by STX\",\"isPartOf\":{\"@id\":\"https:\\\/\\\/stxgroup.com\\\/strive\\\/#website\"},\"primaryImageOfPage\":{\"@id\":\"https:\\\/\\\/stxgroup.com\\\/strive\\\/fr\\\/publications\\\/etude-de-cas-cee\\\/#primaryimage\"},\"image\":{\"@id\":\"https:\\\/\\\/stxgroup.com\\\/strive\\\/fr\\\/publications\\\/etude-de-cas-cee\\\/#primaryimage\"},\"thumbnailUrl\":\"https:\\\/\\\/stxgroup.com\\\/app\\\/themes\\\/ChildTheme\\\/assets\\\/uploads\\\/site\\\/4\\\/2024\\\/09\\\/Corporates-Case-Study.jpeg\",\"datePublished\":\"2024-09-10T15:55:08+00:00\",\"dateModified\":\"2024-12-04T10:41:28+00:00\",\"description\":\"T\u00e9l\u00e9chargez l'\u00e9tude de cas pour plus de d\u00e9tails sur les cee ou contactez l'\u00e9quipe d'experts STX pour parler de votre cas particulier.\",\"breadcrumb\":{\"@id\":\"https:\\\/\\\/stxgroup.com\\\/strive\\\/fr\\\/publications\\\/etude-de-cas-cee\\\/#breadcrumb\"},\"inLanguage\":\"en-US\",\"potentialAction\":[{\"@type\":\"ReadAction\",\"target\":[\"https:\\\/\\\/stxgroup.com\\\/strive\\\/fr\\\/publications\\\/etude-de-cas-cee\\\/\"]}]},{\"@type\":\"ImageObject\",\"inLanguage\":\"en-US\",\"@id\":\"https:\\\/\\\/stxgroup.com\\\/strive\\\/fr\\\/publications\\\/etude-de-cas-cee\\\/#primaryimage\",\"url\":\"https:\\\/\\\/stxgroup.com\\\/app\\\/themes\\\/ChildTheme\\\/assets\\\/uploads\\\/site\\\/4\\\/2024\\\/09\\\/Corporates-Case-Study.jpeg\",\"contentUrl\":\"https:\\\/\\\/stxgroup.com\\\/app\\\/themes\\\/ChildTheme\\\/assets\\\/uploads\\\/site\\\/4\\\/2024\\\/09\\\/Corporates-Case-Study.jpeg\",\"width\":2500,\"height\":1951},{\"@type\":\"BreadcrumbList\",\"@id\":\"https:\\\/\\\/stxgroup.com\\\/strive\\\/fr\\\/publications\\\/etude-de-cas-cee\\\/#breadcrumb\",\"itemListElement\":[{\"@type\":\"ListItem\",\"position\":1,\"name\":\"Home\",\"item\":\"https:\\\/\\\/stxgroup.com\\\/strive\\\/\"},{\"@type\":\"ListItem\",\"position\":2,\"name\":\"Publications FR\",\"item\":\"https:\\\/\\\/stxgroup.com\\\/strive\\\/fr\\\/publications\\\/\"},{\"@type\":\"ListItem\",\"position\":3,\"name\":\"STX Energy Efficiency FR &#8211; Corporates Case study\"}]},{\"@type\":\"WebSite\",\"@id\":\"https:\\\/\\\/stxgroup.com\\\/strive\\\/#website\",\"url\":\"https:\\\/\\\/stxgroup.com\\\/strive\\\/\",\"name\":\"STRIVE by STX\",\"description\":\"We transform climate liabilities into business progress\",\"publisher\":{\"@id\":\"https:\\\/\\\/stxgroup.com\\\/strive\\\/#organization\"},\"potentialAction\":[{\"@type\":\"SearchAction\",\"target\":{\"@type\":\"EntryPoint\",\"urlTemplate\":\"https:\\\/\\\/stxgroup.com\\\/strive\\\/?s={search_term_string}\"},\"query-input\":{\"@type\":\"PropertyValueSpecification\",\"valueRequired\":true,\"valueName\":\"search_term_string\"}}],\"inLanguage\":\"en-US\"},{\"@type\":\"Organization\",\"@id\":\"https:\\\/\\\/stxgroup.com\\\/strive\\\/#organization\",\"name\":\"STRIVE by STX\",\"url\":\"https:\\\/\\\/stxgroup.com\\\/strive\\\/\",\"logo\":{\"@type\":\"ImageObject\",\"inLanguage\":\"en-US\",\"@id\":\"https:\\\/\\\/stxgroup.com\\\/strive\\\/#\\\/schema\\\/logo\\\/image\\\/\",\"url\":\"https:\\\/\\\/stxgroup.com\\\/app\\\/themes\\\/ChildTheme\\\/assets\\\/uploads\\\/site\\\/4\\\/2023\\\/02\\\/strive-logo-header-cutout-2.svg\",\"contentUrl\":\"https:\\\/\\\/stxgroup.com\\\/app\\\/themes\\\/ChildTheme\\\/assets\\\/uploads\\\/site\\\/4\\\/2023\\\/02\\\/strive-logo-header-cutout-2.svg\",\"width\":279,\"height\":130,\"caption\":\"STRIVE by STX\"},\"image\":{\"@id\":\"https:\\\/\\\/stxgroup.com\\\/strive\\\/#\\\/schema\\\/logo\\\/image\\\/\"}}]}<\/script>\n<!-- \/ Yoast SEO plugin. -->","yoast_head_json":{"title":"\u00c9tude de cas: CEE | STRIVE by STX","description":"T\u00e9l\u00e9chargez l'\u00e9tude de cas pour plus de d\u00e9tails sur les cee ou contactez l'\u00e9quipe d'experts STX pour parler de votre cas particulier.","robots":{"index":"index","follow":"follow","max-snippet":"max-snippet:-1","max-image-preview":"max-image-preview:large","max-video-preview":"max-video-preview:-1"},"canonical":"https:\/\/stxgroup.com\/strive\/fr\/publications\/etude-de-cas-cee\/","og_locale":"en_US","og_type":"article","og_title":"\u00c9tude de cas: CEE | STRIVE by STX","og_description":"T\u00e9l\u00e9chargez l'\u00e9tude de cas pour plus de d\u00e9tails sur les cee ou contactez l'\u00e9quipe d'experts STX pour parler de votre cas particulier.","og_url":"https:\/\/stxgroup.com\/strive\/fr\/publications\/etude-de-cas-cee\/","og_site_name":"STRIVE by STX","article_modified_time":"2024-12-04T10:41:28+00:00","og_image":[{"width":1024,"height":799,"url":"https:\/\/stxgroup.com\/app\/themes\/ChildTheme\/assets\/uploads\/site\/4\/2024\/09\/Corporates-Case-Study-1024x799.jpeg","type":"image\/jpeg"}],"twitter_card":"summary_large_image","twitter_misc":{"Est. reading time":"1 minute"},"schema":{"@context":"https:\/\/schema.org","@graph":[{"@type":"WebPage","@id":"https:\/\/stxgroup.com\/strive\/fr\/publications\/etude-de-cas-cee\/","url":"https:\/\/stxgroup.com\/strive\/fr\/publications\/etude-de-cas-cee\/","name":"\u00c9tude de cas: CEE | STRIVE by STX","isPartOf":{"@id":"https:\/\/stxgroup.com\/strive\/#website"},"primaryImageOfPage":{"@id":"https:\/\/stxgroup.com\/strive\/fr\/publications\/etude-de-cas-cee\/#primaryimage"},"image":{"@id":"https:\/\/stxgroup.com\/strive\/fr\/publications\/etude-de-cas-cee\/#primaryimage"},"thumbnailUrl":"https:\/\/stxgroup.com\/app\/themes\/ChildTheme\/assets\/uploads\/site\/4\/2024\/09\/Corporates-Case-Study.jpeg","datePublished":"2024-09-10T15:55:08+00:00","dateModified":"2024-12-04T10:41:28+00:00","description":"T\u00e9l\u00e9chargez l'\u00e9tude de cas pour plus de d\u00e9tails sur les cee ou contactez l'\u00e9quipe d'experts STX pour parler de votre cas particulier.","breadcrumb":{"@id":"https:\/\/stxgroup.com\/strive\/fr\/publications\/etude-de-cas-cee\/#breadcrumb"},"inLanguage":"en-US","potentialAction":[{"@type":"ReadAction","target":["https:\/\/stxgroup.com\/strive\/fr\/publications\/etude-de-cas-cee\/"]}]},{"@type":"ImageObject","inLanguage":"en-US","@id":"https:\/\/stxgroup.com\/strive\/fr\/publications\/etude-de-cas-cee\/#primaryimage","url":"https:\/\/stxgroup.com\/app\/themes\/ChildTheme\/assets\/uploads\/site\/4\/2024\/09\/Corporates-Case-Study.jpeg","contentUrl":"https:\/\/stxgroup.com\/app\/themes\/ChildTheme\/assets\/uploads\/site\/4\/2024\/09\/Corporates-Case-Study.jpeg","width":2500,"height":1951},{"@type":"BreadcrumbList","@id":"https:\/\/stxgroup.com\/strive\/fr\/publications\/etude-de-cas-cee\/#breadcrumb","itemListElement":[{"@type":"ListItem","position":1,"name":"Home","item":"https:\/\/stxgroup.com\/strive\/"},{"@type":"ListItem","position":2,"name":"Publications FR","item":"https:\/\/stxgroup.com\/strive\/fr\/publications\/"},{"@type":"ListItem","position":3,"name":"STX Energy Efficiency FR &#8211; Corporates Case study"}]},{"@type":"WebSite","@id":"https:\/\/stxgroup.com\/strive\/#website","url":"https:\/\/stxgroup.com\/strive\/","name":"STRIVE by STX","description":"We transform climate liabilities into business progress","publisher":{"@id":"https:\/\/stxgroup.com\/strive\/#organization"},"potentialAction":[{"@type":"SearchAction","target":{"@type":"EntryPoint","urlTemplate":"https:\/\/stxgroup.com\/strive\/?s={search_term_string}"},"query-input":{"@type":"PropertyValueSpecification","valueRequired":true,"valueName":"search_term_string"}}],"inLanguage":"en-US"},{"@type":"Organization","@id":"https:\/\/stxgroup.com\/strive\/#organization","name":"STRIVE by STX","url":"https:\/\/stxgroup.com\/strive\/","logo":{"@type":"ImageObject","inLanguage":"en-US","@id":"https:\/\/stxgroup.com\/strive\/#\/schema\/logo\/image\/","url":"https:\/\/stxgroup.com\/app\/themes\/ChildTheme\/assets\/uploads\/site\/4\/2023\/02\/strive-logo-header-cutout-2.svg","contentUrl":"https:\/\/stxgroup.com\/app\/themes\/ChildTheme\/assets\/uploads\/site\/4\/2023\/02\/strive-logo-header-cutout-2.svg","width":279,"height":130,"caption":"STRIVE by STX"},"image":{"@id":"https:\/\/stxgroup.com\/strive\/#\/schema\/logo\/image\/"}}]}},"lang":"fr","translations":{"fr":7701,"es":5203,"en":7699},"pll_sync_post":[],"_links":{"self":[{"href":"https:\/\/stxgroup.com\/strive\/wp-json\/wp\/v2\/pages\/7710","targetHints":{"allow":["GET"]}}],"collection":[{"href":"https:\/\/stxgroup.com\/strive\/wp-json\/wp\/v2\/pages"}],"about":[{"href":"https:\/\/stxgroup.com\/strive\/wp-json\/wp\/v2\/types\/page"}],"author":[{"embeddable":true,"href":"https:\/\/stxgroup.com\/strive\/wp-json\/wp\/v2\/users\/13"}],"replies":[{"embeddable":true,"href":"https:\/\/stxgroup.com\/strive\/wp-json\/wp\/v2\/comments?post=7710"}],"version-history":[{"count":4,"href":"https:\/\/stxgroup.com\/strive\/wp-json\/wp\/v2\/pages\/7710\/revisions"}],"predecessor-version":[{"id":7732,"href":"https:\/\/stxgroup.com\/strive\/wp-json\/wp\/v2\/pages\/7710\/revisions\/7732"}],"up":[{"embeddable":true,"href":"https:\/\/stxgroup.com\/strive\/wp-json\/wp\/v2\/pages\/7703"}],"wp:featuredmedia":[{"embeddable":true,"href":"https:\/\/stxgroup.com\/strive\/wp-json\/wp\/v2\/media\/7711"}],"wp:attachment":[{"href":"https:\/\/stxgroup.com\/strive\/wp-json\/wp\/v2\/media?parent=7710"}],"curies":[{"name":"wp","href":"https:\/\/api.w.org\/{rel}","templated":true}]}}