{"id":7701,"date":"2024-09-10T17:24:16","date_gmt":"2024-09-10T15:24:16","guid":{"rendered":"https:\/\/stxgroup.com\/strive\/?page_id=7701"},"modified":"2024-09-10T17:44:00","modified_gmt":"2024-09-10T15:44:00","slug":"accompagnement-cee-specialise-infographie","status":"publish","type":"page","link":"https:\/\/stxgroup.com\/strive\/fr\/publications\/accompagnement-cee-specialise-infographie\/","title":{"rendered":"STX Energy Efficiency FR &#8211; Corporates Infographic"},"content":{"rendered":"\r\n      <section class=\"c-hero c-hero--size_l c-hero--variation_center-left-2\"\r\n      style=\"\r\n      background-image: url(https:\/\/stxgroup.com\/app\/themes\/ChildTheme\/assets\/uploads\/site\/4\/2024\/09\/Corporates-Infograhic.jpg);\r\n      background-color: #141729;\r\n      \">\r\n      <div class=\"c-hero--inner\">\r\n          <a href=\"javascript:history.back()\" class=\"c-hero--back-action c-button--simple\">\r\n            <svg viewBox=\"0 0 700 700\" xmlns=\"http:\/\/www.w3.org\/2000\/svg\">\n  <path d=\"M 396.387 150.142 L 240.773 302.804 L 586.236 301.664 L 587.946 399.102 L 244.194 399.102 L 394.669 548.412 L 330.045 616.001 L 63.692 350.381 L 327.764 84 Z\"\/>\n<\/svg>\r\n            <span>BACK<\/span>\r\n          <\/a>\r\n          <h1 class=\"c-hero--title\">Infographie\r\n\r\n<strong>ACCOMPAGNEMENT CEE SP\u00c9CIALIS\u00c9 POUR FINANCER LA D\u00c9CARBONATION DE VOS PROCESSUS ET \u00c9QUIPEMENTS<\/strong><\/h1>\r\n      <\/div>\r\n      <\/section>\r\n      \n\n\n<div class=\"c-button-right-line c-row--expanded\"><div class=\"rhombus rhombus--color-mirage c-row--expanded-col-last c-row--expanded-col-3\"><div class=\"c-row--expanded--inner\"><a href=\"#\" class=\"c-button\"><span>T\u00c9L\u00c9CHARGER<\/span><\/a><\/div><\/div><\/div>\n\n\n\n<div class=\"c-mb-100\"><\/div>\n\n\n\n<div class=\"wp-block-create-block-gb-container-content-width row-wide\">\n<div class=\"wp-block-columns is-layout-flex wp-container-core-columns-is-layout-1 wp-block-columns-is-layout-flex\">\n<div class=\"wp-block-column is-layout-flow wp-block-column-is-layout-flow\" style=\"flex-basis:50%\">\n<div class=\"wp-block-create-block-gb-container-content-width row-wide\"><\/div>\n\n\n\n<p>Pour les acteurs de l&#8217;industrie, valoriser les investissements dans la d\u00e9carbonation et la transition \u00e9nerg\u00e9tique \u00e0 l&#8217;aide du dispositif CEE demande du temps, des connaissances r\u00e9glementaires et des ressources financi\u00e8res.<\/p>\n\n\n\n<p><strong>Le processus STX est optimis\u00e9 afin de tirer parti au maximum des leviers de d\u00e9carbonation<\/strong>, d&#8217;optimiser les volumes d&#8217;\u00e9nergie \u00e9conomis\u00e9s et d&#8217;acc\u00e9l\u00e9rer le versement des primes CEE.<\/p>\n\n\n\n<p>T\u00e9l\u00e9chargez une infographie d\u00e9taill\u00e9e de toutes les \u00e9tapes pour comprendre tous les avantages financiers et autres de l&#8217;accompagnement STX.<\/p>\n\n\n\n<p><a href=\"https:\/\/stxgroup.com\/strive\/contact\/\">Prenez contact avec l&#8217;\u00e9quipe STX<\/a> d\u00e9di\u00e9e au secteur industriel pour une analyse de votre projet.<\/p>\n<\/div>\n\n\n\n<div class=\"wp-block-column has-background is-layout-flow wp-block-column-is-layout-flow\" style=\"background-color:#50637d;padding-right:var(--wp--preset--spacing--30);padding-left:var(--wp--preset--spacing--30);flex-basis:50%\">\n<div class=\"wp-block-create-block-gb-container-block\">\n<div class=\"c-mb-50\"><\/div>\n\n\n\n<div id=\"telecharger\"><\/div>\n\n\n\n<p class=\"wp-block-create-block-gb-text  text-center has-base-color has-text-color has-link-color wp-elements-ccda21c92f358fd042b4a670724f9f4a\"><strong>T\u00c9L\u00c9CHARGEZ L&#8217;INFOGRAPHIE <\/strong><\/p>\n\n\n\n<div class=\"wp-block-leadin-hubspot-form-block\">\n\t\t\t\t\t\t<script>\n\t\t\t\t\t\t\twindow.hsFormsOnReady = window.hsFormsOnReady || [];\n\t\t\t\t\t\t\twindow.hsFormsOnReady.push(()=>{\n\t\t\t\t\t\t\t\thbspt.forms.create({\n\t\t\t\t\t\t\t\t\tportalId: 27215429,\n\t\t\t\t\t\t\t\t\tformId: \"eedf0998-bf10-437e-a782-dbdfdaad2dbb\",\n\t\t\t\t\t\t\t\t\ttarget: \"#hbspt-form-1775470952000-6169988381\",\n\t\t\t\t\t\t\t\t\tregion: \"eu1\",\n\t\t\t\t\t\t\t\t\t\n\t\t\t\t\t\t\t})});\n\t\t\t\t\t\t<\/script>\n\t\t\t\t\t\t<div class=\"hbspt-form\" id=\"hbspt-form-1775470952000-6169988381\"><\/div><\/div>\n\n\n\n<div class=\"c-mb-50\"><\/div>\n<\/div>\n<\/div>\n<\/div>\n<\/div>\n","protected":false},"excerpt":{"rendered":"","protected":false},"author":13,"featured_media":7702,"parent":7703,"menu_order":0,"comment_status":"closed","ping_status":"closed","template":"","meta":{"content-type":"","footnotes":""},"class_list":["post-7701","page","type-page","status-publish","has-post-thumbnail","hentry"],"yoast_head":"<!-- This site is optimized with the Yoast SEO plugin v26.4 - https:\/\/yoast.com\/wordpress\/plugins\/seo\/ -->\n<title>Accompagnement CEE sp\u00e9cialis\u00e9 | STRIVE by STX<\/title>\n<meta name=\"description\" content=\"T\u00e9l\u00e9chargez une infographie d\u00e9taill\u00e9e de toutes les \u00e9tapes pour comprendre tous les avantages financiers et autres de l&#039;accompagnement STX.\" \/>\n<meta name=\"robots\" content=\"index, follow, max-snippet:-1, max-image-preview:large, max-video-preview:-1\" \/>\n<link rel=\"canonical\" href=\"https:\/\/stxgroup.com\/strive\/fr\/publications\/accompagnement-cee-specialise-infographie\/\" \/>\n<meta property=\"og:locale\" content=\"en_US\" \/>\n<meta property=\"og:type\" content=\"article\" \/>\n<meta property=\"og:title\" content=\"Accompagnement CEE sp\u00e9cialis\u00e9 | STRIVE by STX\" \/>\n<meta property=\"og:description\" content=\"T\u00e9l\u00e9chargez une infographie d\u00e9taill\u00e9e de toutes les \u00e9tapes pour comprendre tous les avantages financiers et autres de l&#039;accompagnement STX.\" \/>\n<meta property=\"og:url\" content=\"https:\/\/stxgroup.com\/strive\/fr\/publications\/accompagnement-cee-specialise-infographie\/\" \/>\n<meta property=\"og:site_name\" content=\"STRIVE by STX\" \/>\n<meta property=\"article:modified_time\" content=\"2024-09-10T15:44:00+00:00\" \/>\n<meta property=\"og:image\" content=\"https:\/\/stxgroup.com\/app\/themes\/ChildTheme\/assets\/uploads\/site\/4\/2024\/09\/Corporates-Infograhic.jpg\" \/>\n\t<meta property=\"og:image:width\" content=\"1920\" \/>\n\t<meta property=\"og:image:height\" content=\"1039\" \/>\n\t<meta property=\"og:image:type\" content=\"image\/jpeg\" \/>\n<meta name=\"twitter:card\" content=\"summary_large_image\" \/>\n<meta name=\"twitter:label1\" content=\"Est. reading time\" \/>\n\t<meta name=\"twitter:data1\" content=\"1 minute\" \/>\n<script type=\"application\/ld+json\" class=\"yoast-schema-graph\">{\"@context\":\"https:\/\/schema.org\",\"@graph\":[{\"@type\":\"WebPage\",\"@id\":\"https:\/\/stxgroup.com\/strive\/fr\/publications\/accompagnement-cee-specialise-infographie\/\",\"url\":\"https:\/\/stxgroup.com\/strive\/fr\/publications\/accompagnement-cee-specialise-infographie\/\",\"name\":\"Accompagnement CEE sp\u00e9cialis\u00e9 | STRIVE by STX\",\"isPartOf\":{\"@id\":\"https:\/\/stxgroup.com\/strive\/#website\"},\"primaryImageOfPage\":{\"@id\":\"https:\/\/stxgroup.com\/strive\/fr\/publications\/accompagnement-cee-specialise-infographie\/#primaryimage\"},\"image\":{\"@id\":\"https:\/\/stxgroup.com\/strive\/fr\/publications\/accompagnement-cee-specialise-infographie\/#primaryimage\"},\"thumbnailUrl\":\"https:\/\/stxgroup.com\/app\/themes\/ChildTheme\/assets\/uploads\/site\/4\/2024\/09\/Corporates-Infograhic.jpg\",\"datePublished\":\"2024-09-10T15:24:16+00:00\",\"dateModified\":\"2024-09-10T15:44:00+00:00\",\"description\":\"T\u00e9l\u00e9chargez une infographie d\u00e9taill\u00e9e de toutes les \u00e9tapes pour comprendre tous les avantages financiers et autres de l'accompagnement STX.\",\"breadcrumb\":{\"@id\":\"https:\/\/stxgroup.com\/strive\/fr\/publications\/accompagnement-cee-specialise-infographie\/#breadcrumb\"},\"inLanguage\":\"en-US\",\"potentialAction\":[{\"@type\":\"ReadAction\",\"target\":[\"https:\/\/stxgroup.com\/strive\/fr\/publications\/accompagnement-cee-specialise-infographie\/\"]}]},{\"@type\":\"ImageObject\",\"inLanguage\":\"en-US\",\"@id\":\"https:\/\/stxgroup.com\/strive\/fr\/publications\/accompagnement-cee-specialise-infographie\/#primaryimage\",\"url\":\"https:\/\/stxgroup.com\/app\/themes\/ChildTheme\/assets\/uploads\/site\/4\/2024\/09\/Corporates-Infograhic.jpg\",\"contentUrl\":\"https:\/\/stxgroup.com\/app\/themes\/ChildTheme\/assets\/uploads\/site\/4\/2024\/09\/Corporates-Infograhic.jpg\",\"width\":1920,\"height\":1039,\"caption\":\"Accompagnement CEE sp\u00e9cialis\u00e9\"},{\"@type\":\"BreadcrumbList\",\"@id\":\"https:\/\/stxgroup.com\/strive\/fr\/publications\/accompagnement-cee-specialise-infographie\/#breadcrumb\",\"itemListElement\":[{\"@type\":\"ListItem\",\"position\":1,\"name\":\"Home\",\"item\":\"https:\/\/stxgroup.com\/strive\/\"},{\"@type\":\"ListItem\",\"position\":2,\"name\":\"Publications FR\",\"item\":\"https:\/\/stxgroup.com\/strive\/fr\/publications\/\"},{\"@type\":\"ListItem\",\"position\":3,\"name\":\"STX Energy Efficiency FR &#8211; Corporates Infographic\"}]},{\"@type\":\"WebSite\",\"@id\":\"https:\/\/stxgroup.com\/strive\/#website\",\"url\":\"https:\/\/stxgroup.com\/strive\/\",\"name\":\"STRIVE by STX\",\"description\":\"We transform climate liabilities into business progress\",\"publisher\":{\"@id\":\"https:\/\/stxgroup.com\/strive\/#organization\"},\"potentialAction\":[{\"@type\":\"SearchAction\",\"target\":{\"@type\":\"EntryPoint\",\"urlTemplate\":\"https:\/\/stxgroup.com\/strive\/?s={search_term_string}\"},\"query-input\":{\"@type\":\"PropertyValueSpecification\",\"valueRequired\":true,\"valueName\":\"search_term_string\"}}],\"inLanguage\":\"en-US\"},{\"@type\":\"Organization\",\"@id\":\"https:\/\/stxgroup.com\/strive\/#organization\",\"name\":\"STRIVE by STX\",\"url\":\"https:\/\/stxgroup.com\/strive\/\",\"logo\":{\"@type\":\"ImageObject\",\"inLanguage\":\"en-US\",\"@id\":\"https:\/\/stxgroup.com\/strive\/#\/schema\/logo\/image\/\",\"url\":\"https:\/\/stxgroup.com\/app\/themes\/ChildTheme\/assets\/uploads\/site\/4\/2023\/02\/strive-logo-header-cutout-2.svg\",\"contentUrl\":\"https:\/\/stxgroup.com\/app\/themes\/ChildTheme\/assets\/uploads\/site\/4\/2023\/02\/strive-logo-header-cutout-2.svg\",\"width\":279,\"height\":130,\"caption\":\"STRIVE by STX\"},\"image\":{\"@id\":\"https:\/\/stxgroup.com\/strive\/#\/schema\/logo\/image\/\"}}]}<\/script>\n<!-- \/ Yoast SEO plugin. -->","yoast_head_json":{"title":"Accompagnement CEE sp\u00e9cialis\u00e9 | STRIVE by STX","description":"T\u00e9l\u00e9chargez une infographie d\u00e9taill\u00e9e de toutes les \u00e9tapes pour comprendre tous les avantages financiers et autres de l'accompagnement STX.","robots":{"index":"index","follow":"follow","max-snippet":"max-snippet:-1","max-image-preview":"max-image-preview:large","max-video-preview":"max-video-preview:-1"},"canonical":"https:\/\/stxgroup.com\/strive\/fr\/publications\/accompagnement-cee-specialise-infographie\/","og_locale":"en_US","og_type":"article","og_title":"Accompagnement CEE sp\u00e9cialis\u00e9 | STRIVE by STX","og_description":"T\u00e9l\u00e9chargez une infographie d\u00e9taill\u00e9e de toutes les \u00e9tapes pour comprendre tous les avantages financiers et autres de l'accompagnement STX.","og_url":"https:\/\/stxgroup.com\/strive\/fr\/publications\/accompagnement-cee-specialise-infographie\/","og_site_name":"STRIVE by STX","article_modified_time":"2024-09-10T15:44:00+00:00","og_image":[{"width":1920,"height":1039,"url":"https:\/\/stxgroup.com\/app\/themes\/ChildTheme\/assets\/uploads\/site\/4\/2024\/09\/Corporates-Infograhic.jpg","type":"image\/jpeg"}],"twitter_card":"summary_large_image","twitter_misc":{"Est. reading time":"1 minute"},"schema":{"@context":"https:\/\/schema.org","@graph":[{"@type":"WebPage","@id":"https:\/\/stxgroup.com\/strive\/fr\/publications\/accompagnement-cee-specialise-infographie\/","url":"https:\/\/stxgroup.com\/strive\/fr\/publications\/accompagnement-cee-specialise-infographie\/","name":"Accompagnement CEE sp\u00e9cialis\u00e9 | STRIVE by STX","isPartOf":{"@id":"https:\/\/stxgroup.com\/strive\/#website"},"primaryImageOfPage":{"@id":"https:\/\/stxgroup.com\/strive\/fr\/publications\/accompagnement-cee-specialise-infographie\/#primaryimage"},"image":{"@id":"https:\/\/stxgroup.com\/strive\/fr\/publications\/accompagnement-cee-specialise-infographie\/#primaryimage"},"thumbnailUrl":"https:\/\/stxgroup.com\/app\/themes\/ChildTheme\/assets\/uploads\/site\/4\/2024\/09\/Corporates-Infograhic.jpg","datePublished":"2024-09-10T15:24:16+00:00","dateModified":"2024-09-10T15:44:00+00:00","description":"T\u00e9l\u00e9chargez une infographie d\u00e9taill\u00e9e de toutes les \u00e9tapes pour comprendre tous les avantages financiers et autres de l'accompagnement STX.","breadcrumb":{"@id":"https:\/\/stxgroup.com\/strive\/fr\/publications\/accompagnement-cee-specialise-infographie\/#breadcrumb"},"inLanguage":"en-US","potentialAction":[{"@type":"ReadAction","target":["https:\/\/stxgroup.com\/strive\/fr\/publications\/accompagnement-cee-specialise-infographie\/"]}]},{"@type":"ImageObject","inLanguage":"en-US","@id":"https:\/\/stxgroup.com\/strive\/fr\/publications\/accompagnement-cee-specialise-infographie\/#primaryimage","url":"https:\/\/stxgroup.com\/app\/themes\/ChildTheme\/assets\/uploads\/site\/4\/2024\/09\/Corporates-Infograhic.jpg","contentUrl":"https:\/\/stxgroup.com\/app\/themes\/ChildTheme\/assets\/uploads\/site\/4\/2024\/09\/Corporates-Infograhic.jpg","width":1920,"height":1039,"caption":"Accompagnement CEE sp\u00e9cialis\u00e9"},{"@type":"BreadcrumbList","@id":"https:\/\/stxgroup.com\/strive\/fr\/publications\/accompagnement-cee-specialise-infographie\/#breadcrumb","itemListElement":[{"@type":"ListItem","position":1,"name":"Home","item":"https:\/\/stxgroup.com\/strive\/"},{"@type":"ListItem","position":2,"name":"Publications FR","item":"https:\/\/stxgroup.com\/strive\/fr\/publications\/"},{"@type":"ListItem","position":3,"name":"STX Energy Efficiency FR &#8211; Corporates Infographic"}]},{"@type":"WebSite","@id":"https:\/\/stxgroup.com\/strive\/#website","url":"https:\/\/stxgroup.com\/strive\/","name":"STRIVE by STX","description":"We transform climate liabilities into business progress","publisher":{"@id":"https:\/\/stxgroup.com\/strive\/#organization"},"potentialAction":[{"@type":"SearchAction","target":{"@type":"EntryPoint","urlTemplate":"https:\/\/stxgroup.com\/strive\/?s={search_term_string}"},"query-input":{"@type":"PropertyValueSpecification","valueRequired":true,"valueName":"search_term_string"}}],"inLanguage":"en-US"},{"@type":"Organization","@id":"https:\/\/stxgroup.com\/strive\/#organization","name":"STRIVE by STX","url":"https:\/\/stxgroup.com\/strive\/","logo":{"@type":"ImageObject","inLanguage":"en-US","@id":"https:\/\/stxgroup.com\/strive\/#\/schema\/logo\/image\/","url":"https:\/\/stxgroup.com\/app\/themes\/ChildTheme\/assets\/uploads\/site\/4\/2023\/02\/strive-logo-header-cutout-2.svg","contentUrl":"https:\/\/stxgroup.com\/app\/themes\/ChildTheme\/assets\/uploads\/site\/4\/2023\/02\/strive-logo-header-cutout-2.svg","width":279,"height":130,"caption":"STRIVE by STX"},"image":{"@id":"https:\/\/stxgroup.com\/strive\/#\/schema\/logo\/image\/"}}]}},"lang":"fr","translations":{"fr":7701,"es":5203,"en":7699},"pll_sync_post":[],"_links":{"self":[{"href":"https:\/\/stxgroup.com\/strive\/wp-json\/wp\/v2\/pages\/7701","targetHints":{"allow":["GET"]}}],"collection":[{"href":"https:\/\/stxgroup.com\/strive\/wp-json\/wp\/v2\/pages"}],"about":[{"href":"https:\/\/stxgroup.com\/strive\/wp-json\/wp\/v2\/types\/page"}],"author":[{"embeddable":true,"href":"https:\/\/stxgroup.com\/strive\/wp-json\/wp\/v2\/users\/13"}],"replies":[{"embeddable":true,"href":"https:\/\/stxgroup.com\/strive\/wp-json\/wp\/v2\/comments?post=7701"}],"version-history":[{"count":5,"href":"https:\/\/stxgroup.com\/strive\/wp-json\/wp\/v2\/pages\/7701\/revisions"}],"predecessor-version":[{"id":7709,"href":"https:\/\/stxgroup.com\/strive\/wp-json\/wp\/v2\/pages\/7701\/revisions\/7709"}],"up":[{"embeddable":true,"href":"https:\/\/stxgroup.com\/strive\/wp-json\/wp\/v2\/pages\/7703"}],"wp:featuredmedia":[{"embeddable":true,"href":"https:\/\/stxgroup.com\/strive\/wp-json\/wp\/v2\/media\/7702"}],"wp:attachment":[{"href":"https:\/\/stxgroup.com\/strive\/wp-json\/wp\/v2\/media?parent=7701"}],"curies":[{"name":"wp","href":"https:\/\/api.w.org\/{rel}","templated":true}]}}