{"id":7095,"date":"2024-06-28T17:33:12","date_gmt":"2024-06-28T15:33:12","guid":{"rendered":"https:\/\/stxgroup.com\/strive\/?page_id=7095"},"modified":"2024-12-17T16:25:28","modified_gmt":"2024-12-17T15:25:28","slug":"informe-certificados-de-ahorro-energetico","status":"publish","type":"page","link":"https:\/\/stxgroup.com\/strive\/es\/publicaciones\/informe-certificados-de-ahorro-energetico\/","title":{"rendered":"Certificados de Ahorro Energ\u00e9tico: Impulsores de Rentabilidad y Sostenibilidad Empresarial en la Transici\u00f3n Energ\u00e9tica"},"content":{"rendered":"\r\n      <section class=\"c-hero c-hero--size_l c-hero--variation_center-left-2\"\r\n      style=\"\r\n      background-image: url(https:\/\/stxgroup.com\/app\/themes\/ChildTheme\/assets\/uploads\/site\/4\/2024\/06\/iStock-1345634803-scaled.jpg);\r\n      background-color: #141729;\r\n      \">\r\n      <div class=\"c-hero--inner\">\r\n          <a href=\"javascript:history.back()\" class=\"c-hero--back-action c-button--simple\">\r\n            <svg viewBox=\"0 0 700 700\" xmlns=\"http:\/\/www.w3.org\/2000\/svg\">\n  <path d=\"M 396.387 150.142 L 240.773 302.804 L 586.236 301.664 L 587.946 399.102 L 244.194 399.102 L 394.669 548.412 L 330.045 616.001 L 63.692 350.381 L 327.764 84 Z\"\/>\n<\/svg>\r\n            <span>BACK<\/span>\r\n          <\/a>\r\n          <h1 class=\"c-hero--title\">Informe descargable\r\n\r\n<strong>CERTIFICADOS DE AHORRO ENERG\u00c9TICO: IMPULSORES DE RENTABILIDAD Y SOSTENIBILIDAD EMPRESARIAL<\/strong><\/h1>\r\n      <\/div>\r\n      <\/section>\r\n      \n\n\n<div class=\"c-button-right-line c-row--expanded\"><div class=\"rhombus rhombus--color-mirage c-row--expanded-col-last c-row--expanded-col-3\"><div class=\"c-row--expanded--inner\"><a href=\"#formulario\" class=\"c-button\"><span>DESCARGAR<\/span><\/a><\/div><\/div><\/div>\n\n\n\n<div class=\"c-mb-100\"><\/div>\n\n\n\n<div class=\"wp-block-create-block-gb-container-content-width row-wide\">\n<div class=\"wp-block-columns is-layout-flex wp-container-core-columns-is-layout-1 wp-block-columns-is-layout-flex\">\n<div class=\"wp-block-column is-layout-flow wp-block-column-is-layout-flow\">\n<p><strong>Descarga nuestro informe sobre Certificados de Ahorro Energ\u00e9tico (CAEs) <\/strong>para descubrir c\u00f3mo puedes aumentar la rentabilidad y sostenibilidad de tu empresa. Aprende sobre el marco legal, metodolog\u00edas de evaluaci\u00f3n y casos de \u00e9xito que demuestran ahorros significativos de energ\u00eda y reducci\u00f3n de emisiones de CO2. Aprovecha la oportunidad de monetizar tus ahorros energ\u00e9ticos en el mercado, impulsando inversiones en tecnolog\u00edas sostenibles. Este documento es esencial para empresas comprometidas con la eficiencia energ\u00e9tica y la transici\u00f3n hacia un futuro m\u00e1s limpio.<\/p>\n\n\n\n<div class=\"c-mb-30\"><\/div>\n\n\n\n<figure class=\"wp-block-image aligncenter size-full is-resized\"><img loading=\"lazy\" decoding=\"async\" width=\"1200\" height=\"1200\" src=\"https:\/\/stxgroup.com\/app\/themes\/ChildTheme\/assets\/uploads\/site\/4\/2024\/06\/Publications-cover-RE-Procurement-Infographic-1.png\" alt=\"\" class=\"wp-image-7099\" style=\"object-fit:cover;width:400px;height:400px\" srcset=\"https:\/\/stxgroup.com\/app\/themes\/ChildTheme\/assets\/uploads\/site\/4\/2024\/06\/Publications-cover-RE-Procurement-Infographic-1.png 1200w, https:\/\/stxgroup.com\/app\/themes\/ChildTheme\/assets\/uploads\/site\/4\/2024\/06\/Publications-cover-RE-Procurement-Infographic-1-300x300.png 300w, https:\/\/stxgroup.com\/app\/themes\/ChildTheme\/assets\/uploads\/site\/4\/2024\/06\/Publications-cover-RE-Procurement-Infographic-1-1024x1024.png 1024w, https:\/\/stxgroup.com\/app\/themes\/ChildTheme\/assets\/uploads\/site\/4\/2024\/06\/Publications-cover-RE-Procurement-Infographic-1-150x150.png 150w, https:\/\/stxgroup.com\/app\/themes\/ChildTheme\/assets\/uploads\/site\/4\/2024\/06\/Publications-cover-RE-Procurement-Infographic-1-768x768.png 768w\" sizes=\"auto, (max-width: 1200px) 100vw, 1200px\" \/><\/figure>\n<\/div>\n\n\n\n<div class=\"wp-block-column is-vertically-aligned-top has-background has-global-padding is-layout-constrained wp-container-core-column-is-layout-2 wp-block-column-is-layout-constrained\" style=\"border-style:none;border-width:0px;background-color:#50637d;padding-top:0;padding-right:var(--wp--preset--spacing--30);padding-bottom:0;padding-left:var(--wp--preset--spacing--30)\">\n<div class=\"wp-block-create-block-gb-container-block\">\n<div class=\"c-mb-50\"><\/div>\n\n\n\n<div id=\"formulario\"><\/div>\n\n\n\n<p class=\"wp-block-create-block-gb-text  text-center has-base-color has-text-color has-link-color wp-elements-d8a08c1dc6fcd65c50302c17b73572ff\"><strong>COMPLETA EL FORMULARIO PARA DESCARGAR EL INFORME<\/strong><\/p>\n\n\n\n<div class=\"wp-block-leadin-hubspot-form-block\">\n\t\t\t\t\t\t<script>\n\t\t\t\t\t\t\twindow.hsFormsOnReady = window.hsFormsOnReady || [];\n\t\t\t\t\t\t\twindow.hsFormsOnReady.push(()=>{\n\t\t\t\t\t\t\t\thbspt.forms.create({\n\t\t\t\t\t\t\t\t\tportalId: 27215429,\n\t\t\t\t\t\t\t\t\tformId: \"e10f3ce1-4782-4bce-a6d6-4d9dbbb0e076\",\n\t\t\t\t\t\t\t\t\ttarget: \"#hbspt-form-1775259207000-5846887396\",\n\t\t\t\t\t\t\t\t\tregion: \"eu1\",\n\t\t\t\t\t\t\t\t\t\n\t\t\t\t\t\t\t})});\n\t\t\t\t\t\t<\/script>\n\t\t\t\t\t\t<div class=\"hbspt-form\" id=\"hbspt-form-1775259207000-5846887396\"><\/div><\/div>\n\n\n\n<div class=\"c-mb-50\"><\/div>\n<\/div>\n<\/div>\n<\/div>\n<\/div>\n","protected":false},"excerpt":{"rendered":"","protected":false},"author":3,"featured_media":7097,"parent":6574,"menu_order":0,"comment_status":"closed","ping_status":"closed","template":"","meta":{"content-type":"","footnotes":""},"class_list":["post-7095","page","type-page","status-publish","has-post-thumbnail","hentry"],"yoast_head":"<!-- This site is optimized with the Yoast SEO plugin v26.4 - https:\/\/yoast.com\/wordpress\/plugins\/seo\/ -->\n<title>Certificados de Ahorro Energ\u00e9tico: Impulsores de Rentabilidad y Sostenibilidad Empresarial en la Transici\u00f3n Energ\u00e9tica - STRIVE by STX<\/title>\n<meta name=\"description\" content=\"Descarga nuestro informe sobre Certificados de Ahorro Energ\u00e9tico (CAEs) y descubre c\u00f3mo puedes aumentar la rentabilidad de tu empresa.\" \/>\n<meta name=\"robots\" content=\"index, follow, max-snippet:-1, max-image-preview:large, max-video-preview:-1\" \/>\n<link rel=\"canonical\" href=\"https:\/\/stxgroup.com\/strive\/es\/publicaciones\/informe-certificados-de-ahorro-energetico\/\" \/>\n<meta property=\"og:locale\" content=\"en_US\" \/>\n<meta property=\"og:type\" content=\"article\" \/>\n<meta property=\"og:title\" content=\"Certificados de Ahorro Energ\u00e9tico: Impulsores de Rentabilidad y Sostenibilidad Empresarial en la Transici\u00f3n Energ\u00e9tica - STRIVE by STX\" \/>\n<meta property=\"og:description\" content=\"Descarga nuestro informe sobre Certificados de Ahorro Energ\u00e9tico (CAEs) y descubre c\u00f3mo puedes aumentar la rentabilidad de tu empresa.\" \/>\n<meta property=\"og:url\" content=\"https:\/\/stxgroup.com\/strive\/es\/publicaciones\/informe-certificados-de-ahorro-energetico\/\" \/>\n<meta property=\"og:site_name\" content=\"STRIVE by STX\" \/>\n<meta property=\"article:modified_time\" content=\"2024-12-17T15:25:28+00:00\" \/>\n<meta property=\"og:image\" content=\"https:\/\/stxgroup.com\/app\/themes\/ChildTheme\/assets\/uploads\/site\/4\/2024\/06\/iStock-1345634803-scaled.jpg\" \/>\n\t<meta property=\"og:image:width\" content=\"2560\" \/>\n\t<meta property=\"og:image:height\" content=\"1438\" \/>\n\t<meta property=\"og:image:type\" content=\"image\/jpeg\" \/>\n<meta name=\"twitter:card\" content=\"summary_large_image\" \/>\n<meta name=\"twitter:label1\" content=\"Est. reading time\" \/>\n\t<meta name=\"twitter:data1\" content=\"1 minute\" \/>\n<script type=\"application\/ld+json\" class=\"yoast-schema-graph\">{\"@context\":\"https:\/\/schema.org\",\"@graph\":[{\"@type\":\"WebPage\",\"@id\":\"https:\/\/stxgroup.com\/strive\/es\/publicaciones\/informe-certificados-de-ahorro-energetico\/\",\"url\":\"https:\/\/stxgroup.com\/strive\/es\/publicaciones\/informe-certificados-de-ahorro-energetico\/\",\"name\":\"Certificados de Ahorro Energ\u00e9tico: Impulsores de Rentabilidad y Sostenibilidad Empresarial en la Transici\u00f3n Energ\u00e9tica - STRIVE by STX\",\"isPartOf\":{\"@id\":\"https:\/\/stxgroup.com\/strive\/#website\"},\"primaryImageOfPage\":{\"@id\":\"https:\/\/stxgroup.com\/strive\/es\/publicaciones\/informe-certificados-de-ahorro-energetico\/#primaryimage\"},\"image\":{\"@id\":\"https:\/\/stxgroup.com\/strive\/es\/publicaciones\/informe-certificados-de-ahorro-energetico\/#primaryimage\"},\"thumbnailUrl\":\"https:\/\/stxgroup.com\/app\/themes\/ChildTheme\/assets\/uploads\/site\/4\/2024\/06\/iStock-1345634803-scaled.jpg\",\"datePublished\":\"2024-06-28T15:33:12+00:00\",\"dateModified\":\"2024-12-17T15:25:28+00:00\",\"description\":\"Descarga nuestro informe sobre Certificados de Ahorro Energ\u00e9tico (CAEs) y descubre c\u00f3mo puedes aumentar la rentabilidad de tu empresa.\",\"breadcrumb\":{\"@id\":\"https:\/\/stxgroup.com\/strive\/es\/publicaciones\/informe-certificados-de-ahorro-energetico\/#breadcrumb\"},\"inLanguage\":\"en-US\",\"potentialAction\":[{\"@type\":\"ReadAction\",\"target\":[\"https:\/\/stxgroup.com\/strive\/es\/publicaciones\/informe-certificados-de-ahorro-energetico\/\"]}]},{\"@type\":\"ImageObject\",\"inLanguage\":\"en-US\",\"@id\":\"https:\/\/stxgroup.com\/strive\/es\/publicaciones\/informe-certificados-de-ahorro-energetico\/#primaryimage\",\"url\":\"https:\/\/stxgroup.com\/app\/themes\/ChildTheme\/assets\/uploads\/site\/4\/2024\/06\/iStock-1345634803-scaled.jpg\",\"contentUrl\":\"https:\/\/stxgroup.com\/app\/themes\/ChildTheme\/assets\/uploads\/site\/4\/2024\/06\/iStock-1345634803-scaled.jpg\",\"width\":2560,\"height\":1438,\"caption\":\"informe certificados de ahorro energetico\"},{\"@type\":\"BreadcrumbList\",\"@id\":\"https:\/\/stxgroup.com\/strive\/es\/publicaciones\/informe-certificados-de-ahorro-energetico\/#breadcrumb\",\"itemListElement\":[{\"@type\":\"ListItem\",\"position\":1,\"name\":\"Home\",\"item\":\"https:\/\/stxgroup.com\/strive\/\"},{\"@type\":\"ListItem\",\"position\":2,\"name\":\"Publications ES\",\"item\":\"https:\/\/stxgroup.com\/strive\/es\/publicaciones\/\"},{\"@type\":\"ListItem\",\"position\":3,\"name\":\"Certificados de Ahorro Energ\u00e9tico: Impulsores de Rentabilidad y Sostenibilidad Empresarial en la Transici\u00f3n Energ\u00e9tica\"}]},{\"@type\":\"WebSite\",\"@id\":\"https:\/\/stxgroup.com\/strive\/#website\",\"url\":\"https:\/\/stxgroup.com\/strive\/\",\"name\":\"STRIVE by STX\",\"description\":\"We transform climate liabilities into business progress\",\"publisher\":{\"@id\":\"https:\/\/stxgroup.com\/strive\/#organization\"},\"potentialAction\":[{\"@type\":\"SearchAction\",\"target\":{\"@type\":\"EntryPoint\",\"urlTemplate\":\"https:\/\/stxgroup.com\/strive\/?s={search_term_string}\"},\"query-input\":{\"@type\":\"PropertyValueSpecification\",\"valueRequired\":true,\"valueName\":\"search_term_string\"}}],\"inLanguage\":\"en-US\"},{\"@type\":\"Organization\",\"@id\":\"https:\/\/stxgroup.com\/strive\/#organization\",\"name\":\"STRIVE by STX\",\"url\":\"https:\/\/stxgroup.com\/strive\/\",\"logo\":{\"@type\":\"ImageObject\",\"inLanguage\":\"en-US\",\"@id\":\"https:\/\/stxgroup.com\/strive\/#\/schema\/logo\/image\/\",\"url\":\"https:\/\/stxgroup.com\/app\/themes\/ChildTheme\/assets\/uploads\/site\/4\/2023\/02\/strive-logo-header-cutout-2.svg\",\"contentUrl\":\"https:\/\/stxgroup.com\/app\/themes\/ChildTheme\/assets\/uploads\/site\/4\/2023\/02\/strive-logo-header-cutout-2.svg\",\"width\":279,\"height\":130,\"caption\":\"STRIVE by STX\"},\"image\":{\"@id\":\"https:\/\/stxgroup.com\/strive\/#\/schema\/logo\/image\/\"}}]}<\/script>\n<!-- \/ Yoast SEO plugin. -->","yoast_head_json":{"title":"Certificados de Ahorro Energ\u00e9tico: Impulsores de Rentabilidad y Sostenibilidad Empresarial en la Transici\u00f3n Energ\u00e9tica - STRIVE by STX","description":"Descarga nuestro informe sobre Certificados de Ahorro Energ\u00e9tico (CAEs) y descubre c\u00f3mo puedes aumentar la rentabilidad de tu empresa.","robots":{"index":"index","follow":"follow","max-snippet":"max-snippet:-1","max-image-preview":"max-image-preview:large","max-video-preview":"max-video-preview:-1"},"canonical":"https:\/\/stxgroup.com\/strive\/es\/publicaciones\/informe-certificados-de-ahorro-energetico\/","og_locale":"en_US","og_type":"article","og_title":"Certificados de Ahorro Energ\u00e9tico: Impulsores de Rentabilidad y Sostenibilidad Empresarial en la Transici\u00f3n Energ\u00e9tica - STRIVE by STX","og_description":"Descarga nuestro informe sobre Certificados de Ahorro Energ\u00e9tico (CAEs) y descubre c\u00f3mo puedes aumentar la rentabilidad de tu empresa.","og_url":"https:\/\/stxgroup.com\/strive\/es\/publicaciones\/informe-certificados-de-ahorro-energetico\/","og_site_name":"STRIVE by STX","article_modified_time":"2024-12-17T15:25:28+00:00","og_image":[{"width":2560,"height":1438,"url":"https:\/\/stxgroup.com\/app\/themes\/ChildTheme\/assets\/uploads\/site\/4\/2024\/06\/iStock-1345634803-scaled.jpg","type":"image\/jpeg"}],"twitter_card":"summary_large_image","twitter_misc":{"Est. reading time":"1 minute"},"schema":{"@context":"https:\/\/schema.org","@graph":[{"@type":"WebPage","@id":"https:\/\/stxgroup.com\/strive\/es\/publicaciones\/informe-certificados-de-ahorro-energetico\/","url":"https:\/\/stxgroup.com\/strive\/es\/publicaciones\/informe-certificados-de-ahorro-energetico\/","name":"Certificados de Ahorro Energ\u00e9tico: Impulsores de Rentabilidad y Sostenibilidad Empresarial en la Transici\u00f3n Energ\u00e9tica - STRIVE by STX","isPartOf":{"@id":"https:\/\/stxgroup.com\/strive\/#website"},"primaryImageOfPage":{"@id":"https:\/\/stxgroup.com\/strive\/es\/publicaciones\/informe-certificados-de-ahorro-energetico\/#primaryimage"},"image":{"@id":"https:\/\/stxgroup.com\/strive\/es\/publicaciones\/informe-certificados-de-ahorro-energetico\/#primaryimage"},"thumbnailUrl":"https:\/\/stxgroup.com\/app\/themes\/ChildTheme\/assets\/uploads\/site\/4\/2024\/06\/iStock-1345634803-scaled.jpg","datePublished":"2024-06-28T15:33:12+00:00","dateModified":"2024-12-17T15:25:28+00:00","description":"Descarga nuestro informe sobre Certificados de Ahorro Energ\u00e9tico (CAEs) y descubre c\u00f3mo puedes aumentar la rentabilidad de tu empresa.","breadcrumb":{"@id":"https:\/\/stxgroup.com\/strive\/es\/publicaciones\/informe-certificados-de-ahorro-energetico\/#breadcrumb"},"inLanguage":"en-US","potentialAction":[{"@type":"ReadAction","target":["https:\/\/stxgroup.com\/strive\/es\/publicaciones\/informe-certificados-de-ahorro-energetico\/"]}]},{"@type":"ImageObject","inLanguage":"en-US","@id":"https:\/\/stxgroup.com\/strive\/es\/publicaciones\/informe-certificados-de-ahorro-energetico\/#primaryimage","url":"https:\/\/stxgroup.com\/app\/themes\/ChildTheme\/assets\/uploads\/site\/4\/2024\/06\/iStock-1345634803-scaled.jpg","contentUrl":"https:\/\/stxgroup.com\/app\/themes\/ChildTheme\/assets\/uploads\/site\/4\/2024\/06\/iStock-1345634803-scaled.jpg","width":2560,"height":1438,"caption":"informe certificados de ahorro energetico"},{"@type":"BreadcrumbList","@id":"https:\/\/stxgroup.com\/strive\/es\/publicaciones\/informe-certificados-de-ahorro-energetico\/#breadcrumb","itemListElement":[{"@type":"ListItem","position":1,"name":"Home","item":"https:\/\/stxgroup.com\/strive\/"},{"@type":"ListItem","position":2,"name":"Publications ES","item":"https:\/\/stxgroup.com\/strive\/es\/publicaciones\/"},{"@type":"ListItem","position":3,"name":"Certificados de Ahorro Energ\u00e9tico: Impulsores de Rentabilidad y Sostenibilidad Empresarial en la Transici\u00f3n Energ\u00e9tica"}]},{"@type":"WebSite","@id":"https:\/\/stxgroup.com\/strive\/#website","url":"https:\/\/stxgroup.com\/strive\/","name":"STRIVE by STX","description":"We transform climate liabilities into business progress","publisher":{"@id":"https:\/\/stxgroup.com\/strive\/#organization"},"potentialAction":[{"@type":"SearchAction","target":{"@type":"EntryPoint","urlTemplate":"https:\/\/stxgroup.com\/strive\/?s={search_term_string}"},"query-input":{"@type":"PropertyValueSpecification","valueRequired":true,"valueName":"search_term_string"}}],"inLanguage":"en-US"},{"@type":"Organization","@id":"https:\/\/stxgroup.com\/strive\/#organization","name":"STRIVE by STX","url":"https:\/\/stxgroup.com\/strive\/","logo":{"@type":"ImageObject","inLanguage":"en-US","@id":"https:\/\/stxgroup.com\/strive\/#\/schema\/logo\/image\/","url":"https:\/\/stxgroup.com\/app\/themes\/ChildTheme\/assets\/uploads\/site\/4\/2023\/02\/strive-logo-header-cutout-2.svg","contentUrl":"https:\/\/stxgroup.com\/app\/themes\/ChildTheme\/assets\/uploads\/site\/4\/2023\/02\/strive-logo-header-cutout-2.svg","width":279,"height":130,"caption":"STRIVE by STX"},"image":{"@id":"https:\/\/stxgroup.com\/strive\/#\/schema\/logo\/image\/"}}]}},"lang":"es","translations":{"es":7095},"pll_sync_post":[],"_links":{"self":[{"href":"https:\/\/stxgroup.com\/strive\/wp-json\/wp\/v2\/pages\/7095","targetHints":{"allow":["GET"]}}],"collection":[{"href":"https:\/\/stxgroup.com\/strive\/wp-json\/wp\/v2\/pages"}],"about":[{"href":"https:\/\/stxgroup.com\/strive\/wp-json\/wp\/v2\/types\/page"}],"author":[{"embeddable":true,"href":"https:\/\/stxgroup.com\/strive\/wp-json\/wp\/v2\/users\/3"}],"replies":[{"embeddable":true,"href":"https:\/\/stxgroup.com\/strive\/wp-json\/wp\/v2\/comments?post=7095"}],"version-history":[{"count":4,"href":"https:\/\/stxgroup.com\/strive\/wp-json\/wp\/v2\/pages\/7095\/revisions"}],"predecessor-version":[{"id":8549,"href":"https:\/\/stxgroup.com\/strive\/wp-json\/wp\/v2\/pages\/7095\/revisions\/8549"}],"up":[{"embeddable":true,"href":"https:\/\/stxgroup.com\/strive\/wp-json\/wp\/v2\/pages\/6574"}],"wp:featuredmedia":[{"embeddable":true,"href":"https:\/\/stxgroup.com\/strive\/wp-json\/wp\/v2\/media\/7097"}],"wp:attachment":[{"href":"https:\/\/stxgroup.com\/strive\/wp-json\/wp\/v2\/media?parent=7095"}],"curies":[{"name":"wp","href":"https:\/\/api.w.org\/{rel}","templated":true}]}}