{"id":6896,"date":"2024-05-31T10:22:30","date_gmt":"2024-05-31T08:22:30","guid":{"rendered":"https:\/\/stxgroup.com\/strive\/?page_id=6896"},"modified":"2024-06-11T14:28:26","modified_gmt":"2024-06-11T12:28:26","slug":"webinar-descarbonizando-la-compra-de-energia-irecs","status":"publish","type":"page","link":"https:\/\/stxgroup.com\/strive\/es\/eventos\/webinar-descarbonizando-la-compra-de-energia-irecs\/","title":{"rendered":"Descarbonizando la compra de energ\u00eda: I-RECs"},"content":{"rendered":"\n<section class=\"wp-block-create-block-gb-hero c-hero c-hero--size_xs c-hero--variation_center-left c-hero--bg_position_cc\" style=\"background-image:url(https:\/\/stxgroup.com\/app\/themes\/ChildTheme\/assets\/uploads\/site\/4\/2024\/06\/iStock-1337173750-large-1-1.jpg);background-color:#141729\">\n<div class=\"wp-block-create-block-gb-container-block c-hero--inner\">\n<a class=\"wp-block-create-block-gb-link d-block  c-hero--back-action c-button--simple\" href=\"javascript:history.back()\">\n\t\t\t\t\t\t<svg viewBox=\"0 0 700 700\" xmlns=\"http:\/\/www.w3.org\/2000\/svg\">\n\t\t\t\t\t\t\t<path d=\"M 396.387 150.142 L 240.773 302.804 L 586.236 301.664 L 587.946 399.102 L 244.194 399.102 L 394.669 548.412 L 330.045 616.001 L 63.692 350.381 L 327.764 84 Z\"><\/path>\n\t\t\t\t\t\t<\/svg>\n\t\t\t\t\t\t\t<span>BACK<\/span>\n\t\t\t\t\t\t<\/a>\n\n\n\n<h1 class=\"wp-block-create-block-gb-text  c-hero--title\"><\/h1>\n<\/div>\n\n\n\n<div class=\"wp-block-create-block-gb-container-block c-hero--bottom\"><\/div>\n<\/section>\n\n\n\n<div class=\"c-mb-100\"><\/div>\n\n\n\n<div class=\"row-wide\"><div class=\"c-heading-simple\"><h1 class=\"c-heading-simple--title\" placeholder=\"Write your text...\">Webinar<br><strong>DESCARBONIZAndo la compra de energ\u00eda: I-RECS<\/strong><\/h1><\/div><\/div>\n\n\n\n<div class=\"wp-block-create-block-gb-alternate-right-row c-item-inrow c-row--expanded c-item-inrow--side__right c-item-inrow--bgcolor__rock\">\n<div class=\"wp-block-create-block-gb-container-block c-item-inrow--content c-row--expanded-col-6\">\n<div class=\"wp-block-create-block-gb-container-block c-row--expanded--inner\">\n<h2 class=\"wp-block-create-block-gb-text  c-item-inrow--title\">25 de Junio &#8211; 10.00 am hora de Ciudad de M\u00e9xico<\/h2>\n\n\n\n<p class=\"wp-block-create-block-gb-text  c-item-inrow--description\">\u00danete a nuestro webinar &#8220;Descarbonizando la compra de energ\u00eda: <br>I-RECs&#8221; para descubrir c\u00f3mo los Certificados Internacionales de Energ\u00eda Renovable (I-RECs) pueden transformar tu estrategia de sostenibilidad.<\/p>\n\n\n\n<a href=\"#registro\" class=\"c-button   c-button--aligned\"><span class=\"wp-block-create-block-gb-link-rhombus\">Reg\u00edstrate<\/span><\/a>\n<\/div>\n<\/div>\n\n\n\n<div class=\"wp-block-create-block-gb-container-block c-item-inrow--image c-row--expanded-col-6\">\n<div class=\"c-item-inrow--image--content c-row--expanded--inner\">\n<div class=\"c-img-rhombus  c-img-rhombus--right\"><img decoding=\"async\" alt=\"Event-Webpage-Renewable-Electricity-Webinar-6\" src=\"https:\/\/stxgroup.com\/app\/themes\/ChildTheme\/assets\/uploads\/site\/4\/2024\/06\/Event-Webpage-Renewable-Electricity-Webinar-6.png\"\/><\/div>\n<\/div>\n<\/div>\n<\/div>\n\n\n\n<div class=\"c-mb-100\"><\/div>\n\n\n\n<div class=\"row-wide\"><div class=\"c-heading-simple\"><h1 class=\"c-heading-simple--title\" placeholder=\"Write your text...\">Agenda<\/h1><\/div><\/div>\n\n\n\n<div class=\"wp-block-create-block-gb-container-content-width row-wide\">\n<ol class=\"wp-block-list\">\n<li>Introducci\u00f3n <\/li>\n\n\n\n<li>Importancia del Alcance 2 <\/li>\n\n\n\n<li>Como reducir emisiones en el Alcance 2<\/li>\n\n\n\n<li>Funcionamiento de los Certificados de Atributos Energ\u00e9ticos<\/li>\n\n\n\n<li>IREC Standard en LATAM<\/li>\n\n\n\n<li>Contexto y situaci\u00f3n en LATAM<\/li>\n\n\n\n<li>Casos pr\u00e1cticos (Optimizaci\u00f3n Financiera de I-RECs)<\/li>\n\n\n\n<li>Preguntas<\/li>\n<\/ol>\n<\/div>\n\n\n\n<div class=\"c-mb-100\"><\/div>\n\n\n\n<div class=\"row-wide\"><div class=\"c-heading-simple\"><h1 class=\"c-heading-simple--title\" placeholder=\"Write your text...\">Ponentes<\/h1><\/div><\/div>\n\n\n\n<div class=\"c-mb-20\"><\/div>\n\n\n\n<div class=\"row-wide grid-row\"><div class=\"wp-block-create-block-gb-grid-row c-row\">\n<div class=\"wp-block-create-block-gb-grid-item c-col-4\">\n<div class=\"wp-block-create-block-gb-container-block c-item-inlist grid-row\">\n<figure class=\"wp-block-image size-full is-resized\"><img loading=\"lazy\" decoding=\"async\" width=\"800\" height=\"800\" src=\"https:\/\/stxgroup.com\/app\/themes\/ChildTheme\/assets\/uploads\/site\/4\/2024\/06\/1634812414186-1.jpg\" alt=\"\" class=\"wp-image-6987\" style=\"object-fit:cover;width:300px;height:300px\" srcset=\"https:\/\/stxgroup.com\/app\/themes\/ChildTheme\/assets\/uploads\/site\/4\/2024\/06\/1634812414186-1.jpg 800w, https:\/\/stxgroup.com\/app\/themes\/ChildTheme\/assets\/uploads\/site\/4\/2024\/06\/1634812414186-1-300x300.jpg 300w, https:\/\/stxgroup.com\/app\/themes\/ChildTheme\/assets\/uploads\/site\/4\/2024\/06\/1634812414186-1-150x150.jpg 150w, https:\/\/stxgroup.com\/app\/themes\/ChildTheme\/assets\/uploads\/site\/4\/2024\/06\/1634812414186-1-768x768.jpg 768w\" sizes=\"auto, (max-width: 800px) 100vw, 800px\" \/><\/figure>\n\n\n\n<h3 class=\"wp-block-create-block-gb-text-equal-height  c-item-inlistu002du002dtitle js__equal-height c-item-inlist--title\" data-equal-height-type=\"grid-item-title\">Emmanuel Jaquez<\/h3>\n\n\n\n<p class=\"wp-block-create-block-gb-text  c-item-inlistu002du002ddescription c-item-inlist--description\">Corporate Account Manager<br><strong>STRIVE by STX<\/strong><\/p>\n<\/div>\n<\/div>\n\n\n\n<div class=\"wp-block-create-block-gb-grid-item c-col-4\">\n<div class=\"wp-block-create-block-gb-container-block c-item-inlist grid-row\">\n<figure class=\"wp-block-image size-full is-resized\"><img loading=\"lazy\" decoding=\"async\" width=\"800\" height=\"800\" src=\"https:\/\/stxgroup.com\/app\/themes\/ChildTheme\/assets\/uploads\/site\/4\/2024\/06\/Juan-Andrade-1.jpg\" alt=\"\" class=\"wp-image-6999\" style=\"object-fit:cover;width:300px;height:300px\" srcset=\"https:\/\/stxgroup.com\/app\/themes\/ChildTheme\/assets\/uploads\/site\/4\/2024\/06\/Juan-Andrade-1.jpg 800w, https:\/\/stxgroup.com\/app\/themes\/ChildTheme\/assets\/uploads\/site\/4\/2024\/06\/Juan-Andrade-1-300x300.jpg 300w, https:\/\/stxgroup.com\/app\/themes\/ChildTheme\/assets\/uploads\/site\/4\/2024\/06\/Juan-Andrade-1-150x150.jpg 150w, https:\/\/stxgroup.com\/app\/themes\/ChildTheme\/assets\/uploads\/site\/4\/2024\/06\/Juan-Andrade-1-768x768.jpg 768w\" sizes=\"auto, (max-width: 800px) 100vw, 800px\" \/><\/figure>\n\n\n\n<h3 class=\"wp-block-create-block-gb-text-equal-height  c-item-inlistu002du002dtitle js__equal-height c-item-inlist--title\" data-equal-height-type=\"grid-item-title\">Juan Andrade<\/h3>\n\n\n\n<p class=\"wp-block-create-block-gb-text  c-item-inlistu002du002ddescription c-item-inlist--description\">Senior Sales Trader<br><strong>STX GROUP<\/strong><\/p>\n<\/div>\n<\/div>\n\n\n\n<div class=\"wp-block-create-block-gb-grid-item c-col-4\">\n<div class=\"wp-block-create-block-gb-container-block c-item-inlist grid-row\">\n<figure class=\"wp-block-image size-full is-resized\"><img loading=\"lazy\" decoding=\"async\" width=\"562\" height=\"562\" src=\"https:\/\/stxgroup.com\/app\/themes\/ChildTheme\/assets\/uploads\/site\/4\/2024\/06\/Benjamin-Herrera.jpg\" alt=\"\" class=\"wp-image-6991\" style=\"object-fit:cover;width:300px;height:300px\" srcset=\"https:\/\/stxgroup.com\/app\/themes\/ChildTheme\/assets\/uploads\/site\/4\/2024\/06\/Benjamin-Herrera.jpg 562w, https:\/\/stxgroup.com\/app\/themes\/ChildTheme\/assets\/uploads\/site\/4\/2024\/06\/Benjamin-Herrera-300x300.jpg 300w, https:\/\/stxgroup.com\/app\/themes\/ChildTheme\/assets\/uploads\/site\/4\/2024\/06\/Benjamin-Herrera-150x150.jpg 150w\" sizes=\"auto, (max-width: 562px) 100vw, 562px\" \/><\/figure>\n\n\n\n<h3 class=\"wp-block-create-block-gb-text-equal-height  c-item-inlistu002du002dtitle js__equal-height c-item-inlist--title\" data-equal-height-type=\"grid-item-title\">Benjam\u00edn Herrera<\/h3>\n\n\n\n<p class=\"wp-block-create-block-gb-text  c-item-inlistu002du002ddescription c-item-inlist--description\">Regional Director for Latin America<br><strong>The International I-REC Standard Foundation<br><\/strong><\/p>\n<\/div>\n<\/div>\n<\/div><\/div>\n\n\n\n<div class=\"c-mb-75\"><\/div>\n\n\n\n<div id=\"registro\"><\/div>\n\n\n\n<div class=\"wp-block-create-block-gb-container-content-width row-wide\">\n<p class=\"wp-block-create-block-gb-text\"><strong>Completa el formulario para registrarte en el webinar.<\/strong><\/p>\n\n\n\n<div class=\"wp-block-leadin-hubspot-form-block\">\n\t\t\t\t\t\t<script>\n\t\t\t\t\t\t\twindow.hsFormsOnReady = window.hsFormsOnReady || [];\n\t\t\t\t\t\t\twindow.hsFormsOnReady.push(()=>{\n\t\t\t\t\t\t\t\thbspt.forms.create({\n\t\t\t\t\t\t\t\t\tportalId: 27215429,\n\t\t\t\t\t\t\t\t\tformId: \"74c4fd7b-3c3a-4b52-88f7-05ca816bed5f\",\n\t\t\t\t\t\t\t\t\ttarget: \"#hbspt-form-1775240666000-1652875039\",\n\t\t\t\t\t\t\t\t\tregion: \"eu1\",\n\t\t\t\t\t\t\t\t\t\n\t\t\t\t\t\t\t})});\n\t\t\t\t\t\t<\/script>\n\t\t\t\t\t\t<div class=\"hbspt-form\" id=\"hbspt-form-1775240666000-1652875039\"><\/div><\/div>\n\n\n\n<div class=\"c-mb-100\"><\/div>\n<\/div>\n","protected":false},"excerpt":{"rendered":"","protected":false},"author":3,"featured_media":6898,"parent":4166,"menu_order":0,"comment_status":"closed","ping_status":"closed","template":"","meta":{"content-type":"","footnotes":""},"class_list":["post-6896","page","type-page","status-publish","has-post-thumbnail","hentry"],"yoast_head":"<!-- This site is optimized with the Yoast SEO plugin v26.4 - https:\/\/yoast.com\/wordpress\/plugins\/seo\/ -->\n<title>Webinar | Descarbonizando la compra de energ\u00eda: IRECS<\/title>\n<meta name=\"description\" content=\"\u00danete a nuestro webinar y descubre c\u00f3mo los IRECs pueden descarbonizar tu energ\u00eda y transformar tu estrategia de sostenibilidad.\" \/>\n<meta name=\"robots\" content=\"index, follow, max-snippet:-1, max-image-preview:large, max-video-preview:-1\" \/>\n<link rel=\"canonical\" href=\"https:\/\/stxgroup.com\/strive\/es\/eventos\/webinar-descarbonizando-la-compra-de-energia-irecs\/\" \/>\n<meta property=\"og:locale\" content=\"en_US\" \/>\n<meta property=\"og:type\" content=\"article\" \/>\n<meta property=\"og:title\" content=\"Webinar | Descarbonizando la compra de energ\u00eda: IRECS\" \/>\n<meta property=\"og:description\" content=\"\u00danete a nuestro webinar y descubre c\u00f3mo los IRECs pueden descarbonizar tu energ\u00eda y transformar tu estrategia de sostenibilidad.\" \/>\n<meta property=\"og:url\" content=\"https:\/\/stxgroup.com\/strive\/es\/eventos\/webinar-descarbonizando-la-compra-de-energia-irecs\/\" \/>\n<meta property=\"og:site_name\" content=\"STRIVE by STX\" \/>\n<meta property=\"article:modified_time\" content=\"2024-06-11T12:28:26+00:00\" \/>\n<meta property=\"og:image\" content=\"https:\/\/stxgroup.com\/app\/themes\/ChildTheme\/assets\/uploads\/site\/4\/2024\/05\/american-public-power-association-eIBTh5DXW9w-unsplash-scaled.jpg\" \/>\n\t<meta property=\"og:image:width\" content=\"2560\" \/>\n\t<meta property=\"og:image:height\" content=\"1701\" \/>\n\t<meta property=\"og:image:type\" content=\"image\/jpeg\" \/>\n<meta name=\"twitter:card\" content=\"summary_large_image\" \/>\n<meta name=\"twitter:label1\" content=\"Est. reading time\" \/>\n\t<meta name=\"twitter:data1\" content=\"2 minutes\" \/>\n<script type=\"application\/ld+json\" class=\"yoast-schema-graph\">{\"@context\":\"https:\/\/schema.org\",\"@graph\":[{\"@type\":\"WebPage\",\"@id\":\"https:\/\/stxgroup.com\/strive\/es\/eventos\/webinar-descarbonizando-la-compra-de-energia-irecs\/\",\"url\":\"https:\/\/stxgroup.com\/strive\/es\/eventos\/webinar-descarbonizando-la-compra-de-energia-irecs\/\",\"name\":\"Webinar | Descarbonizando la compra de energ\u00eda: IRECS\",\"isPartOf\":{\"@id\":\"https:\/\/stxgroup.com\/strive\/#website\"},\"primaryImageOfPage\":{\"@id\":\"https:\/\/stxgroup.com\/strive\/es\/eventos\/webinar-descarbonizando-la-compra-de-energia-irecs\/#primaryimage\"},\"image\":{\"@id\":\"https:\/\/stxgroup.com\/strive\/es\/eventos\/webinar-descarbonizando-la-compra-de-energia-irecs\/#primaryimage\"},\"thumbnailUrl\":\"https:\/\/stxgroup.com\/app\/themes\/ChildTheme\/assets\/uploads\/site\/4\/2024\/05\/american-public-power-association-eIBTh5DXW9w-unsplash-scaled.jpg\",\"datePublished\":\"2024-05-31T08:22:30+00:00\",\"dateModified\":\"2024-06-11T12:28:26+00:00\",\"description\":\"\u00danete a nuestro webinar y descubre c\u00f3mo los IRECs pueden descarbonizar tu energ\u00eda y transformar tu estrategia de sostenibilidad.\",\"breadcrumb\":{\"@id\":\"https:\/\/stxgroup.com\/strive\/es\/eventos\/webinar-descarbonizando-la-compra-de-energia-irecs\/#breadcrumb\"},\"inLanguage\":\"en-US\",\"potentialAction\":[{\"@type\":\"ReadAction\",\"target\":[\"https:\/\/stxgroup.com\/strive\/es\/eventos\/webinar-descarbonizando-la-compra-de-energia-irecs\/\"]}]},{\"@type\":\"ImageObject\",\"inLanguage\":\"en-US\",\"@id\":\"https:\/\/stxgroup.com\/strive\/es\/eventos\/webinar-descarbonizando-la-compra-de-energia-irecs\/#primaryimage\",\"url\":\"https:\/\/stxgroup.com\/app\/themes\/ChildTheme\/assets\/uploads\/site\/4\/2024\/05\/american-public-power-association-eIBTh5DXW9w-unsplash-scaled.jpg\",\"contentUrl\":\"https:\/\/stxgroup.com\/app\/themes\/ChildTheme\/assets\/uploads\/site\/4\/2024\/05\/american-public-power-association-eIBTh5DXW9w-unsplash-scaled.jpg\",\"width\":2560,\"height\":1701,\"caption\":\"decarbonizaci\u00f3n de la energia\"},{\"@type\":\"BreadcrumbList\",\"@id\":\"https:\/\/stxgroup.com\/strive\/es\/eventos\/webinar-descarbonizando-la-compra-de-energia-irecs\/#breadcrumb\",\"itemListElement\":[{\"@type\":\"ListItem\",\"position\":1,\"name\":\"Home\",\"item\":\"https:\/\/stxgroup.com\/strive\/\"},{\"@type\":\"ListItem\",\"position\":2,\"name\":\"Events (ES)\",\"item\":\"https:\/\/stxgroup.com\/strive\/es\/eventos\/\"},{\"@type\":\"ListItem\",\"position\":3,\"name\":\"Descarbonizando la compra de energ\u00eda: I-RECs\"}]},{\"@type\":\"WebSite\",\"@id\":\"https:\/\/stxgroup.com\/strive\/#website\",\"url\":\"https:\/\/stxgroup.com\/strive\/\",\"name\":\"STRIVE by STX\",\"description\":\"We transform climate liabilities into business progress\",\"publisher\":{\"@id\":\"https:\/\/stxgroup.com\/strive\/#organization\"},\"potentialAction\":[{\"@type\":\"SearchAction\",\"target\":{\"@type\":\"EntryPoint\",\"urlTemplate\":\"https:\/\/stxgroup.com\/strive\/?s={search_term_string}\"},\"query-input\":{\"@type\":\"PropertyValueSpecification\",\"valueRequired\":true,\"valueName\":\"search_term_string\"}}],\"inLanguage\":\"en-US\"},{\"@type\":\"Organization\",\"@id\":\"https:\/\/stxgroup.com\/strive\/#organization\",\"name\":\"STRIVE by STX\",\"url\":\"https:\/\/stxgroup.com\/strive\/\",\"logo\":{\"@type\":\"ImageObject\",\"inLanguage\":\"en-US\",\"@id\":\"https:\/\/stxgroup.com\/strive\/#\/schema\/logo\/image\/\",\"url\":\"https:\/\/stxgroup.com\/app\/themes\/ChildTheme\/assets\/uploads\/site\/4\/2023\/02\/strive-logo-header-cutout-2.svg\",\"contentUrl\":\"https:\/\/stxgroup.com\/app\/themes\/ChildTheme\/assets\/uploads\/site\/4\/2023\/02\/strive-logo-header-cutout-2.svg\",\"width\":279,\"height\":130,\"caption\":\"STRIVE by STX\"},\"image\":{\"@id\":\"https:\/\/stxgroup.com\/strive\/#\/schema\/logo\/image\/\"}}]}<\/script>\n<!-- \/ Yoast SEO plugin. -->","yoast_head_json":{"title":"Webinar | Descarbonizando la compra de energ\u00eda: IRECS","description":"\u00danete a nuestro webinar y descubre c\u00f3mo los IRECs pueden descarbonizar tu energ\u00eda y transformar tu estrategia de sostenibilidad.","robots":{"index":"index","follow":"follow","max-snippet":"max-snippet:-1","max-image-preview":"max-image-preview:large","max-video-preview":"max-video-preview:-1"},"canonical":"https:\/\/stxgroup.com\/strive\/es\/eventos\/webinar-descarbonizando-la-compra-de-energia-irecs\/","og_locale":"en_US","og_type":"article","og_title":"Webinar | Descarbonizando la compra de energ\u00eda: IRECS","og_description":"\u00danete a nuestro webinar y descubre c\u00f3mo los IRECs pueden descarbonizar tu energ\u00eda y transformar tu estrategia de sostenibilidad.","og_url":"https:\/\/stxgroup.com\/strive\/es\/eventos\/webinar-descarbonizando-la-compra-de-energia-irecs\/","og_site_name":"STRIVE by STX","article_modified_time":"2024-06-11T12:28:26+00:00","og_image":[{"width":2560,"height":1701,"url":"https:\/\/stxgroup.com\/app\/themes\/ChildTheme\/assets\/uploads\/site\/4\/2024\/05\/american-public-power-association-eIBTh5DXW9w-unsplash-scaled.jpg","type":"image\/jpeg"}],"twitter_card":"summary_large_image","twitter_misc":{"Est. reading time":"2 minutes"},"schema":{"@context":"https:\/\/schema.org","@graph":[{"@type":"WebPage","@id":"https:\/\/stxgroup.com\/strive\/es\/eventos\/webinar-descarbonizando-la-compra-de-energia-irecs\/","url":"https:\/\/stxgroup.com\/strive\/es\/eventos\/webinar-descarbonizando-la-compra-de-energia-irecs\/","name":"Webinar | Descarbonizando la compra de energ\u00eda: IRECS","isPartOf":{"@id":"https:\/\/stxgroup.com\/strive\/#website"},"primaryImageOfPage":{"@id":"https:\/\/stxgroup.com\/strive\/es\/eventos\/webinar-descarbonizando-la-compra-de-energia-irecs\/#primaryimage"},"image":{"@id":"https:\/\/stxgroup.com\/strive\/es\/eventos\/webinar-descarbonizando-la-compra-de-energia-irecs\/#primaryimage"},"thumbnailUrl":"https:\/\/stxgroup.com\/app\/themes\/ChildTheme\/assets\/uploads\/site\/4\/2024\/05\/american-public-power-association-eIBTh5DXW9w-unsplash-scaled.jpg","datePublished":"2024-05-31T08:22:30+00:00","dateModified":"2024-06-11T12:28:26+00:00","description":"\u00danete a nuestro webinar y descubre c\u00f3mo los IRECs pueden descarbonizar tu energ\u00eda y transformar tu estrategia de sostenibilidad.","breadcrumb":{"@id":"https:\/\/stxgroup.com\/strive\/es\/eventos\/webinar-descarbonizando-la-compra-de-energia-irecs\/#breadcrumb"},"inLanguage":"en-US","potentialAction":[{"@type":"ReadAction","target":["https:\/\/stxgroup.com\/strive\/es\/eventos\/webinar-descarbonizando-la-compra-de-energia-irecs\/"]}]},{"@type":"ImageObject","inLanguage":"en-US","@id":"https:\/\/stxgroup.com\/strive\/es\/eventos\/webinar-descarbonizando-la-compra-de-energia-irecs\/#primaryimage","url":"https:\/\/stxgroup.com\/app\/themes\/ChildTheme\/assets\/uploads\/site\/4\/2024\/05\/american-public-power-association-eIBTh5DXW9w-unsplash-scaled.jpg","contentUrl":"https:\/\/stxgroup.com\/app\/themes\/ChildTheme\/assets\/uploads\/site\/4\/2024\/05\/american-public-power-association-eIBTh5DXW9w-unsplash-scaled.jpg","width":2560,"height":1701,"caption":"decarbonizaci\u00f3n de la energia"},{"@type":"BreadcrumbList","@id":"https:\/\/stxgroup.com\/strive\/es\/eventos\/webinar-descarbonizando-la-compra-de-energia-irecs\/#breadcrumb","itemListElement":[{"@type":"ListItem","position":1,"name":"Home","item":"https:\/\/stxgroup.com\/strive\/"},{"@type":"ListItem","position":2,"name":"Events (ES)","item":"https:\/\/stxgroup.com\/strive\/es\/eventos\/"},{"@type":"ListItem","position":3,"name":"Descarbonizando la compra de energ\u00eda: I-RECs"}]},{"@type":"WebSite","@id":"https:\/\/stxgroup.com\/strive\/#website","url":"https:\/\/stxgroup.com\/strive\/","name":"STRIVE by STX","description":"We transform climate liabilities into business progress","publisher":{"@id":"https:\/\/stxgroup.com\/strive\/#organization"},"potentialAction":[{"@type":"SearchAction","target":{"@type":"EntryPoint","urlTemplate":"https:\/\/stxgroup.com\/strive\/?s={search_term_string}"},"query-input":{"@type":"PropertyValueSpecification","valueRequired":true,"valueName":"search_term_string"}}],"inLanguage":"en-US"},{"@type":"Organization","@id":"https:\/\/stxgroup.com\/strive\/#organization","name":"STRIVE by STX","url":"https:\/\/stxgroup.com\/strive\/","logo":{"@type":"ImageObject","inLanguage":"en-US","@id":"https:\/\/stxgroup.com\/strive\/#\/schema\/logo\/image\/","url":"https:\/\/stxgroup.com\/app\/themes\/ChildTheme\/assets\/uploads\/site\/4\/2023\/02\/strive-logo-header-cutout-2.svg","contentUrl":"https:\/\/stxgroup.com\/app\/themes\/ChildTheme\/assets\/uploads\/site\/4\/2023\/02\/strive-logo-header-cutout-2.svg","width":279,"height":130,"caption":"STRIVE by STX"},"image":{"@id":"https:\/\/stxgroup.com\/strive\/#\/schema\/logo\/image\/"}}]}},"lang":"es","translations":{"es":5953},"pll_sync_post":[],"_links":{"self":[{"href":"https:\/\/stxgroup.com\/strive\/wp-json\/wp\/v2\/pages\/6896","targetHints":{"allow":["GET"]}}],"collection":[{"href":"https:\/\/stxgroup.com\/strive\/wp-json\/wp\/v2\/pages"}],"about":[{"href":"https:\/\/stxgroup.com\/strive\/wp-json\/wp\/v2\/types\/page"}],"author":[{"embeddable":true,"href":"https:\/\/stxgroup.com\/strive\/wp-json\/wp\/v2\/users\/3"}],"replies":[{"embeddable":true,"href":"https:\/\/stxgroup.com\/strive\/wp-json\/wp\/v2\/comments?post=6896"}],"version-history":[{"count":20,"href":"https:\/\/stxgroup.com\/strive\/wp-json\/wp\/v2\/pages\/6896\/revisions"}],"predecessor-version":[{"id":7018,"href":"https:\/\/stxgroup.com\/strive\/wp-json\/wp\/v2\/pages\/6896\/revisions\/7018"}],"up":[{"embeddable":true,"href":"https:\/\/stxgroup.com\/strive\/wp-json\/wp\/v2\/pages\/4166"}],"wp:featuredmedia":[{"embeddable":true,"href":"https:\/\/stxgroup.com\/strive\/wp-json\/wp\/v2\/media\/6898"}],"wp:attachment":[{"href":"https:\/\/stxgroup.com\/strive\/wp-json\/wp\/v2\/media?parent=6896"}],"curies":[{"name":"wp","href":"https:\/\/api.w.org\/{rel}","templated":true}]}}