{"id":6810,"date":"2024-05-24T16:54:43","date_gmt":"2024-05-24T14:54:43","guid":{"rendered":"https:\/\/stxgroup.com\/strive\/?page_id=6810"},"modified":"2025-01-02T14:55:02","modified_gmt":"2025-01-02T13:55:02","slug":"impulsando-la-sostenibilidad-empresarial-beneficios-de-los-certificados-de-ahorro-energetico-webinar","status":"publish","type":"page","link":"https:\/\/stxgroup.com\/strive\/es\/eventos\/impulsando-la-sostenibilidad-empresarial-beneficios-de-los-certificados-de-ahorro-energetico-webinar\/","title":{"rendered":"Explorando los Certificados de Ahorro Energ\u00e9tico (CAEs) en Espa\u00f1a: Aspectos Legales y Oportunidades Pr\u00e1cticas"},"content":{"rendered":"\n<section class=\"wp-block-create-block-gb-hero c-hero c-hero--size_xs c-hero--variation_center-left c-hero--bg_position_cc\" style=\"background-image:url(https:\/\/stxgroup.com\/app\/themes\/ChildTheme\/assets\/uploads\/site\/4\/2024\/05\/iStock-1499019570.jpg);background-color:#141729\">\n<div class=\"wp-block-create-block-gb-container-block c-hero--inner\"><\/div>\n<\/section>\n\n\n\n<div class=\"c-mb-100\"><\/div>\n\n\n\n<div class=\"row-wide\"><div class=\"c-heading-simple\"><h1 class=\"c-heading-simple--title\">Webinar:<br><strong>EXPLORANDO LOS CERTIFICADOS DE AHORRO ENERG\u00c9TICOS (CAES) EN ESPA\u00d1A: ASPECTOS LEGALES Y OPORTUNIDADES PR\u00c1CTICAS<\/strong><\/h1><\/div><\/div>\n\n\n\n<div class=\"wp-block-create-block-gb-alternate-right-row c-item-inrow c-row--expanded c-item-inrow--side__right c-item-inrow--bgcolor__rock\">\n<div class=\"wp-block-create-block-gb-container-block c-item-inrow--content c-row--expanded-col-6\">\n<div class=\"wp-block-create-block-gb-container-block c-row--expanded--inner\">\n<h2 class=\"wp-block-create-block-gb-text  c-item-inrow--title\">Jueves 27 de Junio, 11h.<\/h2>\n\n\n\n<p class=\"wp-block-create-block-gb-text  c-item-inrow--description\">\u00danete a nuestro webinar en colaboraci\u00f3n con la Fundaci\u00f3n Empresa y Clima, donde exploraremos los Certificados de Ahorro Energ\u00e9tico (CAEs) y su impacto en Espa\u00f1a. La responsable legal de la Fundaci\u00f3n hablar\u00e1 sobre los aspectos legales de los CAEs, mientras que nuestro equipo de STRIVE by STX presentar\u00e1 las oportunidades y beneficios pr\u00e1cticos. Descubre c\u00f3mo los CAEs apoyan la descarbonizaci\u00f3n y financian proyectos de eficiencia energ\u00e9tica, conoce ejemplos de \u00e9xito y c\u00f3mo STX puede ser un aliado estrat\u00e9gico para implementar medidas sostenibles.<\/p>\n\n\n\n<a href=\"#registro\" class=\"c-button   c-button--aligned\"><span class=\"wp-block-create-block-gb-link-rhombus\">ACCEDE A LA GRABACI\u00d3N<\/span><\/a>\n<\/div>\n<\/div>\n\n\n\n<div class=\"wp-block-create-block-gb-container-block c-item-inrow--image c-row--expanded-col-6\">\n<div class=\"c-item-inrow--image--content c-row--expanded--inner\">\n<div class=\"c-img-rhombus  c-img-rhombus--right\"><img decoding=\"async\" alt=\"Event-Webpage-Renewable-Electricity-Webinar-5\" src=\"https:\/\/stxgroup.com\/app\/themes\/ChildTheme\/assets\/uploads\/site\/4\/2024\/05\/Event-Webpage-Renewable-Electricity-Webinar-5.png\" \/><\/div>\n<\/div>\n<\/div>\n<\/div>\n\n\n\n<div class=\"c-mb-100\"><\/div>\n\n\n\n<div class=\"c-mb-100\"><\/div>\n\n\n\n<div class=\"row-wide\"><div class=\"c-heading-simple\"><h1 class=\"c-heading-simple--title\">Ponentes<\/h1><\/div><\/div>\n\n\n\n<div class=\"c-mb-20\"><\/div>\n\n\n\n<div class=\"row-wide grid-row\"><div class=\"wp-block-create-block-gb-grid-row c-row\">\n<div class=\"wp-block-create-block-gb-grid-item c-col-4\">\n<div class=\"wp-block-create-block-gb-container-block c-item-inlist grid-row\">\n<figure class=\"wp-block-image size-full is-resized\"><img loading=\"lazy\" decoding=\"async\" width=\"800\" height=\"800\" src=\"https:\/\/stxgroup.com\/app\/themes\/ChildTheme\/assets\/uploads\/site\/4\/2024\/03\/MicrosoftTeams-image-69.jpg\" alt=\"Pablo Reed\" class=\"wp-image-5956\" style=\"object-fit:cover;width:250px;height:250px\" srcset=\"https:\/\/stxgroup.com\/app\/themes\/ChildTheme\/assets\/uploads\/site\/4\/2024\/03\/MicrosoftTeams-image-69.jpg 800w, https:\/\/stxgroup.com\/app\/themes\/ChildTheme\/assets\/uploads\/site\/4\/2024\/03\/MicrosoftTeams-image-69-300x300.jpg 300w, https:\/\/stxgroup.com\/app\/themes\/ChildTheme\/assets\/uploads\/site\/4\/2024\/03\/MicrosoftTeams-image-69-150x150.jpg 150w, https:\/\/stxgroup.com\/app\/themes\/ChildTheme\/assets\/uploads\/site\/4\/2024\/03\/MicrosoftTeams-image-69-768x768.jpg 768w\" sizes=\"auto, (max-width: 800px) 100vw, 800px\" \/><\/figure>\n\n\n\n<h3 class=\"wp-block-create-block-gb-text-equal-height  c-item-inlistu002du002dtitle js__equal-height c-item-inlist--title\" data-equal-height-type=\"grid-item-title\">Pablo Reed<\/h3>\n\n\n\n<p class=\"wp-block-create-block-gb-text  c-item-inlistu002du002ddescription c-item-inlist--description\">Director Regional para el Sur de Europa<br><strong>STRIVE by STX<\/strong><\/p>\n<\/div>\n<\/div>\n\n\n\n<div class=\"wp-block-create-block-gb-grid-item c-col-4\">\n<div class=\"wp-block-create-block-gb-container-block c-item-inlist grid-row\">\n<figure class=\"wp-block-image size-full is-resized\"><img loading=\"lazy\" decoding=\"async\" width=\"800\" height=\"800\" src=\"https:\/\/stxgroup.com\/app\/themes\/ChildTheme\/assets\/uploads\/site\/4\/2024\/03\/MicrosoftTeams-image-68.jpg\" alt=\"Enrique Santiba\u00f1ez\" class=\"wp-image-5957\" style=\"object-fit:cover;width:250px;height:250px\" srcset=\"https:\/\/stxgroup.com\/app\/themes\/ChildTheme\/assets\/uploads\/site\/4\/2024\/03\/MicrosoftTeams-image-68.jpg 800w, https:\/\/stxgroup.com\/app\/themes\/ChildTheme\/assets\/uploads\/site\/4\/2024\/03\/MicrosoftTeams-image-68-300x300.jpg 300w, https:\/\/stxgroup.com\/app\/themes\/ChildTheme\/assets\/uploads\/site\/4\/2024\/03\/MicrosoftTeams-image-68-150x150.jpg 150w, https:\/\/stxgroup.com\/app\/themes\/ChildTheme\/assets\/uploads\/site\/4\/2024\/03\/MicrosoftTeams-image-68-768x768.jpg 768w\" sizes=\"auto, (max-width: 800px) 100vw, 800px\" \/><\/figure>\n\n\n\n<h3 class=\"wp-block-create-block-gb-text-equal-height  c-item-inlistu002du002dtitle js__equal-height c-item-inlist--title\" data-equal-height-type=\"grid-item-title\">Enrique Santib\u00e1\u00f1ez<\/h3>\n\n\n\n<p class=\"wp-block-create-block-gb-text  c-item-inlistu002du002ddescription c-item-inlist--description\">Desarrollador de Negocio &#8211; Eficiencia Energ\u00e9tica &#8211; Mercado Espa\u00f1ol<br><strong>STRIVE by STX<\/strong><\/p>\n<\/div>\n<\/div>\n\n\n\n<div class=\"wp-block-create-block-gb-grid-item c-col-4\">\n<div class=\"wp-block-create-block-gb-container-block c-item-inlist grid-row\">\n<figure class=\"wp-block-image size-full is-resized\"><img loading=\"lazy\" decoding=\"async\" width=\"1535\" height=\"2127\" src=\"https:\/\/stxgroup.com\/app\/themes\/ChildTheme\/assets\/uploads\/site\/4\/2024\/05\/Nuria.jpg\" alt=\"\" class=\"wp-image-6845\" style=\"object-fit:cover;width:250px;height:250px\" srcset=\"https:\/\/stxgroup.com\/app\/themes\/ChildTheme\/assets\/uploads\/site\/4\/2024\/05\/Nuria.jpg 1535w, https:\/\/stxgroup.com\/app\/themes\/ChildTheme\/assets\/uploads\/site\/4\/2024\/05\/Nuria-217x300.jpg 217w, https:\/\/stxgroup.com\/app\/themes\/ChildTheme\/assets\/uploads\/site\/4\/2024\/05\/Nuria-739x1024.jpg 739w, https:\/\/stxgroup.com\/app\/themes\/ChildTheme\/assets\/uploads\/site\/4\/2024\/05\/Nuria-768x1064.jpg 768w, https:\/\/stxgroup.com\/app\/themes\/ChildTheme\/assets\/uploads\/site\/4\/2024\/05\/Nuria-1108x1536.jpg 1108w, https:\/\/stxgroup.com\/app\/themes\/ChildTheme\/assets\/uploads\/site\/4\/2024\/05\/Nuria-1478x2048.jpg 1478w\" sizes=\"auto, (max-width: 1535px) 100vw, 1535px\" \/><\/figure>\n\n\n\n<h3 class=\"wp-block-create-block-gb-text-equal-height  c-item-inlistu002du002dtitle js__equal-height c-item-inlist--title\" data-equal-height-type=\"grid-item-title\">N\u00faria del Pozo<\/h3>\n\n\n\n<p class=\"wp-block-create-block-gb-text  c-item-inlistu002du002ddescription c-item-inlist--description\">\u00c1rea Legal &#8211; DPO<br><strong>Fundaci\u00f3n Empresa y Clima<\/strong><\/p>\n<\/div>\n<\/div>\n<\/div><\/div>\n\n\n\n<div class=\"c-mb-75\"><\/div>\n\n\n\n<div id=\"registro\"><\/div>\n\n\n\n<div class=\"wp-block-create-block-gb-container-content-width row-wide\">\n<p class=\"wp-block-create-block-gb-text\"><strong>Rellena el formulario para acceder a la grabaci\u00f3n del webinar.<\/strong><\/p>\n\n\n\n<div class=\"wp-block-leadin-hubspot-form-block\">\n\t\t\t\t\t\t<script>\n\t\t\t\t\t\t\twindow.hsFormsOnReady = window.hsFormsOnReady || [];\n\t\t\t\t\t\t\twindow.hsFormsOnReady.push(()=>{\n\t\t\t\t\t\t\t\thbspt.forms.create({\n\t\t\t\t\t\t\t\t\tportalId: 27215429,\n\t\t\t\t\t\t\t\t\tformId: \"835d4523-76d6-4dbf-9d5a-1016463fe4f9\",\n\t\t\t\t\t\t\t\t\ttarget: \"#hbspt-form-1775244491000-8389525329\",\n\t\t\t\t\t\t\t\t\tregion: \"eu1\",\n\t\t\t\t\t\t\t\t\t\n\t\t\t\t\t\t\t})});\n\t\t\t\t\t\t<\/script>\n\t\t\t\t\t\t<div class=\"hbspt-form\" id=\"hbspt-form-1775244491000-8389525329\"><\/div><\/div>\n\n\n\n<div class=\"c-mb-100\"><\/div>\n<\/div>\n","protected":false},"excerpt":{"rendered":"","protected":false},"author":3,"featured_media":6816,"parent":4166,"menu_order":0,"comment_status":"closed","ping_status":"closed","template":"","meta":{"content-type":"","footnotes":""},"class_list":["post-6810","page","type-page","status-publish","has-post-thumbnail","hentry"],"yoast_head":"<!-- This site is optimized with the Yoast SEO plugin v26.4 - https:\/\/yoast.com\/wordpress\/plugins\/seo\/ -->\n<title>Webinar: Explorando los Certificados de Ahorro Energ\u00e9tico (CAEs) en Espa\u00f1a<\/title>\n<meta name=\"description\" content=\"Webinar con la Fundaci\u00f3n Empresa y Clima: descubre el impacto de los Certificados de Ahorro Energ\u00e9tico en Espa\u00f1a.\" \/>\n<meta name=\"robots\" content=\"index, follow, max-snippet:-1, max-image-preview:large, max-video-preview:-1\" \/>\n<link rel=\"canonical\" href=\"https:\/\/stxgroup.com\/strive\/es\/eventos\/impulsando-la-sostenibilidad-empresarial-beneficios-de-los-certificados-de-ahorro-energetico-webinar\/\" \/>\n<meta property=\"og:locale\" content=\"en_US\" \/>\n<meta property=\"og:type\" content=\"article\" \/>\n<meta property=\"og:title\" content=\"Webinar: Explorando los Certificados de Ahorro Energ\u00e9tico (CAEs) en Espa\u00f1a\" \/>\n<meta property=\"og:description\" content=\"Webinar con la Fundaci\u00f3n Empresa y Clima: descubre el impacto de los Certificados de Ahorro Energ\u00e9tico en Espa\u00f1a.\" \/>\n<meta property=\"og:url\" content=\"https:\/\/stxgroup.com\/strive\/es\/eventos\/impulsando-la-sostenibilidad-empresarial-beneficios-de-los-certificados-de-ahorro-energetico-webinar\/\" \/>\n<meta property=\"og:site_name\" content=\"STRIVE by STX\" \/>\n<meta property=\"article:modified_time\" content=\"2025-01-02T13:55:02+00:00\" \/>\n<meta property=\"og:image\" content=\"https:\/\/stxgroup.com\/app\/themes\/ChildTheme\/assets\/uploads\/site\/4\/2024\/05\/Event-Webpage-Renewable-Electricity-Webinar-4-1024x1024.png\" \/>\n\t<meta property=\"og:image:width\" content=\"1024\" \/>\n\t<meta property=\"og:image:height\" content=\"1024\" \/>\n\t<meta property=\"og:image:type\" content=\"image\/png\" \/>\n<meta name=\"twitter:card\" content=\"summary_large_image\" \/>\n<meta name=\"twitter:label1\" content=\"Est. reading time\" \/>\n\t<meta name=\"twitter:data1\" content=\"2 minutes\" \/>\n<script type=\"application\/ld+json\" class=\"yoast-schema-graph\">{\"@context\":\"https:\/\/schema.org\",\"@graph\":[{\"@type\":\"WebPage\",\"@id\":\"https:\/\/stxgroup.com\/strive\/es\/eventos\/impulsando-la-sostenibilidad-empresarial-beneficios-de-los-certificados-de-ahorro-energetico-webinar\/\",\"url\":\"https:\/\/stxgroup.com\/strive\/es\/eventos\/impulsando-la-sostenibilidad-empresarial-beneficios-de-los-certificados-de-ahorro-energetico-webinar\/\",\"name\":\"Webinar: Explorando los Certificados de Ahorro Energ\u00e9tico (CAEs) en Espa\u00f1a\",\"isPartOf\":{\"@id\":\"https:\/\/stxgroup.com\/strive\/#website\"},\"primaryImageOfPage\":{\"@id\":\"https:\/\/stxgroup.com\/strive\/es\/eventos\/impulsando-la-sostenibilidad-empresarial-beneficios-de-los-certificados-de-ahorro-energetico-webinar\/#primaryimage\"},\"image\":{\"@id\":\"https:\/\/stxgroup.com\/strive\/es\/eventos\/impulsando-la-sostenibilidad-empresarial-beneficios-de-los-certificados-de-ahorro-energetico-webinar\/#primaryimage\"},\"thumbnailUrl\":\"https:\/\/stxgroup.com\/app\/themes\/ChildTheme\/assets\/uploads\/site\/4\/2024\/05\/Event-Webpage-Renewable-Electricity-Webinar-4.png\",\"datePublished\":\"2024-05-24T14:54:43+00:00\",\"dateModified\":\"2025-01-02T13:55:02+00:00\",\"description\":\"Webinar con la Fundaci\u00f3n Empresa y Clima: descubre el impacto de los Certificados de Ahorro Energ\u00e9tico en Espa\u00f1a.\",\"breadcrumb\":{\"@id\":\"https:\/\/stxgroup.com\/strive\/es\/eventos\/impulsando-la-sostenibilidad-empresarial-beneficios-de-los-certificados-de-ahorro-energetico-webinar\/#breadcrumb\"},\"inLanguage\":\"en-US\",\"potentialAction\":[{\"@type\":\"ReadAction\",\"target\":[\"https:\/\/stxgroup.com\/strive\/es\/eventos\/impulsando-la-sostenibilidad-empresarial-beneficios-de-los-certificados-de-ahorro-energetico-webinar\/\"]}]},{\"@type\":\"ImageObject\",\"inLanguage\":\"en-US\",\"@id\":\"https:\/\/stxgroup.com\/strive\/es\/eventos\/impulsando-la-sostenibilidad-empresarial-beneficios-de-los-certificados-de-ahorro-energetico-webinar\/#primaryimage\",\"url\":\"https:\/\/stxgroup.com\/app\/themes\/ChildTheme\/assets\/uploads\/site\/4\/2024\/05\/Event-Webpage-Renewable-Electricity-Webinar-4.png\",\"contentUrl\":\"https:\/\/stxgroup.com\/app\/themes\/ChildTheme\/assets\/uploads\/site\/4\/2024\/05\/Event-Webpage-Renewable-Electricity-Webinar-4.png\",\"width\":2000,\"height\":2000,\"caption\":\"webinar caes\"},{\"@type\":\"BreadcrumbList\",\"@id\":\"https:\/\/stxgroup.com\/strive\/es\/eventos\/impulsando-la-sostenibilidad-empresarial-beneficios-de-los-certificados-de-ahorro-energetico-webinar\/#breadcrumb\",\"itemListElement\":[{\"@type\":\"ListItem\",\"position\":1,\"name\":\"Home\",\"item\":\"https:\/\/stxgroup.com\/strive\/\"},{\"@type\":\"ListItem\",\"position\":2,\"name\":\"Events (ES)\",\"item\":\"https:\/\/stxgroup.com\/strive\/es\/eventos\/\"},{\"@type\":\"ListItem\",\"position\":3,\"name\":\"Explorando los Certificados de Ahorro Energ\u00e9tico (CAEs) en Espa\u00f1a: Aspectos Legales y Oportunidades Pr\u00e1cticas\"}]},{\"@type\":\"WebSite\",\"@id\":\"https:\/\/stxgroup.com\/strive\/#website\",\"url\":\"https:\/\/stxgroup.com\/strive\/\",\"name\":\"STRIVE by STX\",\"description\":\"We transform climate liabilities into business progress\",\"publisher\":{\"@id\":\"https:\/\/stxgroup.com\/strive\/#organization\"},\"potentialAction\":[{\"@type\":\"SearchAction\",\"target\":{\"@type\":\"EntryPoint\",\"urlTemplate\":\"https:\/\/stxgroup.com\/strive\/?s={search_term_string}\"},\"query-input\":{\"@type\":\"PropertyValueSpecification\",\"valueRequired\":true,\"valueName\":\"search_term_string\"}}],\"inLanguage\":\"en-US\"},{\"@type\":\"Organization\",\"@id\":\"https:\/\/stxgroup.com\/strive\/#organization\",\"name\":\"STRIVE by STX\",\"url\":\"https:\/\/stxgroup.com\/strive\/\",\"logo\":{\"@type\":\"ImageObject\",\"inLanguage\":\"en-US\",\"@id\":\"https:\/\/stxgroup.com\/strive\/#\/schema\/logo\/image\/\",\"url\":\"https:\/\/stxgroup.com\/app\/themes\/ChildTheme\/assets\/uploads\/site\/4\/2023\/02\/strive-logo-header-cutout-2.svg\",\"contentUrl\":\"https:\/\/stxgroup.com\/app\/themes\/ChildTheme\/assets\/uploads\/site\/4\/2023\/02\/strive-logo-header-cutout-2.svg\",\"width\":279,\"height\":130,\"caption\":\"STRIVE by STX\"},\"image\":{\"@id\":\"https:\/\/stxgroup.com\/strive\/#\/schema\/logo\/image\/\"}}]}<\/script>\n<!-- \/ Yoast SEO plugin. -->","yoast_head_json":{"title":"Webinar: Explorando los Certificados de Ahorro Energ\u00e9tico (CAEs) en Espa\u00f1a","description":"Webinar con la Fundaci\u00f3n Empresa y Clima: descubre el impacto de los Certificados de Ahorro Energ\u00e9tico en Espa\u00f1a.","robots":{"index":"index","follow":"follow","max-snippet":"max-snippet:-1","max-image-preview":"max-image-preview:large","max-video-preview":"max-video-preview:-1"},"canonical":"https:\/\/stxgroup.com\/strive\/es\/eventos\/impulsando-la-sostenibilidad-empresarial-beneficios-de-los-certificados-de-ahorro-energetico-webinar\/","og_locale":"en_US","og_type":"article","og_title":"Webinar: Explorando los Certificados de Ahorro Energ\u00e9tico (CAEs) en Espa\u00f1a","og_description":"Webinar con la Fundaci\u00f3n Empresa y Clima: descubre el impacto de los Certificados de Ahorro Energ\u00e9tico en Espa\u00f1a.","og_url":"https:\/\/stxgroup.com\/strive\/es\/eventos\/impulsando-la-sostenibilidad-empresarial-beneficios-de-los-certificados-de-ahorro-energetico-webinar\/","og_site_name":"STRIVE by STX","article_modified_time":"2025-01-02T13:55:02+00:00","og_image":[{"width":1024,"height":1024,"url":"https:\/\/stxgroup.com\/app\/themes\/ChildTheme\/assets\/uploads\/site\/4\/2024\/05\/Event-Webpage-Renewable-Electricity-Webinar-4-1024x1024.png","type":"image\/png"}],"twitter_card":"summary_large_image","twitter_misc":{"Est. reading time":"2 minutes"},"schema":{"@context":"https:\/\/schema.org","@graph":[{"@type":"WebPage","@id":"https:\/\/stxgroup.com\/strive\/es\/eventos\/impulsando-la-sostenibilidad-empresarial-beneficios-de-los-certificados-de-ahorro-energetico-webinar\/","url":"https:\/\/stxgroup.com\/strive\/es\/eventos\/impulsando-la-sostenibilidad-empresarial-beneficios-de-los-certificados-de-ahorro-energetico-webinar\/","name":"Webinar: Explorando los Certificados de Ahorro Energ\u00e9tico (CAEs) en Espa\u00f1a","isPartOf":{"@id":"https:\/\/stxgroup.com\/strive\/#website"},"primaryImageOfPage":{"@id":"https:\/\/stxgroup.com\/strive\/es\/eventos\/impulsando-la-sostenibilidad-empresarial-beneficios-de-los-certificados-de-ahorro-energetico-webinar\/#primaryimage"},"image":{"@id":"https:\/\/stxgroup.com\/strive\/es\/eventos\/impulsando-la-sostenibilidad-empresarial-beneficios-de-los-certificados-de-ahorro-energetico-webinar\/#primaryimage"},"thumbnailUrl":"https:\/\/stxgroup.com\/app\/themes\/ChildTheme\/assets\/uploads\/site\/4\/2024\/05\/Event-Webpage-Renewable-Electricity-Webinar-4.png","datePublished":"2024-05-24T14:54:43+00:00","dateModified":"2025-01-02T13:55:02+00:00","description":"Webinar con la Fundaci\u00f3n Empresa y Clima: descubre el impacto de los Certificados de Ahorro Energ\u00e9tico en Espa\u00f1a.","breadcrumb":{"@id":"https:\/\/stxgroup.com\/strive\/es\/eventos\/impulsando-la-sostenibilidad-empresarial-beneficios-de-los-certificados-de-ahorro-energetico-webinar\/#breadcrumb"},"inLanguage":"en-US","potentialAction":[{"@type":"ReadAction","target":["https:\/\/stxgroup.com\/strive\/es\/eventos\/impulsando-la-sostenibilidad-empresarial-beneficios-de-los-certificados-de-ahorro-energetico-webinar\/"]}]},{"@type":"ImageObject","inLanguage":"en-US","@id":"https:\/\/stxgroup.com\/strive\/es\/eventos\/impulsando-la-sostenibilidad-empresarial-beneficios-de-los-certificados-de-ahorro-energetico-webinar\/#primaryimage","url":"https:\/\/stxgroup.com\/app\/themes\/ChildTheme\/assets\/uploads\/site\/4\/2024\/05\/Event-Webpage-Renewable-Electricity-Webinar-4.png","contentUrl":"https:\/\/stxgroup.com\/app\/themes\/ChildTheme\/assets\/uploads\/site\/4\/2024\/05\/Event-Webpage-Renewable-Electricity-Webinar-4.png","width":2000,"height":2000,"caption":"webinar caes"},{"@type":"BreadcrumbList","@id":"https:\/\/stxgroup.com\/strive\/es\/eventos\/impulsando-la-sostenibilidad-empresarial-beneficios-de-los-certificados-de-ahorro-energetico-webinar\/#breadcrumb","itemListElement":[{"@type":"ListItem","position":1,"name":"Home","item":"https:\/\/stxgroup.com\/strive\/"},{"@type":"ListItem","position":2,"name":"Events (ES)","item":"https:\/\/stxgroup.com\/strive\/es\/eventos\/"},{"@type":"ListItem","position":3,"name":"Explorando los Certificados de Ahorro Energ\u00e9tico (CAEs) en Espa\u00f1a: Aspectos Legales y Oportunidades Pr\u00e1cticas"}]},{"@type":"WebSite","@id":"https:\/\/stxgroup.com\/strive\/#website","url":"https:\/\/stxgroup.com\/strive\/","name":"STRIVE by STX","description":"We transform climate liabilities into business progress","publisher":{"@id":"https:\/\/stxgroup.com\/strive\/#organization"},"potentialAction":[{"@type":"SearchAction","target":{"@type":"EntryPoint","urlTemplate":"https:\/\/stxgroup.com\/strive\/?s={search_term_string}"},"query-input":{"@type":"PropertyValueSpecification","valueRequired":true,"valueName":"search_term_string"}}],"inLanguage":"en-US"},{"@type":"Organization","@id":"https:\/\/stxgroup.com\/strive\/#organization","name":"STRIVE by STX","url":"https:\/\/stxgroup.com\/strive\/","logo":{"@type":"ImageObject","inLanguage":"en-US","@id":"https:\/\/stxgroup.com\/strive\/#\/schema\/logo\/image\/","url":"https:\/\/stxgroup.com\/app\/themes\/ChildTheme\/assets\/uploads\/site\/4\/2023\/02\/strive-logo-header-cutout-2.svg","contentUrl":"https:\/\/stxgroup.com\/app\/themes\/ChildTheme\/assets\/uploads\/site\/4\/2023\/02\/strive-logo-header-cutout-2.svg","width":279,"height":130,"caption":"STRIVE by STX"},"image":{"@id":"https:\/\/stxgroup.com\/strive\/#\/schema\/logo\/image\/"}}]}},"lang":"es","translations":{"es":5953},"pll_sync_post":[],"_links":{"self":[{"href":"https:\/\/stxgroup.com\/strive\/wp-json\/wp\/v2\/pages\/6810","targetHints":{"allow":["GET"]}}],"collection":[{"href":"https:\/\/stxgroup.com\/strive\/wp-json\/wp\/v2\/pages"}],"about":[{"href":"https:\/\/stxgroup.com\/strive\/wp-json\/wp\/v2\/types\/page"}],"author":[{"embeddable":true,"href":"https:\/\/stxgroup.com\/strive\/wp-json\/wp\/v2\/users\/3"}],"replies":[{"embeddable":true,"href":"https:\/\/stxgroup.com\/strive\/wp-json\/wp\/v2\/comments?post=6810"}],"version-history":[{"count":21,"href":"https:\/\/stxgroup.com\/strive\/wp-json\/wp\/v2\/pages\/6810\/revisions"}],"predecessor-version":[{"id":8601,"href":"https:\/\/stxgroup.com\/strive\/wp-json\/wp\/v2\/pages\/6810\/revisions\/8601"}],"up":[{"embeddable":true,"href":"https:\/\/stxgroup.com\/strive\/wp-json\/wp\/v2\/pages\/4166"}],"wp:featuredmedia":[{"embeddable":true,"href":"https:\/\/stxgroup.com\/strive\/wp-json\/wp\/v2\/media\/6816"}],"wp:attachment":[{"href":"https:\/\/stxgroup.com\/strive\/wp-json\/wp\/v2\/media?parent=6810"}],"curies":[{"name":"wp","href":"https:\/\/api.w.org\/{rel}","templated":true}]}}