{"id":6266,"date":"2024-04-05T12:48:59","date_gmt":"2024-04-05T10:48:59","guid":{"rendered":"https:\/\/stxgroup.com\/strive\/?page_id=6266"},"modified":"2024-04-22T10:46:25","modified_gmt":"2024-04-22T08:46:25","slug":"evento-descarbonizacion-empresas","status":"publish","type":"page","link":"https:\/\/stxgroup.com\/strive\/es\/evento-descarbonizacion-empresas\/","title":{"rendered":"Energy Efficiency event ES &#8211; temporary"},"content":{"rendered":"\n<section class=\"wp-block-create-block-gb-hero c-hero c-hero--size_xs c-hero--variation_center-left c-hero--bg_position_cc\" style=\"background-image:url(https:\/\/stxgroup.com\/app\/themes\/ChildTheme\/assets\/uploads\/site\/4\/2024\/03\/iStock-1468396766.jpg);background-color:#141729\">\n<div class=\"wp-block-create-block-gb-container-block c-hero--inner\"><\/div>\n\n\n\n<div class=\"wp-block-create-block-gb-container-block c-hero--bottom\">\n<div class=\"wp-block-create-block-gb-container-block\"><\/div>\n<\/div>\n<\/section>\n\n\n\n<div class=\"c-mb-100\"><\/div>\n\n\n\n<div class=\"c-mb-100\"><\/div>\n\n\n\n<div class=\"row-wide\"><div class=\"c-heading-simple\"><h1 class=\"c-heading-simple--title\" placeholder=\"Write your text...\">Evento presencial para empresas:<br><strong>MONETIZACI\u00d3N, DESCARBONIZACI\u00d3N Y ESTRATEGIAS DE SOSTENIBILIDAD<\/strong><\/h1><\/div><\/div>\n\n\n\n<div class=\"wp-block-create-block-gb-container-block row-wide\">\n<p class=\"wp-block-create-block-gb-text\"><strong>Reg\u00edstrate para asistir al evento.<\/strong><br><\/p>\n\n\n\n<div class=\"wp-block-leadin-hubspot-form-block\">\n\t\t\t\t\t\t<script>\n\t\t\t\t\t\t\twindow.hsFormsOnReady = window.hsFormsOnReady || [];\n\t\t\t\t\t\t\twindow.hsFormsOnReady.push(()=>{\n\t\t\t\t\t\t\t\thbspt.forms.create({\n\t\t\t\t\t\t\t\t\tportalId: 27215429,\n\t\t\t\t\t\t\t\t\tformId: \"5316e4c0-f0bd-4258-b314-b5c6d6b475c7\",\n\t\t\t\t\t\t\t\t\ttarget: \"#hbspt-form-1776967707000-4210628299\",\n\t\t\t\t\t\t\t\t\tregion: \"eu1\",\n\t\t\t\t\t\t\t\t\t\n\t\t\t\t\t\t\t})});\n\t\t\t\t\t\t<\/script>\n\t\t\t\t\t\t<div class=\"hbspt-form\" id=\"hbspt-form-1776967707000-4210628299\"><\/div><\/div>\n<\/div>\n\n\n\n<div class=\"c-mb-100\"><\/div>\n","protected":false},"excerpt":{"rendered":"","protected":false},"author":3,"featured_media":0,"parent":0,"menu_order":0,"comment_status":"closed","ping_status":"closed","template":"","meta":{"content-type":"","footnotes":""},"class_list":["post-6266","page","type-page","status-publish","hentry"],"yoast_head":"<!-- This site is optimized with the Yoast SEO plugin v27.4 - https:\/\/yoast.com\/product\/yoast-seo-wordpress\/ -->\n<title>Reg\u00edstrate en nuestro evento de descarbonizaci\u00f3n para empresas<\/title>\n<meta name=\"description\" content=\"Participa en nuestro evento sobre descarbonizaci\u00f3n y soluciones de eficiencia energ\u00e9tica para empresas.\" \/>\n<meta name=\"robots\" content=\"index, follow, max-snippet:-1, max-image-preview:large, max-video-preview:-1\" \/>\n<link rel=\"canonical\" href=\"https:\/\/stxgroup.com\/strive\/es\/evento-descarbonizacion-empresas\/\" \/>\n<meta property=\"og:locale\" content=\"en_US\" \/>\n<meta property=\"og:type\" content=\"article\" \/>\n<meta property=\"og:title\" content=\"Reg\u00edstrate en nuestro evento de descarbonizaci\u00f3n para empresas\" \/>\n<meta property=\"og:description\" content=\"Participa en nuestro evento sobre descarbonizaci\u00f3n y soluciones de eficiencia energ\u00e9tica para empresas.\" \/>\n<meta property=\"og:url\" content=\"https:\/\/stxgroup.com\/strive\/es\/evento-descarbonizacion-empresas\/\" \/>\n<meta property=\"og:site_name\" content=\"STRIVE by STX\" \/>\n<meta property=\"article:modified_time\" content=\"2024-04-22T08:46:25+00:00\" \/>\n<meta name=\"twitter:card\" content=\"summary_large_image\" \/>\n<meta name=\"twitter:label1\" content=\"Est. reading time\" \/>\n\t<meta name=\"twitter:data1\" content=\"1 minute\" \/>\n<script type=\"application\/ld+json\" class=\"yoast-schema-graph\">{\"@context\":\"https:\\\/\\\/schema.org\",\"@graph\":[{\"@type\":\"WebPage\",\"@id\":\"https:\\\/\\\/stxgroup.com\\\/strive\\\/es\\\/evento-descarbonizacion-empresas\\\/\",\"url\":\"https:\\\/\\\/stxgroup.com\\\/strive\\\/es\\\/evento-descarbonizacion-empresas\\\/\",\"name\":\"Reg\u00edstrate en nuestro evento de descarbonizaci\u00f3n para empresas\",\"isPartOf\":{\"@id\":\"https:\\\/\\\/stxgroup.com\\\/strive\\\/#website\"},\"datePublished\":\"2024-04-05T10:48:59+00:00\",\"dateModified\":\"2024-04-22T08:46:25+00:00\",\"description\":\"Participa en nuestro evento sobre descarbonizaci\u00f3n y soluciones de eficiencia energ\u00e9tica para empresas.\",\"breadcrumb\":{\"@id\":\"https:\\\/\\\/stxgroup.com\\\/strive\\\/es\\\/evento-descarbonizacion-empresas\\\/#breadcrumb\"},\"inLanguage\":\"en-US\",\"potentialAction\":[{\"@type\":\"ReadAction\",\"target\":[\"https:\\\/\\\/stxgroup.com\\\/strive\\\/es\\\/evento-descarbonizacion-empresas\\\/\"]}]},{\"@type\":\"BreadcrumbList\",\"@id\":\"https:\\\/\\\/stxgroup.com\\\/strive\\\/es\\\/evento-descarbonizacion-empresas\\\/#breadcrumb\",\"itemListElement\":[{\"@type\":\"ListItem\",\"position\":1,\"name\":\"Home\",\"item\":\"https:\\\/\\\/stxgroup.com\\\/strive\\\/\"},{\"@type\":\"ListItem\",\"position\":2,\"name\":\"Energy Efficiency event ES &#8211; temporary\"}]},{\"@type\":\"WebSite\",\"@id\":\"https:\\\/\\\/stxgroup.com\\\/strive\\\/#website\",\"url\":\"https:\\\/\\\/stxgroup.com\\\/strive\\\/\",\"name\":\"STRIVE by STX\",\"description\":\"We transform climate liabilities into business progress\",\"publisher\":{\"@id\":\"https:\\\/\\\/stxgroup.com\\\/strive\\\/#organization\"},\"potentialAction\":[{\"@type\":\"SearchAction\",\"target\":{\"@type\":\"EntryPoint\",\"urlTemplate\":\"https:\\\/\\\/stxgroup.com\\\/strive\\\/?s={search_term_string}\"},\"query-input\":{\"@type\":\"PropertyValueSpecification\",\"valueRequired\":true,\"valueName\":\"search_term_string\"}}],\"inLanguage\":\"en-US\"},{\"@type\":\"Organization\",\"@id\":\"https:\\\/\\\/stxgroup.com\\\/strive\\\/#organization\",\"name\":\"STRIVE by STX\",\"url\":\"https:\\\/\\\/stxgroup.com\\\/strive\\\/\",\"logo\":{\"@type\":\"ImageObject\",\"inLanguage\":\"en-US\",\"@id\":\"https:\\\/\\\/stxgroup.com\\\/strive\\\/#\\\/schema\\\/logo\\\/image\\\/\",\"url\":\"https:\\\/\\\/stxgroup.com\\\/app\\\/themes\\\/ChildTheme\\\/assets\\\/uploads\\\/site\\\/4\\\/2023\\\/02\\\/strive-logo-header-cutout-2.svg\",\"contentUrl\":\"https:\\\/\\\/stxgroup.com\\\/app\\\/themes\\\/ChildTheme\\\/assets\\\/uploads\\\/site\\\/4\\\/2023\\\/02\\\/strive-logo-header-cutout-2.svg\",\"width\":279,\"height\":130,\"caption\":\"STRIVE by STX\"},\"image\":{\"@id\":\"https:\\\/\\\/stxgroup.com\\\/strive\\\/#\\\/schema\\\/logo\\\/image\\\/\"}}]}<\/script>\n<!-- \/ Yoast SEO plugin. -->","yoast_head_json":{"title":"Reg\u00edstrate en nuestro evento de descarbonizaci\u00f3n para empresas","description":"Participa en nuestro evento sobre descarbonizaci\u00f3n y soluciones de eficiencia energ\u00e9tica para empresas.","robots":{"index":"index","follow":"follow","max-snippet":"max-snippet:-1","max-image-preview":"max-image-preview:large","max-video-preview":"max-video-preview:-1"},"canonical":"https:\/\/stxgroup.com\/strive\/es\/evento-descarbonizacion-empresas\/","og_locale":"en_US","og_type":"article","og_title":"Reg\u00edstrate en nuestro evento de descarbonizaci\u00f3n para empresas","og_description":"Participa en nuestro evento sobre descarbonizaci\u00f3n y soluciones de eficiencia energ\u00e9tica para empresas.","og_url":"https:\/\/stxgroup.com\/strive\/es\/evento-descarbonizacion-empresas\/","og_site_name":"STRIVE by STX","article_modified_time":"2024-04-22T08:46:25+00:00","twitter_card":"summary_large_image","twitter_misc":{"Est. reading time":"1 minute"},"schema":{"@context":"https:\/\/schema.org","@graph":[{"@type":"WebPage","@id":"https:\/\/stxgroup.com\/strive\/es\/evento-descarbonizacion-empresas\/","url":"https:\/\/stxgroup.com\/strive\/es\/evento-descarbonizacion-empresas\/","name":"Reg\u00edstrate en nuestro evento de descarbonizaci\u00f3n para empresas","isPartOf":{"@id":"https:\/\/stxgroup.com\/strive\/#website"},"datePublished":"2024-04-05T10:48:59+00:00","dateModified":"2024-04-22T08:46:25+00:00","description":"Participa en nuestro evento sobre descarbonizaci\u00f3n y soluciones de eficiencia energ\u00e9tica para empresas.","breadcrumb":{"@id":"https:\/\/stxgroup.com\/strive\/es\/evento-descarbonizacion-empresas\/#breadcrumb"},"inLanguage":"en-US","potentialAction":[{"@type":"ReadAction","target":["https:\/\/stxgroup.com\/strive\/es\/evento-descarbonizacion-empresas\/"]}]},{"@type":"BreadcrumbList","@id":"https:\/\/stxgroup.com\/strive\/es\/evento-descarbonizacion-empresas\/#breadcrumb","itemListElement":[{"@type":"ListItem","position":1,"name":"Home","item":"https:\/\/stxgroup.com\/strive\/"},{"@type":"ListItem","position":2,"name":"Energy Efficiency event ES &#8211; temporary"}]},{"@type":"WebSite","@id":"https:\/\/stxgroup.com\/strive\/#website","url":"https:\/\/stxgroup.com\/strive\/","name":"STRIVE by STX","description":"We transform climate liabilities into business progress","publisher":{"@id":"https:\/\/stxgroup.com\/strive\/#organization"},"potentialAction":[{"@type":"SearchAction","target":{"@type":"EntryPoint","urlTemplate":"https:\/\/stxgroup.com\/strive\/?s={search_term_string}"},"query-input":{"@type":"PropertyValueSpecification","valueRequired":true,"valueName":"search_term_string"}}],"inLanguage":"en-US"},{"@type":"Organization","@id":"https:\/\/stxgroup.com\/strive\/#organization","name":"STRIVE by STX","url":"https:\/\/stxgroup.com\/strive\/","logo":{"@type":"ImageObject","inLanguage":"en-US","@id":"https:\/\/stxgroup.com\/strive\/#\/schema\/logo\/image\/","url":"https:\/\/stxgroup.com\/app\/themes\/ChildTheme\/assets\/uploads\/site\/4\/2023\/02\/strive-logo-header-cutout-2.svg","contentUrl":"https:\/\/stxgroup.com\/app\/themes\/ChildTheme\/assets\/uploads\/site\/4\/2023\/02\/strive-logo-header-cutout-2.svg","width":279,"height":130,"caption":"STRIVE by STX"},"image":{"@id":"https:\/\/stxgroup.com\/strive\/#\/schema\/logo\/image\/"}}]}},"lang":"es","translations":{"es":6266},"pll_sync_post":[],"_links":{"self":[{"href":"https:\/\/stxgroup.com\/strive\/wp-json\/wp\/v2\/pages\/6266","targetHints":{"allow":["GET"]}}],"collection":[{"href":"https:\/\/stxgroup.com\/strive\/wp-json\/wp\/v2\/pages"}],"about":[{"href":"https:\/\/stxgroup.com\/strive\/wp-json\/wp\/v2\/types\/page"}],"author":[{"embeddable":true,"href":"https:\/\/stxgroup.com\/strive\/wp-json\/wp\/v2\/users\/3"}],"replies":[{"embeddable":true,"href":"https:\/\/stxgroup.com\/strive\/wp-json\/wp\/v2\/comments?post=6266"}],"version-history":[{"count":17,"href":"https:\/\/stxgroup.com\/strive\/wp-json\/wp\/v2\/pages\/6266\/revisions"}],"predecessor-version":[{"id":6467,"href":"https:\/\/stxgroup.com\/strive\/wp-json\/wp\/v2\/pages\/6266\/revisions\/6467"}],"wp:attachment":[{"href":"https:\/\/stxgroup.com\/strive\/wp-json\/wp\/v2\/media?parent=6266"}],"curies":[{"name":"wp","href":"https:\/\/api.w.org\/{rel}","templated":true}]}}