{"id":6118,"date":"2024-03-26T14:48:45","date_gmt":"2024-03-26T13:48:45","guid":{"rendered":"https:\/\/stxgroup.com\/strive\/?page_id=6118"},"modified":"2024-03-26T14:48:47","modified_gmt":"2024-03-26T13:48:47","slug":"articles","status":"publish","type":"page","link":"https:\/\/stxgroup.com\/strive\/fr\/articles\/","title":{"rendered":"Latest News FR"},"content":{"rendered":"","protected":false},"excerpt":{"rendered":"","protected":false},"author":3,"featured_media":2923,"parent":0,"menu_order":0,"comment_status":"closed","ping_status":"closed","template":"templates\/archive-latest-news.php","meta":{"content-type":"","footnotes":""},"class_list":["post-6118","page","type-page","status-publish","has-post-thumbnail","hentry"],"yoast_head":"<!-- This site is optimized with the Yoast SEO plugin v27.4 - https:\/\/yoast.com\/product\/yoast-seo-wordpress\/ -->\n<title>Articles sur la d\u00e9carbonisation | STRIVE by STX<\/title>\n<meta name=\"description\" content=\"\u00c9largissez vos connaissances sur la d\u00e9carbonisation et le march\u00e9 volontaire du carbone avec les derni\u00e8res nouvelles de STRIVE by STX.\" \/>\n<meta name=\"robots\" content=\"index, follow, max-snippet:-1, max-image-preview:large, max-video-preview:-1\" \/>\n<link rel=\"canonical\" href=\"https:\/\/stxgroup.com\/strive\/fr\/articles\/\" \/>\n<meta property=\"og:locale\" content=\"en_US\" \/>\n<meta property=\"og:type\" content=\"article\" \/>\n<meta property=\"og:title\" content=\"Articles sur la d\u00e9carbonisation | STRIVE by STX\" \/>\n<meta property=\"og:description\" content=\"\u00c9largissez vos connaissances sur la d\u00e9carbonisation et le march\u00e9 volontaire du carbone avec les derni\u00e8res nouvelles de STRIVE by STX.\" \/>\n<meta property=\"og:url\" content=\"https:\/\/stxgroup.com\/strive\/fr\/articles\/\" \/>\n<meta property=\"og:site_name\" content=\"STRIVE by STX\" \/>\n<meta property=\"article:modified_time\" content=\"2024-03-26T13:48:47+00:00\" \/>\n<meta property=\"og:image\" content=\"https:\/\/stxgroup.com\/app\/themes\/ChildTheme\/assets\/uploads\/site\/4\/2023\/03\/efe-kurnaz-1yqvbnSE_sQ-unsplash-scaled.jpg\" \/>\n\t<meta property=\"og:image:width\" content=\"2560\" \/>\n\t<meta property=\"og:image:height\" content=\"1710\" \/>\n\t<meta property=\"og:image:type\" content=\"image\/jpeg\" \/>\n<meta name=\"twitter:card\" content=\"summary_large_image\" \/>\n<meta name=\"twitter:label1\" content=\"Est. reading time\" \/>\n\t<meta name=\"twitter:data1\" content=\"1 minute\" \/>\n<script type=\"application\/ld+json\" class=\"yoast-schema-graph\">{\"@context\":\"https:\\\/\\\/schema.org\",\"@graph\":[{\"@type\":\"WebPage\",\"@id\":\"https:\\\/\\\/stxgroup.com\\\/strive\\\/fr\\\/articles\\\/\",\"url\":\"https:\\\/\\\/stxgroup.com\\\/strive\\\/fr\\\/articles\\\/\",\"name\":\"Articles sur la d\u00e9carbonisation | STRIVE by STX\",\"isPartOf\":{\"@id\":\"https:\\\/\\\/stxgroup.com\\\/strive\\\/#website\"},\"primaryImageOfPage\":{\"@id\":\"https:\\\/\\\/stxgroup.com\\\/strive\\\/fr\\\/articles\\\/#primaryimage\"},\"image\":{\"@id\":\"https:\\\/\\\/stxgroup.com\\\/strive\\\/fr\\\/articles\\\/#primaryimage\"},\"thumbnailUrl\":\"https:\\\/\\\/stxgroup.com\\\/app\\\/themes\\\/ChildTheme\\\/assets\\\/uploads\\\/site\\\/4\\\/2023\\\/03\\\/efe-kurnaz-1yqvbnSE_sQ-unsplash-scaled.jpg\",\"datePublished\":\"2024-03-26T13:48:45+00:00\",\"dateModified\":\"2024-03-26T13:48:47+00:00\",\"description\":\"\u00c9largissez vos connaissances sur la d\u00e9carbonisation et le march\u00e9 volontaire du carbone avec les derni\u00e8res nouvelles de STRIVE by STX.\",\"breadcrumb\":{\"@id\":\"https:\\\/\\\/stxgroup.com\\\/strive\\\/fr\\\/articles\\\/#breadcrumb\"},\"inLanguage\":\"en-US\",\"potentialAction\":[{\"@type\":\"ReadAction\",\"target\":[\"https:\\\/\\\/stxgroup.com\\\/strive\\\/fr\\\/articles\\\/\"]}]},{\"@type\":\"ImageObject\",\"inLanguage\":\"en-US\",\"@id\":\"https:\\\/\\\/stxgroup.com\\\/strive\\\/fr\\\/articles\\\/#primaryimage\",\"url\":\"https:\\\/\\\/stxgroup.com\\\/app\\\/themes\\\/ChildTheme\\\/assets\\\/uploads\\\/site\\\/4\\\/2023\\\/03\\\/efe-kurnaz-1yqvbnSE_sQ-unsplash-scaled.jpg\",\"contentUrl\":\"https:\\\/\\\/stxgroup.com\\\/app\\\/themes\\\/ChildTheme\\\/assets\\\/uploads\\\/site\\\/4\\\/2023\\\/03\\\/efe-kurnaz-1yqvbnSE_sQ-unsplash-scaled.jpg\",\"width\":2560,\"height\":1710,\"caption\":\"climate news\"},{\"@type\":\"BreadcrumbList\",\"@id\":\"https:\\\/\\\/stxgroup.com\\\/strive\\\/fr\\\/articles\\\/#breadcrumb\",\"itemListElement\":[{\"@type\":\"ListItem\",\"position\":1,\"name\":\"Home\",\"item\":\"https:\\\/\\\/stxgroup.com\\\/strive\\\/\"},{\"@type\":\"ListItem\",\"position\":2,\"name\":\"Latest News FR\"}]},{\"@type\":\"WebSite\",\"@id\":\"https:\\\/\\\/stxgroup.com\\\/strive\\\/#website\",\"url\":\"https:\\\/\\\/stxgroup.com\\\/strive\\\/\",\"name\":\"STRIVE by STX\",\"description\":\"We transform climate liabilities into business progress\",\"publisher\":{\"@id\":\"https:\\\/\\\/stxgroup.com\\\/strive\\\/#organization\"},\"potentialAction\":[{\"@type\":\"SearchAction\",\"target\":{\"@type\":\"EntryPoint\",\"urlTemplate\":\"https:\\\/\\\/stxgroup.com\\\/strive\\\/?s={search_term_string}\"},\"query-input\":{\"@type\":\"PropertyValueSpecification\",\"valueRequired\":true,\"valueName\":\"search_term_string\"}}],\"inLanguage\":\"en-US\"},{\"@type\":\"Organization\",\"@id\":\"https:\\\/\\\/stxgroup.com\\\/strive\\\/#organization\",\"name\":\"STRIVE by STX\",\"url\":\"https:\\\/\\\/stxgroup.com\\\/strive\\\/\",\"logo\":{\"@type\":\"ImageObject\",\"inLanguage\":\"en-US\",\"@id\":\"https:\\\/\\\/stxgroup.com\\\/strive\\\/#\\\/schema\\\/logo\\\/image\\\/\",\"url\":\"https:\\\/\\\/stxgroup.com\\\/app\\\/themes\\\/ChildTheme\\\/assets\\\/uploads\\\/site\\\/4\\\/2023\\\/02\\\/strive-logo-header-cutout-2.svg\",\"contentUrl\":\"https:\\\/\\\/stxgroup.com\\\/app\\\/themes\\\/ChildTheme\\\/assets\\\/uploads\\\/site\\\/4\\\/2023\\\/02\\\/strive-logo-header-cutout-2.svg\",\"width\":279,\"height\":130,\"caption\":\"STRIVE by STX\"},\"image\":{\"@id\":\"https:\\\/\\\/stxgroup.com\\\/strive\\\/#\\\/schema\\\/logo\\\/image\\\/\"}}]}<\/script>\n<!-- \/ Yoast SEO plugin. -->","yoast_head_json":{"title":"Articles sur la d\u00e9carbonisation | STRIVE by STX","description":"\u00c9largissez vos connaissances sur la d\u00e9carbonisation et le march\u00e9 volontaire du carbone avec les derni\u00e8res nouvelles de STRIVE by STX.","robots":{"index":"index","follow":"follow","max-snippet":"max-snippet:-1","max-image-preview":"max-image-preview:large","max-video-preview":"max-video-preview:-1"},"canonical":"https:\/\/stxgroup.com\/strive\/fr\/articles\/","og_locale":"en_US","og_type":"article","og_title":"Articles sur la d\u00e9carbonisation | STRIVE by STX","og_description":"\u00c9largissez vos connaissances sur la d\u00e9carbonisation et le march\u00e9 volontaire du carbone avec les derni\u00e8res nouvelles de STRIVE by STX.","og_url":"https:\/\/stxgroup.com\/strive\/fr\/articles\/","og_site_name":"STRIVE by STX","article_modified_time":"2024-03-26T13:48:47+00:00","og_image":[{"width":2560,"height":1710,"url":"https:\/\/stxgroup.com\/app\/themes\/ChildTheme\/assets\/uploads\/site\/4\/2023\/03\/efe-kurnaz-1yqvbnSE_sQ-unsplash-scaled.jpg","type":"image\/jpeg"}],"twitter_card":"summary_large_image","twitter_misc":{"Est. reading time":"1 minute"},"schema":{"@context":"https:\/\/schema.org","@graph":[{"@type":"WebPage","@id":"https:\/\/stxgroup.com\/strive\/fr\/articles\/","url":"https:\/\/stxgroup.com\/strive\/fr\/articles\/","name":"Articles sur la d\u00e9carbonisation | STRIVE by STX","isPartOf":{"@id":"https:\/\/stxgroup.com\/strive\/#website"},"primaryImageOfPage":{"@id":"https:\/\/stxgroup.com\/strive\/fr\/articles\/#primaryimage"},"image":{"@id":"https:\/\/stxgroup.com\/strive\/fr\/articles\/#primaryimage"},"thumbnailUrl":"https:\/\/stxgroup.com\/app\/themes\/ChildTheme\/assets\/uploads\/site\/4\/2023\/03\/efe-kurnaz-1yqvbnSE_sQ-unsplash-scaled.jpg","datePublished":"2024-03-26T13:48:45+00:00","dateModified":"2024-03-26T13:48:47+00:00","description":"\u00c9largissez vos connaissances sur la d\u00e9carbonisation et le march\u00e9 volontaire du carbone avec les derni\u00e8res nouvelles de STRIVE by STX.","breadcrumb":{"@id":"https:\/\/stxgroup.com\/strive\/fr\/articles\/#breadcrumb"},"inLanguage":"en-US","potentialAction":[{"@type":"ReadAction","target":["https:\/\/stxgroup.com\/strive\/fr\/articles\/"]}]},{"@type":"ImageObject","inLanguage":"en-US","@id":"https:\/\/stxgroup.com\/strive\/fr\/articles\/#primaryimage","url":"https:\/\/stxgroup.com\/app\/themes\/ChildTheme\/assets\/uploads\/site\/4\/2023\/03\/efe-kurnaz-1yqvbnSE_sQ-unsplash-scaled.jpg","contentUrl":"https:\/\/stxgroup.com\/app\/themes\/ChildTheme\/assets\/uploads\/site\/4\/2023\/03\/efe-kurnaz-1yqvbnSE_sQ-unsplash-scaled.jpg","width":2560,"height":1710,"caption":"climate news"},{"@type":"BreadcrumbList","@id":"https:\/\/stxgroup.com\/strive\/fr\/articles\/#breadcrumb","itemListElement":[{"@type":"ListItem","position":1,"name":"Home","item":"https:\/\/stxgroup.com\/strive\/"},{"@type":"ListItem","position":2,"name":"Latest News FR"}]},{"@type":"WebSite","@id":"https:\/\/stxgroup.com\/strive\/#website","url":"https:\/\/stxgroup.com\/strive\/","name":"STRIVE by STX","description":"We transform climate liabilities into business progress","publisher":{"@id":"https:\/\/stxgroup.com\/strive\/#organization"},"potentialAction":[{"@type":"SearchAction","target":{"@type":"EntryPoint","urlTemplate":"https:\/\/stxgroup.com\/strive\/?s={search_term_string}"},"query-input":{"@type":"PropertyValueSpecification","valueRequired":true,"valueName":"search_term_string"}}],"inLanguage":"en-US"},{"@type":"Organization","@id":"https:\/\/stxgroup.com\/strive\/#organization","name":"STRIVE by STX","url":"https:\/\/stxgroup.com\/strive\/","logo":{"@type":"ImageObject","inLanguage":"en-US","@id":"https:\/\/stxgroup.com\/strive\/#\/schema\/logo\/image\/","url":"https:\/\/stxgroup.com\/app\/themes\/ChildTheme\/assets\/uploads\/site\/4\/2023\/02\/strive-logo-header-cutout-2.svg","contentUrl":"https:\/\/stxgroup.com\/app\/themes\/ChildTheme\/assets\/uploads\/site\/4\/2023\/02\/strive-logo-header-cutout-2.svg","width":279,"height":130,"caption":"STRIVE by STX"},"image":{"@id":"https:\/\/stxgroup.com\/strive\/#\/schema\/logo\/image\/"}}]}},"lang":"fr","translations":{"fr":6118,"es":3798,"en":132,"de":6116,"sv":6126,"pl":6129,"it":6131,"nl":6133},"pll_sync_post":[],"_links":{"self":[{"href":"https:\/\/stxgroup.com\/strive\/wp-json\/wp\/v2\/pages\/6118","targetHints":{"allow":["GET"]}}],"collection":[{"href":"https:\/\/stxgroup.com\/strive\/wp-json\/wp\/v2\/pages"}],"about":[{"href":"https:\/\/stxgroup.com\/strive\/wp-json\/wp\/v2\/types\/page"}],"author":[{"embeddable":true,"href":"https:\/\/stxgroup.com\/strive\/wp-json\/wp\/v2\/users\/3"}],"replies":[{"embeddable":true,"href":"https:\/\/stxgroup.com\/strive\/wp-json\/wp\/v2\/comments?post=6118"}],"version-history":[{"count":1,"href":"https:\/\/stxgroup.com\/strive\/wp-json\/wp\/v2\/pages\/6118\/revisions"}],"predecessor-version":[{"id":6119,"href":"https:\/\/stxgroup.com\/strive\/wp-json\/wp\/v2\/pages\/6118\/revisions\/6119"}],"wp:featuredmedia":[{"embeddable":true,"href":"https:\/\/stxgroup.com\/strive\/wp-json\/wp\/v2\/media\/2923"}],"wp:attachment":[{"href":"https:\/\/stxgroup.com\/strive\/wp-json\/wp\/v2\/media?parent=6118"}],"curies":[{"name":"wp","href":"https:\/\/api.w.org\/{rel}","templated":true}]}}