{"id":5953,"date":"2024-03-18T15:01:35","date_gmt":"2024-03-18T14:01:35","guid":{"rendered":"https:\/\/stxgroup.com\/strive\/?page_id=5953"},"modified":"2024-12-17T16:20:53","modified_gmt":"2024-12-17T15:20:53","slug":"webinar-beneficios-certificados-ahorro-energetico","status":"publish","type":"page","link":"https:\/\/stxgroup.com\/strive\/es\/eventos\/webinar-beneficios-certificados-ahorro-energetico\/","title":{"rendered":"Impulsando la Sostenibilidad Empresarial: Beneficios de los Certificados de Ahorro Energ\u00e9tico &#8211; webinar"},"content":{"rendered":"\n<section class=\"wp-block-create-block-gb-hero c-hero c-hero--size_xs c-hero--variation_center-left c-hero--bg_position_cc\" style=\"background-image:url(https:\/\/stxgroup.com\/app\/themes\/ChildTheme\/assets\/uploads\/site\/4\/2024\/03\/iStock-1468396766.jpg);background-color:#141729\">\n<div class=\"wp-block-create-block-gb-container-block c-hero--inner\"><\/div>\n<\/section>\n\n\n\n<div class=\"c-mb-100\"><\/div>\n\n\n\n<div class=\"row-wide\"><div class=\"c-heading-simple\"><h1 class=\"c-heading-simple--title\">Webinar<br><strong>IMPULSANDO LA SOSTENIBILIDAD EMPRESARIAL: BENEFICIOS DE LOS CERTIFICADOS DE AHORRO ENERG\u00c9TICO<\/strong><\/h1><\/div><\/div>\n\n\n\n<div class=\"wp-block-create-block-gb-alternate-right-row c-item-inrow c-row--expanded c-item-inrow--side__right c-item-inrow--bgcolor__rock\">\n<div class=\"wp-block-create-block-gb-container-block c-item-inrow--content c-row--expanded-col-6\">\n<div class=\"wp-block-create-block-gb-container-block c-row--expanded--inner\">\n<h2 class=\"wp-block-create-block-gb-text  c-item-inrow--title\">Impulsando la Eficiencia Energ\u00e9tica<\/h2>\n\n\n\n<p class=\"wp-block-create-block-gb-text  c-item-inrow--description\">En este webinar exploraremos el impacto y las oportunidades que ofrecen a las empresas los Certificados de Ahorro Energ\u00e9tico (CAEs) en Espa\u00f1a, desde su contexto europeo hasta su implementaci\u00f3n pr\u00e1ctica. Descubrir\u00e1s qu\u00e9 son los CAEs y c\u00f3mo estos certificados no solo ayudan a apoyar los objetivos de descarbonizaci\u00f3n de las empresas, sino que adem\u00e1s proveen un apoyo financiero para la inversi\u00f3n en proyectos de eficiencia energ\u00e9tica de toda clase. Profundizaremos en el sistema CAE, el cat\u00e1logo de proyectos est\u00e1ndar y presentaremos ejemplos reales de \u00e9xito. Adem\u00e1s, conocer\u00e1s c\u00f3mo STX puede ser un aliado clave en este proceso, facilitando la adopci\u00f3n de medidas sostenibles que benefician tanto al medio ambiente como al rendimiento empresarial.<\/p>\n\n\n\n<a href=\"#registro\" class=\"c-button   c-button--aligned\"><span class=\"wp-block-create-block-gb-link-rhombus\">accede a la grabaci\u00f3n del webinar<\/span><\/a>\n<\/div>\n<\/div>\n\n\n\n<div class=\"wp-block-create-block-gb-container-block c-item-inrow--image c-row--expanded-col-6\">\n<div class=\"c-item-inrow--image--content c-row--expanded--inner\">\n<div class=\"c-img-rhombus  c-img-rhombus--right\"><img decoding=\"async\" alt=\"webinar de eficiencia energ\u00e9tica\" src=\"https:\/\/stxgroup.com\/app\/themes\/ChildTheme\/assets\/uploads\/site\/4\/2024\/03\/Singapore-230118-10-1.png\" \/><\/div>\n<\/div>\n<\/div>\n<\/div>\n\n\n\n<div class=\"c-mb-100\"><\/div>\n\n\n\n<div class=\"row-wide\"><div class=\"c-heading-simple\"><h1 class=\"c-heading-simple--title\">Agenda<br><\/h1><\/div><\/div>\n\n\n\n<div class=\"wp-block-create-block-gb-container-content-width row-wide\">\n<ol class=\"wp-block-list\">\n<li>Bienvenida e Introducci\u00f3n<\/li>\n\n\n\n<li>El contexto europeo y la llegada de los CAEs a Espa\u00f1a<\/li>\n\n\n\n<li>Profundizando en el Sistema CAE y su Normativa<\/li>\n\n\n\n<li>Exploraci\u00f3n del Cat\u00e1logo de Proyectos Est\u00e1ndar<\/li>\n\n\n\n<li>Casos de \u00c9xito: Ejemplos Reales<\/li>\n\n\n\n<li>Sesi\u00f3n de Preguntas y Respuestas<\/li>\n<\/ol>\n<\/div>\n\n\n\n<div class=\"c-mb-100\"><\/div>\n\n\n\n<div class=\"row-wide\"><div class=\"c-heading-simple\"><h1 class=\"c-heading-simple--title\">Ponentes<\/h1><\/div><\/div>\n\n\n\n<div class=\"c-mb-20\"><\/div>\n\n\n\n<div class=\"row-wide grid-row\"><div class=\"wp-block-create-block-gb-grid-row c-row\">\n<div class=\"wp-block-create-block-gb-grid-item c-col-4\">\n<div class=\"wp-block-create-block-gb-container-block c-item-inlist grid-row\">\n<figure class=\"wp-block-image size-full is-resized\"><img loading=\"lazy\" decoding=\"async\" width=\"800\" height=\"800\" src=\"https:\/\/stxgroup.com\/app\/themes\/ChildTheme\/assets\/uploads\/site\/4\/2024\/03\/MicrosoftTeams-image-69.jpg\" alt=\"Pablo Reed\" class=\"wp-image-5956\" style=\"object-fit:cover;width:300px;height:300px\" srcset=\"https:\/\/stxgroup.com\/app\/themes\/ChildTheme\/assets\/uploads\/site\/4\/2024\/03\/MicrosoftTeams-image-69.jpg 800w, https:\/\/stxgroup.com\/app\/themes\/ChildTheme\/assets\/uploads\/site\/4\/2024\/03\/MicrosoftTeams-image-69-300x300.jpg 300w, https:\/\/stxgroup.com\/app\/themes\/ChildTheme\/assets\/uploads\/site\/4\/2024\/03\/MicrosoftTeams-image-69-150x150.jpg 150w, https:\/\/stxgroup.com\/app\/themes\/ChildTheme\/assets\/uploads\/site\/4\/2024\/03\/MicrosoftTeams-image-69-768x768.jpg 768w\" sizes=\"auto, (max-width: 800px) 100vw, 800px\" \/><\/figure>\n\n\n\n<h3 class=\"wp-block-create-block-gb-text-equal-height  c-item-inlistu002du002dtitle js__equal-height c-item-inlist--title\" data-equal-height-type=\"grid-item-title\">Pablo Reed<\/h3>\n\n\n\n<p class=\"wp-block-create-block-gb-text  c-item-inlistu002du002ddescription c-item-inlist--description\">Director Regional para el Sur de Europa<br><strong>STRIVE by STX<\/strong><\/p>\n<\/div>\n<\/div>\n\n\n\n<div class=\"wp-block-create-block-gb-grid-item c-col-4\">\n<div class=\"wp-block-create-block-gb-container-block c-item-inlist grid-row\">\n<figure class=\"wp-block-image size-full is-resized\"><img loading=\"lazy\" decoding=\"async\" width=\"800\" height=\"800\" src=\"https:\/\/stxgroup.com\/app\/themes\/ChildTheme\/assets\/uploads\/site\/4\/2024\/03\/MicrosoftTeams-image-68.jpg\" alt=\"Enrique Santiba\u00f1ez\" class=\"wp-image-5957\" style=\"object-fit:cover;width:300px;height:300px\" srcset=\"https:\/\/stxgroup.com\/app\/themes\/ChildTheme\/assets\/uploads\/site\/4\/2024\/03\/MicrosoftTeams-image-68.jpg 800w, https:\/\/stxgroup.com\/app\/themes\/ChildTheme\/assets\/uploads\/site\/4\/2024\/03\/MicrosoftTeams-image-68-300x300.jpg 300w, https:\/\/stxgroup.com\/app\/themes\/ChildTheme\/assets\/uploads\/site\/4\/2024\/03\/MicrosoftTeams-image-68-150x150.jpg 150w, https:\/\/stxgroup.com\/app\/themes\/ChildTheme\/assets\/uploads\/site\/4\/2024\/03\/MicrosoftTeams-image-68-768x768.jpg 768w\" sizes=\"auto, (max-width: 800px) 100vw, 800px\" \/><\/figure>\n\n\n\n<h3 class=\"wp-block-create-block-gb-text-equal-height  c-item-inlistu002du002dtitle js__equal-height c-item-inlist--title\" data-equal-height-type=\"grid-item-title\">Enrique Santib\u00e1\u00f1ez<\/h3>\n\n\n\n<p class=\"wp-block-create-block-gb-text  c-item-inlistu002du002ddescription c-item-inlist--description\">Desarrollador de Negocio &#8211; Eficiencia Energ\u00e9tica &#8211; Mercado Espa\u00f1ol<br><strong>STRIVE by STX<\/strong><\/p>\n<\/div>\n<\/div>\n<\/div><\/div>\n\n\n\n<div class=\"c-mb-75\"><\/div>\n\n\n\n<div id=\"registro\"><\/div>\n\n\n\n<div class=\"wp-block-create-block-gb-container-content-width row-wide\">\n<p class=\"wp-block-create-block-gb-text\"><strong>Rellena el formulario para ver la grabaci\u00f3n del webinar.<\/strong><\/p>\n\n\n\n<div class=\"wp-block-leadin-hubspot-form-block\">\n\t\t\t\t\t\t<script>\n\t\t\t\t\t\t\twindow.hsFormsOnReady = window.hsFormsOnReady || [];\n\t\t\t\t\t\t\twindow.hsFormsOnReady.push(()=>{\n\t\t\t\t\t\t\t\thbspt.forms.create({\n\t\t\t\t\t\t\t\t\tportalId: 27215429,\n\t\t\t\t\t\t\t\t\tformId: \"26e8e4b7-4d3c-41f4-9102-571cdd183901\",\n\t\t\t\t\t\t\t\t\ttarget: \"#hbspt-form-1776332836000-3814969954\",\n\t\t\t\t\t\t\t\t\tregion: \"eu1\",\n\t\t\t\t\t\t\t\t\t\n\t\t\t\t\t\t\t})});\n\t\t\t\t\t\t<\/script>\n\t\t\t\t\t\t<div class=\"hbspt-form\" id=\"hbspt-form-1776332836000-3814969954\"><\/div><\/div>\n\n\n\n<div class=\"c-mb-100\"><\/div>\n<\/div>\n","protected":false},"excerpt":{"rendered":"","protected":false},"author":3,"featured_media":5954,"parent":4166,"menu_order":0,"comment_status":"closed","ping_status":"closed","template":"","meta":{"content-type":"","footnotes":""},"class_list":["post-5953","page","type-page","status-publish","has-post-thumbnail","hentry"],"yoast_head":"<!-- This site is optimized with the Yoast SEO plugin v27.4 - https:\/\/yoast.com\/product\/yoast-seo-wordpress\/ -->\n<title>Webinar: Beneficios de los Certificados de Ahorro Energ\u00e9tico<\/title>\n<meta name=\"description\" content=\"Exploraremos el impacto y las oportunidades que ofrecen los Certificados de Ahorro Energ\u00e9tico (CAEs) en Espa\u00f1a.\" \/>\n<meta name=\"robots\" content=\"index, follow, max-snippet:-1, max-image-preview:large, max-video-preview:-1\" \/>\n<link rel=\"canonical\" href=\"https:\/\/stxgroup.com\/strive\/es\/eventos\/webinar-beneficios-certificados-ahorro-energetico\/\" \/>\n<meta property=\"og:locale\" content=\"en_US\" \/>\n<meta property=\"og:type\" content=\"article\" \/>\n<meta property=\"og:title\" content=\"Webinar: Beneficios de los Certificados de Ahorro Energ\u00e9tico\" \/>\n<meta property=\"og:description\" content=\"Exploraremos el impacto y las oportunidades que ofrecen los Certificados de Ahorro Energ\u00e9tico (CAEs) en Espa\u00f1a.\" \/>\n<meta property=\"og:url\" content=\"https:\/\/stxgroup.com\/strive\/es\/eventos\/webinar-beneficios-certificados-ahorro-energetico\/\" \/>\n<meta property=\"og:site_name\" content=\"STRIVE by STX\" \/>\n<meta property=\"article:modified_time\" content=\"2024-12-17T15:20:53+00:00\" \/>\n<meta property=\"og:image\" content=\"https:\/\/stxgroup.com\/app\/themes\/ChildTheme\/assets\/uploads\/site\/4\/2024\/03\/Singapore-230118-7.png\" \/>\n\t<meta property=\"og:image:width\" content=\"1080\" \/>\n\t<meta property=\"og:image:height\" content=\"1080\" \/>\n\t<meta property=\"og:image:type\" content=\"image\/png\" \/>\n<meta name=\"twitter:card\" content=\"summary_large_image\" \/>\n<meta name=\"twitter:label1\" content=\"Est. reading time\" \/>\n\t<meta name=\"twitter:data1\" content=\"2 minutes\" \/>\n<script type=\"application\/ld+json\" class=\"yoast-schema-graph\">{\"@context\":\"https:\\\/\\\/schema.org\",\"@graph\":[{\"@type\":\"WebPage\",\"@id\":\"https:\\\/\\\/stxgroup.com\\\/strive\\\/es\\\/eventos\\\/webinar-beneficios-certificados-ahorro-energetico\\\/\",\"url\":\"https:\\\/\\\/stxgroup.com\\\/strive\\\/es\\\/eventos\\\/webinar-beneficios-certificados-ahorro-energetico\\\/\",\"name\":\"Webinar: Beneficios de los Certificados de Ahorro Energ\u00e9tico\",\"isPartOf\":{\"@id\":\"https:\\\/\\\/stxgroup.com\\\/strive\\\/#website\"},\"primaryImageOfPage\":{\"@id\":\"https:\\\/\\\/stxgroup.com\\\/strive\\\/es\\\/eventos\\\/webinar-beneficios-certificados-ahorro-energetico\\\/#primaryimage\"},\"image\":{\"@id\":\"https:\\\/\\\/stxgroup.com\\\/strive\\\/es\\\/eventos\\\/webinar-beneficios-certificados-ahorro-energetico\\\/#primaryimage\"},\"thumbnailUrl\":\"https:\\\/\\\/stxgroup.com\\\/app\\\/themes\\\/ChildTheme\\\/assets\\\/uploads\\\/site\\\/4\\\/2024\\\/03\\\/Singapore-230118-7.png\",\"datePublished\":\"2024-03-18T14:01:35+00:00\",\"dateModified\":\"2024-12-17T15:20:53+00:00\",\"description\":\"Exploraremos el impacto y las oportunidades que ofrecen los Certificados de Ahorro Energ\u00e9tico (CAEs) en Espa\u00f1a.\",\"breadcrumb\":{\"@id\":\"https:\\\/\\\/stxgroup.com\\\/strive\\\/es\\\/eventos\\\/webinar-beneficios-certificados-ahorro-energetico\\\/#breadcrumb\"},\"inLanguage\":\"en-US\",\"potentialAction\":[{\"@type\":\"ReadAction\",\"target\":[\"https:\\\/\\\/stxgroup.com\\\/strive\\\/es\\\/eventos\\\/webinar-beneficios-certificados-ahorro-energetico\\\/\"]}]},{\"@type\":\"ImageObject\",\"inLanguage\":\"en-US\",\"@id\":\"https:\\\/\\\/stxgroup.com\\\/strive\\\/es\\\/eventos\\\/webinar-beneficios-certificados-ahorro-energetico\\\/#primaryimage\",\"url\":\"https:\\\/\\\/stxgroup.com\\\/app\\\/themes\\\/ChildTheme\\\/assets\\\/uploads\\\/site\\\/4\\\/2024\\\/03\\\/Singapore-230118-7.png\",\"contentUrl\":\"https:\\\/\\\/stxgroup.com\\\/app\\\/themes\\\/ChildTheme\\\/assets\\\/uploads\\\/site\\\/4\\\/2024\\\/03\\\/Singapore-230118-7.png\",\"width\":1080,\"height\":1080,\"caption\":\"Beneficios de los certificados de ahorro energ\u00e9tico\"},{\"@type\":\"BreadcrumbList\",\"@id\":\"https:\\\/\\\/stxgroup.com\\\/strive\\\/es\\\/eventos\\\/webinar-beneficios-certificados-ahorro-energetico\\\/#breadcrumb\",\"itemListElement\":[{\"@type\":\"ListItem\",\"position\":1,\"name\":\"Home\",\"item\":\"https:\\\/\\\/stxgroup.com\\\/strive\\\/\"},{\"@type\":\"ListItem\",\"position\":2,\"name\":\"Events (ES)\",\"item\":\"https:\\\/\\\/stxgroup.com\\\/strive\\\/es\\\/eventos\\\/\"},{\"@type\":\"ListItem\",\"position\":3,\"name\":\"Impulsando la Sostenibilidad Empresarial: Beneficios de los Certificados de Ahorro Energ\u00e9tico &#8211; webinar\"}]},{\"@type\":\"WebSite\",\"@id\":\"https:\\\/\\\/stxgroup.com\\\/strive\\\/#website\",\"url\":\"https:\\\/\\\/stxgroup.com\\\/strive\\\/\",\"name\":\"STRIVE by STX\",\"description\":\"We transform climate liabilities into business progress\",\"publisher\":{\"@id\":\"https:\\\/\\\/stxgroup.com\\\/strive\\\/#organization\"},\"potentialAction\":[{\"@type\":\"SearchAction\",\"target\":{\"@type\":\"EntryPoint\",\"urlTemplate\":\"https:\\\/\\\/stxgroup.com\\\/strive\\\/?s={search_term_string}\"},\"query-input\":{\"@type\":\"PropertyValueSpecification\",\"valueRequired\":true,\"valueName\":\"search_term_string\"}}],\"inLanguage\":\"en-US\"},{\"@type\":\"Organization\",\"@id\":\"https:\\\/\\\/stxgroup.com\\\/strive\\\/#organization\",\"name\":\"STRIVE by STX\",\"url\":\"https:\\\/\\\/stxgroup.com\\\/strive\\\/\",\"logo\":{\"@type\":\"ImageObject\",\"inLanguage\":\"en-US\",\"@id\":\"https:\\\/\\\/stxgroup.com\\\/strive\\\/#\\\/schema\\\/logo\\\/image\\\/\",\"url\":\"https:\\\/\\\/stxgroup.com\\\/app\\\/themes\\\/ChildTheme\\\/assets\\\/uploads\\\/site\\\/4\\\/2023\\\/02\\\/strive-logo-header-cutout-2.svg\",\"contentUrl\":\"https:\\\/\\\/stxgroup.com\\\/app\\\/themes\\\/ChildTheme\\\/assets\\\/uploads\\\/site\\\/4\\\/2023\\\/02\\\/strive-logo-header-cutout-2.svg\",\"width\":279,\"height\":130,\"caption\":\"STRIVE by STX\"},\"image\":{\"@id\":\"https:\\\/\\\/stxgroup.com\\\/strive\\\/#\\\/schema\\\/logo\\\/image\\\/\"}}]}<\/script>\n<!-- \/ Yoast SEO plugin. -->","yoast_head_json":{"title":"Webinar: Beneficios de los Certificados de Ahorro Energ\u00e9tico","description":"Exploraremos el impacto y las oportunidades que ofrecen los Certificados de Ahorro Energ\u00e9tico (CAEs) en Espa\u00f1a.","robots":{"index":"index","follow":"follow","max-snippet":"max-snippet:-1","max-image-preview":"max-image-preview:large","max-video-preview":"max-video-preview:-1"},"canonical":"https:\/\/stxgroup.com\/strive\/es\/eventos\/webinar-beneficios-certificados-ahorro-energetico\/","og_locale":"en_US","og_type":"article","og_title":"Webinar: Beneficios de los Certificados de Ahorro Energ\u00e9tico","og_description":"Exploraremos el impacto y las oportunidades que ofrecen los Certificados de Ahorro Energ\u00e9tico (CAEs) en Espa\u00f1a.","og_url":"https:\/\/stxgroup.com\/strive\/es\/eventos\/webinar-beneficios-certificados-ahorro-energetico\/","og_site_name":"STRIVE by STX","article_modified_time":"2024-12-17T15:20:53+00:00","og_image":[{"width":1080,"height":1080,"url":"https:\/\/stxgroup.com\/app\/themes\/ChildTheme\/assets\/uploads\/site\/4\/2024\/03\/Singapore-230118-7.png","type":"image\/png"}],"twitter_card":"summary_large_image","twitter_misc":{"Est. reading time":"2 minutes"},"schema":{"@context":"https:\/\/schema.org","@graph":[{"@type":"WebPage","@id":"https:\/\/stxgroup.com\/strive\/es\/eventos\/webinar-beneficios-certificados-ahorro-energetico\/","url":"https:\/\/stxgroup.com\/strive\/es\/eventos\/webinar-beneficios-certificados-ahorro-energetico\/","name":"Webinar: Beneficios de los Certificados de Ahorro Energ\u00e9tico","isPartOf":{"@id":"https:\/\/stxgroup.com\/strive\/#website"},"primaryImageOfPage":{"@id":"https:\/\/stxgroup.com\/strive\/es\/eventos\/webinar-beneficios-certificados-ahorro-energetico\/#primaryimage"},"image":{"@id":"https:\/\/stxgroup.com\/strive\/es\/eventos\/webinar-beneficios-certificados-ahorro-energetico\/#primaryimage"},"thumbnailUrl":"https:\/\/stxgroup.com\/app\/themes\/ChildTheme\/assets\/uploads\/site\/4\/2024\/03\/Singapore-230118-7.png","datePublished":"2024-03-18T14:01:35+00:00","dateModified":"2024-12-17T15:20:53+00:00","description":"Exploraremos el impacto y las oportunidades que ofrecen los Certificados de Ahorro Energ\u00e9tico (CAEs) en Espa\u00f1a.","breadcrumb":{"@id":"https:\/\/stxgroup.com\/strive\/es\/eventos\/webinar-beneficios-certificados-ahorro-energetico\/#breadcrumb"},"inLanguage":"en-US","potentialAction":[{"@type":"ReadAction","target":["https:\/\/stxgroup.com\/strive\/es\/eventos\/webinar-beneficios-certificados-ahorro-energetico\/"]}]},{"@type":"ImageObject","inLanguage":"en-US","@id":"https:\/\/stxgroup.com\/strive\/es\/eventos\/webinar-beneficios-certificados-ahorro-energetico\/#primaryimage","url":"https:\/\/stxgroup.com\/app\/themes\/ChildTheme\/assets\/uploads\/site\/4\/2024\/03\/Singapore-230118-7.png","contentUrl":"https:\/\/stxgroup.com\/app\/themes\/ChildTheme\/assets\/uploads\/site\/4\/2024\/03\/Singapore-230118-7.png","width":1080,"height":1080,"caption":"Beneficios de los certificados de ahorro energ\u00e9tico"},{"@type":"BreadcrumbList","@id":"https:\/\/stxgroup.com\/strive\/es\/eventos\/webinar-beneficios-certificados-ahorro-energetico\/#breadcrumb","itemListElement":[{"@type":"ListItem","position":1,"name":"Home","item":"https:\/\/stxgroup.com\/strive\/"},{"@type":"ListItem","position":2,"name":"Events (ES)","item":"https:\/\/stxgroup.com\/strive\/es\/eventos\/"},{"@type":"ListItem","position":3,"name":"Impulsando la Sostenibilidad Empresarial: Beneficios de los Certificados de Ahorro Energ\u00e9tico &#8211; webinar"}]},{"@type":"WebSite","@id":"https:\/\/stxgroup.com\/strive\/#website","url":"https:\/\/stxgroup.com\/strive\/","name":"STRIVE by STX","description":"We transform climate liabilities into business progress","publisher":{"@id":"https:\/\/stxgroup.com\/strive\/#organization"},"potentialAction":[{"@type":"SearchAction","target":{"@type":"EntryPoint","urlTemplate":"https:\/\/stxgroup.com\/strive\/?s={search_term_string}"},"query-input":{"@type":"PropertyValueSpecification","valueRequired":true,"valueName":"search_term_string"}}],"inLanguage":"en-US"},{"@type":"Organization","@id":"https:\/\/stxgroup.com\/strive\/#organization","name":"STRIVE by STX","url":"https:\/\/stxgroup.com\/strive\/","logo":{"@type":"ImageObject","inLanguage":"en-US","@id":"https:\/\/stxgroup.com\/strive\/#\/schema\/logo\/image\/","url":"https:\/\/stxgroup.com\/app\/themes\/ChildTheme\/assets\/uploads\/site\/4\/2023\/02\/strive-logo-header-cutout-2.svg","contentUrl":"https:\/\/stxgroup.com\/app\/themes\/ChildTheme\/assets\/uploads\/site\/4\/2023\/02\/strive-logo-header-cutout-2.svg","width":279,"height":130,"caption":"STRIVE by STX"},"image":{"@id":"https:\/\/stxgroup.com\/strive\/#\/schema\/logo\/image\/"}}]}},"lang":"es","translations":{"es":5953},"pll_sync_post":[],"_links":{"self":[{"href":"https:\/\/stxgroup.com\/strive\/wp-json\/wp\/v2\/pages\/5953","targetHints":{"allow":["GET"]}}],"collection":[{"href":"https:\/\/stxgroup.com\/strive\/wp-json\/wp\/v2\/pages"}],"about":[{"href":"https:\/\/stxgroup.com\/strive\/wp-json\/wp\/v2\/types\/page"}],"author":[{"embeddable":true,"href":"https:\/\/stxgroup.com\/strive\/wp-json\/wp\/v2\/users\/3"}],"replies":[{"embeddable":true,"href":"https:\/\/stxgroup.com\/strive\/wp-json\/wp\/v2\/comments?post=5953"}],"version-history":[{"count":17,"href":"https:\/\/stxgroup.com\/strive\/wp-json\/wp\/v2\/pages\/5953\/revisions"}],"predecessor-version":[{"id":8551,"href":"https:\/\/stxgroup.com\/strive\/wp-json\/wp\/v2\/pages\/5953\/revisions\/8551"}],"up":[{"embeddable":true,"href":"https:\/\/stxgroup.com\/strive\/wp-json\/wp\/v2\/pages\/4166"}],"wp:featuredmedia":[{"embeddable":true,"href":"https:\/\/stxgroup.com\/strive\/wp-json\/wp\/v2\/media\/5954"}],"wp:attachment":[{"href":"https:\/\/stxgroup.com\/strive\/wp-json\/wp\/v2\/media?parent=5953"}],"curies":[{"name":"wp","href":"https:\/\/api.w.org\/{rel}","templated":true}]}}