{"id":5523,"date":"2024-02-06T15:44:28","date_gmt":"2024-02-06T14:44:28","guid":{"rendered":"https:\/\/stxgroup.com\/strive\/?page_id=5523"},"modified":"2024-02-08T15:03:49","modified_gmt":"2024-02-08T14:03:49","slug":"webinar-descarbonizacao-do-setor-automotivo","status":"publish","type":"page","link":"https:\/\/stxgroup.com\/strive\/events\/webinar-descarbonizacao-do-setor-automotivo\/","title":{"rendered":"O papel dos produtos ambientais na descarboniza\u00e7\u00e3o do setor autom\u00f3vel &#8211; gated webinar"},"content":{"rendered":"\n<section class=\"wp-block-create-block-gb-hero c-hero c-hero--size_xs c-hero--variation_center-left c-hero--bg_position_cc\" style=\"background-image:url(https:\/\/stxgroup.com\/app\/themes\/ChildTheme\/assets\/uploads\/site\/4\/2024\/02\/dimitar-donovski-yrjB4dYWUZU-unsplash-scaled.jpg);background-color:#141729\">\n<div class=\"wp-block-create-block-gb-container-block c-hero--bottom\"><\/div>\n<\/section>\n\n\n\n<div class=\"c-mb-100\"><\/div>\n\n\n\n<div class=\"row-wide\"><div class=\"c-heading-simple\"><h1 class=\"c-heading-simple--title\" placeholder=\"Write your text...\">On-demand webinar<br><strong>O PAPEL DOS PRODUTOS AMBIENTAIS NA<\/strong> <strong>DESCARBONIZA\u00c7AO DO SETOR<\/strong> <strong>AUTOM\u00d3VEL<\/strong><br><\/h1><\/div><\/div>\n\n\n\n<div class=\"wp-block-create-block-gb-alternate-right-row c-item-inrow c-row--expanded c-item-inrow--side__right c-item-inrow--bgcolor__rock\">\n<div class=\"wp-block-create-block-gb-container-block c-item-inrow--content c-row--expanded-col-6\">\n<div class=\"wp-block-create-block-gb-container-block c-row--expanded--inner\">\n<h2 class=\"wp-block-create-block-gb-text  c-item-inrow--title\">Aprende sobre a descarboniza\u00e7\u00e3o do setor autom\u00f3vel<\/h2>\n\n\n\n<p class=\"wp-block-create-block-gb-text  c-item-inrow--description\">Especialistas da STRIVE by STX e MOBINOV ir\u00e3o falar dos desafios e oportunidades desta transi\u00e7\u00e3o, destacando a import\u00e2ncia da descarboniza\u00e7\u00e3o para um futuro sustent\u00e1vel no setor.<br><br>Nesta sess\u00e3o, ser\u00e3o discutidos:<br>&#8211; A import\u00e2ncia da descarboniza\u00e7\u00e3o na ind\u00fastria autom\u00f3vel.<br>&#8211; Como as commodities ambientais contribuem para alcan\u00e7ar emiss\u00f5es l\u00edquidas zero.<br>&#8211; O processo e as metas de descarboniza\u00e7\u00e3o no setor autom\u00f3vel.<\/p>\n\n\n\n<a href=\"#form\" class=\"c-button   c-button--aligned\"><span class=\"wp-block-create-block-gb-link-rhombus\">WATCH NOW<\/span><\/a>\n<\/div>\n<\/div>\n\n\n\n<div class=\"wp-block-create-block-gb-container-block c-item-inrow--image c-row--expanded-col-6\">\n<div class=\"c-item-inrow--image--content c-row--expanded--inner\">\n<div class=\"c-img-rhombus  c-img-rhombus--right\"><img decoding=\"async\" alt=\"descarboniza\u00e7\u00e3o do setor autom\u00f3tivo\" src=\"https:\/\/stxgroup.com\/app\/themes\/ChildTheme\/assets\/uploads\/site\/4\/2024\/02\/MicrosoftTeams-image-58.png\"\/><\/div>\n<\/div>\n<\/div>\n<\/div>\n\n\n\n<div class=\"c-mb-100\"><\/div>\n\n\n\n<div class=\"row-wide\"><div class=\"c-heading-simple\"><h1 class=\"c-heading-simple--title\" placeholder=\"Write your text...\">Speakers<\/h1><\/div><\/div>\n\n\n\n<div class=\"c-mb-20\"><\/div>\n\n\n\n<div class=\"row-wide grid-row\"><div class=\"wp-block-create-block-gb-grid-row c-row\">\n<div class=\"wp-block-create-block-gb-grid-item c-col-4\">\n<div class=\"wp-block-create-block-gb-container-block c-item-inlist grid-row\">\n<figure class=\"wp-block-image size-full is-resized\"><img loading=\"lazy\" decoding=\"async\" width=\"720\" height=\"643\" src=\"https:\/\/stxgroup.com\/app\/themes\/ChildTheme\/assets\/uploads\/site\/4\/2024\/02\/Bernardo-Oliveira-v2.jpg\" alt=\"\" class=\"wp-image-5542\" style=\"aspect-ratio:4\/3;object-fit:cover;width:1200px\" srcset=\"https:\/\/stxgroup.com\/app\/themes\/ChildTheme\/assets\/uploads\/site\/4\/2024\/02\/Bernardo-Oliveira-v2.jpg 720w, https:\/\/stxgroup.com\/app\/themes\/ChildTheme\/assets\/uploads\/site\/4\/2024\/02\/Bernardo-Oliveira-v2-300x268.jpg 300w\" sizes=\"auto, (max-width: 720px) 100vw, 720px\" \/><\/figure>\n\n\n\n<h3 class=\"wp-block-create-block-gb-text-equal-height  c-item-inlistu002du002dtitle js__equal-height c-item-inlist--title\" data-equal-height-type=\"grid-item-title\">Bernardo Oliveira<\/h3>\n\n\n\n<p class=\"wp-block-create-block-gb-text  c-item-inlistu002du002ddescription c-item-inlist--description\">Senior Sales Trader in GOO<br><strong>STX<\/strong><\/p>\n<\/div>\n<\/div>\n\n\n\n<div class=\"wp-block-create-block-gb-grid-item c-col-4\">\n<div class=\"wp-block-create-block-gb-container-block c-item-inlist grid-row\">\n<figure class=\"wp-block-image size-full\"><img loading=\"lazy\" decoding=\"async\" width=\"1583\" height=\"1776\" src=\"https:\/\/stxgroup.com\/app\/themes\/ChildTheme\/assets\/uploads\/site\/4\/2024\/02\/Mobinov-Speaker.jpg\" alt=\"T\u00e2nia Godinho\" class=\"wp-image-5532\" style=\"aspect-ratio:4\/3;object-fit:cover\" srcset=\"https:\/\/stxgroup.com\/app\/themes\/ChildTheme\/assets\/uploads\/site\/4\/2024\/02\/Mobinov-Speaker.jpg 1583w, https:\/\/stxgroup.com\/app\/themes\/ChildTheme\/assets\/uploads\/site\/4\/2024\/02\/Mobinov-Speaker-267x300.jpg 267w, https:\/\/stxgroup.com\/app\/themes\/ChildTheme\/assets\/uploads\/site\/4\/2024\/02\/Mobinov-Speaker-913x1024.jpg 913w, https:\/\/stxgroup.com\/app\/themes\/ChildTheme\/assets\/uploads\/site\/4\/2024\/02\/Mobinov-Speaker-768x862.jpg 768w, https:\/\/stxgroup.com\/app\/themes\/ChildTheme\/assets\/uploads\/site\/4\/2024\/02\/Mobinov-Speaker-1369x1536.jpg 1369w\" sizes=\"auto, (max-width: 1583px) 100vw, 1583px\" \/><\/figure>\n\n\n\n<h3 class=\"wp-block-create-block-gb-text-equal-height  c-item-inlistu002du002dtitle js__equal-height c-item-inlist--title\" data-equal-height-type=\"grid-item-title\">T\u00e2nia Godinho<\/h3>\n\n\n\n<p class=\"wp-block-create-block-gb-text  c-item-inlistu002du002ddescription c-item-inlist--description\">Gestora de Marketing e de projetos<br><strong>MOBINOV<\/strong><\/p>\n<\/div>\n<\/div>\n<\/div><\/div>\n\n\n\n<div class=\"c-mb-75\"><\/div>\n\n\n\n<div id=\"form\"><\/div>\n\n\n\n<div class=\"wp-block-create-block-gb-container-content-width row-wide\">\n<p class=\"wp-block-create-block-gb-text\"><strong>Fill in the form to watch the webinar for the webinar<\/strong><\/p>\n\n\n\n<div class=\"wp-block-leadin-hubspot-form-block\">\n\t\t\t\t\t\t<script>\n\t\t\t\t\t\t\twindow.hsFormsOnReady = window.hsFormsOnReady || [];\n\t\t\t\t\t\t\twindow.hsFormsOnReady.push(()=>{\n\t\t\t\t\t\t\t\thbspt.forms.create({\n\t\t\t\t\t\t\t\t\tportalId: 27215429,\n\t\t\t\t\t\t\t\t\tformId: \"2aedd62a-e11a-4a95-a42d-2f62b35c50e9\",\n\t\t\t\t\t\t\t\t\ttarget: \"#hbspt-form-1776977087000-2342770036\",\n\t\t\t\t\t\t\t\t\tregion: \"eu1\",\n\t\t\t\t\t\t\t\t\t\n\t\t\t\t\t\t\t})});\n\t\t\t\t\t\t<\/script>\n\t\t\t\t\t\t<div class=\"hbspt-form\" id=\"hbspt-form-1776977087000-2342770036\"><\/div><\/div>\n\n\n\n<div class=\"c-mb-100\"><\/div>\n<\/div>\n","protected":false},"excerpt":{"rendered":"","protected":false},"author":3,"featured_media":5573,"parent":3343,"menu_order":0,"comment_status":"closed","ping_status":"closed","template":"","meta":{"content-type":"","footnotes":""},"class_list":["post-5523","page","type-page","status-publish","has-post-thumbnail","hentry"],"yoast_head":"<!-- This site is optimized with the Yoast SEO plugin v27.4 - https:\/\/yoast.com\/product\/yoast-seo-wordpress\/ -->\n<title>Webinar: Na descarboniza\u00e7\u00e3o do setor autom\u00f3tivo<\/title>\n<meta name=\"description\" content=\"Participe do nosso webinar para explorar o papel crucial das commodities ambientais na descarboniza\u00e7\u00e3o do setor autom\u00f3vel.\" \/>\n<meta name=\"robots\" content=\"index, nofollow, max-snippet:-1, max-image-preview:large, max-video-preview:-1\" \/>\n<link rel=\"canonical\" href=\"https:\/\/stxgroup.com\/strive\/events\/webinar-descarbonizacao-do-setor-automotivo\/\" \/>\n<meta property=\"og:locale\" content=\"en_US\" \/>\n<meta property=\"og:type\" content=\"article\" \/>\n<meta property=\"og:title\" content=\"Webinar: Na descarboniza\u00e7\u00e3o do setor autom\u00f3tivo\" \/>\n<meta property=\"og:description\" content=\"Participe do nosso webinar para explorar o papel crucial das commodities ambientais na descarboniza\u00e7\u00e3o do setor autom\u00f3vel.\" \/>\n<meta property=\"og:url\" content=\"https:\/\/stxgroup.com\/strive\/events\/webinar-descarbonizacao-do-setor-automotivo\/\" \/>\n<meta property=\"og:site_name\" content=\"STRIVE by STX\" \/>\n<meta property=\"article:modified_time\" content=\"2024-02-08T14:03:49+00:00\" \/>\n<meta property=\"og:image\" content=\"https:\/\/stxgroup.com\/app\/themes\/ChildTheme\/assets\/uploads\/site\/4\/2024\/02\/Event-Webpage-Renewable-Electricity-Webinar-3-1024x1024.png\" \/>\n\t<meta property=\"og:image:width\" content=\"1024\" \/>\n\t<meta property=\"og:image:height\" content=\"1024\" \/>\n\t<meta property=\"og:image:type\" content=\"image\/png\" \/>\n<meta name=\"twitter:card\" content=\"summary_large_image\" \/>\n<meta name=\"twitter:label1\" content=\"Est. reading time\" \/>\n\t<meta name=\"twitter:data1\" content=\"2 minutes\" \/>\n<script type=\"application\/ld+json\" class=\"yoast-schema-graph\">{\"@context\":\"https:\\\/\\\/schema.org\",\"@graph\":[{\"@type\":\"WebPage\",\"@id\":\"https:\\\/\\\/stxgroup.com\\\/strive\\\/events\\\/webinar-descarbonizacao-do-setor-automotivo\\\/\",\"url\":\"https:\\\/\\\/stxgroup.com\\\/strive\\\/events\\\/webinar-descarbonizacao-do-setor-automotivo\\\/\",\"name\":\"Webinar: Na descarboniza\u00e7\u00e3o do setor autom\u00f3tivo\",\"isPartOf\":{\"@id\":\"https:\\\/\\\/stxgroup.com\\\/strive\\\/#website\"},\"primaryImageOfPage\":{\"@id\":\"https:\\\/\\\/stxgroup.com\\\/strive\\\/events\\\/webinar-descarbonizacao-do-setor-automotivo\\\/#primaryimage\"},\"image\":{\"@id\":\"https:\\\/\\\/stxgroup.com\\\/strive\\\/events\\\/webinar-descarbonizacao-do-setor-automotivo\\\/#primaryimage\"},\"thumbnailUrl\":\"https:\\\/\\\/stxgroup.com\\\/app\\\/themes\\\/ChildTheme\\\/assets\\\/uploads\\\/site\\\/4\\\/2024\\\/02\\\/Event-Webpage-Renewable-Electricity-Webinar-3.png\",\"datePublished\":\"2024-02-06T14:44:28+00:00\",\"dateModified\":\"2024-02-08T14:03:49+00:00\",\"description\":\"Participe do nosso webinar para explorar o papel crucial das commodities ambientais na descarboniza\u00e7\u00e3o do setor autom\u00f3vel.\",\"breadcrumb\":{\"@id\":\"https:\\\/\\\/stxgroup.com\\\/strive\\\/events\\\/webinar-descarbonizacao-do-setor-automotivo\\\/#breadcrumb\"},\"inLanguage\":\"en-US\",\"potentialAction\":[{\"@type\":\"ReadAction\",\"target\":[\"https:\\\/\\\/stxgroup.com\\\/strive\\\/events\\\/webinar-descarbonizacao-do-setor-automotivo\\\/\"]}]},{\"@type\":\"ImageObject\",\"inLanguage\":\"en-US\",\"@id\":\"https:\\\/\\\/stxgroup.com\\\/strive\\\/events\\\/webinar-descarbonizacao-do-setor-automotivo\\\/#primaryimage\",\"url\":\"https:\\\/\\\/stxgroup.com\\\/app\\\/themes\\\/ChildTheme\\\/assets\\\/uploads\\\/site\\\/4\\\/2024\\\/02\\\/Event-Webpage-Renewable-Electricity-Webinar-3.png\",\"contentUrl\":\"https:\\\/\\\/stxgroup.com\\\/app\\\/themes\\\/ChildTheme\\\/assets\\\/uploads\\\/site\\\/4\\\/2024\\\/02\\\/Event-Webpage-Renewable-Electricity-Webinar-3.png\",\"width\":2000,\"height\":2000,\"caption\":\"[3:01 PM] Lopez Walker, Andres Descarboniza\u00e7\u00e3o do Setor Autom\u00f3vel\"},{\"@type\":\"BreadcrumbList\",\"@id\":\"https:\\\/\\\/stxgroup.com\\\/strive\\\/events\\\/webinar-descarbonizacao-do-setor-automotivo\\\/#breadcrumb\",\"itemListElement\":[{\"@type\":\"ListItem\",\"position\":1,\"name\":\"Home\",\"item\":\"https:\\\/\\\/stxgroup.com\\\/strive\\\/\"},{\"@type\":\"ListItem\",\"position\":2,\"name\":\"Events\",\"item\":\"https:\\\/\\\/stxgroup.com\\\/strive\\\/events\\\/\"},{\"@type\":\"ListItem\",\"position\":3,\"name\":\"O papel dos produtos ambientais na descarboniza\u00e7\u00e3o do setor autom\u00f3vel &#8211; gated webinar\"}]},{\"@type\":\"WebSite\",\"@id\":\"https:\\\/\\\/stxgroup.com\\\/strive\\\/#website\",\"url\":\"https:\\\/\\\/stxgroup.com\\\/strive\\\/\",\"name\":\"STRIVE by STX\",\"description\":\"We transform climate liabilities into business progress\",\"publisher\":{\"@id\":\"https:\\\/\\\/stxgroup.com\\\/strive\\\/#organization\"},\"potentialAction\":[{\"@type\":\"SearchAction\",\"target\":{\"@type\":\"EntryPoint\",\"urlTemplate\":\"https:\\\/\\\/stxgroup.com\\\/strive\\\/?s={search_term_string}\"},\"query-input\":{\"@type\":\"PropertyValueSpecification\",\"valueRequired\":true,\"valueName\":\"search_term_string\"}}],\"inLanguage\":\"en-US\"},{\"@type\":\"Organization\",\"@id\":\"https:\\\/\\\/stxgroup.com\\\/strive\\\/#organization\",\"name\":\"STRIVE by STX\",\"url\":\"https:\\\/\\\/stxgroup.com\\\/strive\\\/\",\"logo\":{\"@type\":\"ImageObject\",\"inLanguage\":\"en-US\",\"@id\":\"https:\\\/\\\/stxgroup.com\\\/strive\\\/#\\\/schema\\\/logo\\\/image\\\/\",\"url\":\"https:\\\/\\\/stxgroup.com\\\/app\\\/themes\\\/ChildTheme\\\/assets\\\/uploads\\\/site\\\/4\\\/2023\\\/02\\\/strive-logo-header-cutout-2.svg\",\"contentUrl\":\"https:\\\/\\\/stxgroup.com\\\/app\\\/themes\\\/ChildTheme\\\/assets\\\/uploads\\\/site\\\/4\\\/2023\\\/02\\\/strive-logo-header-cutout-2.svg\",\"width\":279,\"height\":130,\"caption\":\"STRIVE by STX\"},\"image\":{\"@id\":\"https:\\\/\\\/stxgroup.com\\\/strive\\\/#\\\/schema\\\/logo\\\/image\\\/\"}}]}<\/script>\n<!-- \/ Yoast SEO plugin. -->","yoast_head_json":{"title":"Webinar: Na descarboniza\u00e7\u00e3o do setor autom\u00f3tivo","description":"Participe do nosso webinar para explorar o papel crucial das commodities ambientais na descarboniza\u00e7\u00e3o do setor autom\u00f3vel.","robots":{"index":"index","follow":"nofollow","max-snippet":"max-snippet:-1","max-image-preview":"max-image-preview:large","max-video-preview":"max-video-preview:-1"},"canonical":"https:\/\/stxgroup.com\/strive\/events\/webinar-descarbonizacao-do-setor-automotivo\/","og_locale":"en_US","og_type":"article","og_title":"Webinar: Na descarboniza\u00e7\u00e3o do setor autom\u00f3tivo","og_description":"Participe do nosso webinar para explorar o papel crucial das commodities ambientais na descarboniza\u00e7\u00e3o do setor autom\u00f3vel.","og_url":"https:\/\/stxgroup.com\/strive\/events\/webinar-descarbonizacao-do-setor-automotivo\/","og_site_name":"STRIVE by STX","article_modified_time":"2024-02-08T14:03:49+00:00","og_image":[{"width":1024,"height":1024,"url":"https:\/\/stxgroup.com\/app\/themes\/ChildTheme\/assets\/uploads\/site\/4\/2024\/02\/Event-Webpage-Renewable-Electricity-Webinar-3-1024x1024.png","type":"image\/png"}],"twitter_card":"summary_large_image","twitter_misc":{"Est. reading time":"2 minutes"},"schema":{"@context":"https:\/\/schema.org","@graph":[{"@type":"WebPage","@id":"https:\/\/stxgroup.com\/strive\/events\/webinar-descarbonizacao-do-setor-automotivo\/","url":"https:\/\/stxgroup.com\/strive\/events\/webinar-descarbonizacao-do-setor-automotivo\/","name":"Webinar: Na descarboniza\u00e7\u00e3o do setor autom\u00f3tivo","isPartOf":{"@id":"https:\/\/stxgroup.com\/strive\/#website"},"primaryImageOfPage":{"@id":"https:\/\/stxgroup.com\/strive\/events\/webinar-descarbonizacao-do-setor-automotivo\/#primaryimage"},"image":{"@id":"https:\/\/stxgroup.com\/strive\/events\/webinar-descarbonizacao-do-setor-automotivo\/#primaryimage"},"thumbnailUrl":"https:\/\/stxgroup.com\/app\/themes\/ChildTheme\/assets\/uploads\/site\/4\/2024\/02\/Event-Webpage-Renewable-Electricity-Webinar-3.png","datePublished":"2024-02-06T14:44:28+00:00","dateModified":"2024-02-08T14:03:49+00:00","description":"Participe do nosso webinar para explorar o papel crucial das commodities ambientais na descarboniza\u00e7\u00e3o do setor autom\u00f3vel.","breadcrumb":{"@id":"https:\/\/stxgroup.com\/strive\/events\/webinar-descarbonizacao-do-setor-automotivo\/#breadcrumb"},"inLanguage":"en-US","potentialAction":[{"@type":"ReadAction","target":["https:\/\/stxgroup.com\/strive\/events\/webinar-descarbonizacao-do-setor-automotivo\/"]}]},{"@type":"ImageObject","inLanguage":"en-US","@id":"https:\/\/stxgroup.com\/strive\/events\/webinar-descarbonizacao-do-setor-automotivo\/#primaryimage","url":"https:\/\/stxgroup.com\/app\/themes\/ChildTheme\/assets\/uploads\/site\/4\/2024\/02\/Event-Webpage-Renewable-Electricity-Webinar-3.png","contentUrl":"https:\/\/stxgroup.com\/app\/themes\/ChildTheme\/assets\/uploads\/site\/4\/2024\/02\/Event-Webpage-Renewable-Electricity-Webinar-3.png","width":2000,"height":2000,"caption":"[3:01 PM] Lopez Walker, Andres Descarboniza\u00e7\u00e3o do Setor Autom\u00f3vel"},{"@type":"BreadcrumbList","@id":"https:\/\/stxgroup.com\/strive\/events\/webinar-descarbonizacao-do-setor-automotivo\/#breadcrumb","itemListElement":[{"@type":"ListItem","position":1,"name":"Home","item":"https:\/\/stxgroup.com\/strive\/"},{"@type":"ListItem","position":2,"name":"Events","item":"https:\/\/stxgroup.com\/strive\/events\/"},{"@type":"ListItem","position":3,"name":"O papel dos produtos ambientais na descarboniza\u00e7\u00e3o do setor autom\u00f3vel &#8211; gated webinar"}]},{"@type":"WebSite","@id":"https:\/\/stxgroup.com\/strive\/#website","url":"https:\/\/stxgroup.com\/strive\/","name":"STRIVE by STX","description":"We transform climate liabilities into business progress","publisher":{"@id":"https:\/\/stxgroup.com\/strive\/#organization"},"potentialAction":[{"@type":"SearchAction","target":{"@type":"EntryPoint","urlTemplate":"https:\/\/stxgroup.com\/strive\/?s={search_term_string}"},"query-input":{"@type":"PropertyValueSpecification","valueRequired":true,"valueName":"search_term_string"}}],"inLanguage":"en-US"},{"@type":"Organization","@id":"https:\/\/stxgroup.com\/strive\/#organization","name":"STRIVE by STX","url":"https:\/\/stxgroup.com\/strive\/","logo":{"@type":"ImageObject","inLanguage":"en-US","@id":"https:\/\/stxgroup.com\/strive\/#\/schema\/logo\/image\/","url":"https:\/\/stxgroup.com\/app\/themes\/ChildTheme\/assets\/uploads\/site\/4\/2023\/02\/strive-logo-header-cutout-2.svg","contentUrl":"https:\/\/stxgroup.com\/app\/themes\/ChildTheme\/assets\/uploads\/site\/4\/2023\/02\/strive-logo-header-cutout-2.svg","width":279,"height":130,"caption":"STRIVE by STX"},"image":{"@id":"https:\/\/stxgroup.com\/strive\/#\/schema\/logo\/image\/"}}]}},"lang":"en","translations":{"en":5523},"pll_sync_post":[],"_links":{"self":[{"href":"https:\/\/stxgroup.com\/strive\/wp-json\/wp\/v2\/pages\/5523","targetHints":{"allow":["GET"]}}],"collection":[{"href":"https:\/\/stxgroup.com\/strive\/wp-json\/wp\/v2\/pages"}],"about":[{"href":"https:\/\/stxgroup.com\/strive\/wp-json\/wp\/v2\/types\/page"}],"author":[{"embeddable":true,"href":"https:\/\/stxgroup.com\/strive\/wp-json\/wp\/v2\/users\/3"}],"replies":[{"embeddable":true,"href":"https:\/\/stxgroup.com\/strive\/wp-json\/wp\/v2\/comments?post=5523"}],"version-history":[{"count":21,"href":"https:\/\/stxgroup.com\/strive\/wp-json\/wp\/v2\/pages\/5523\/revisions"}],"predecessor-version":[{"id":5572,"href":"https:\/\/stxgroup.com\/strive\/wp-json\/wp\/v2\/pages\/5523\/revisions\/5572"}],"up":[{"embeddable":true,"href":"https:\/\/stxgroup.com\/strive\/wp-json\/wp\/v2\/pages\/3343"}],"wp:featuredmedia":[{"embeddable":true,"href":"https:\/\/stxgroup.com\/strive\/wp-json\/wp\/v2\/media\/5573"}],"wp:attachment":[{"href":"https:\/\/stxgroup.com\/strive\/wp-json\/wp\/v2\/media?parent=5523"}],"curies":[{"name":"wp","href":"https:\/\/api.w.org\/{rel}","templated":true}]}}