{"id":5278,"date":"2024-01-15T15:56:12","date_gmt":"2024-01-15T14:56:12","guid":{"rendered":"https:\/\/stxgroup.com\/strive\/?page_id=5278"},"modified":"2024-01-18T11:09:42","modified_gmt":"2024-01-18T10:09:42","slug":"inkop-av-fornybar-energi-for-foretag","status":"publish","type":"page","link":"https:\/\/stxgroup.com\/strive\/sv\/publikationer\/inkop-av-fornybar-energi-for-foretag\/","title":{"rendered":"White paper Procurement of Renewable Energy for corporates \u2013 download page (SWEDISH)"},"content":{"rendered":"\r\n      <section class=\"c-hero c-hero--size_l c-hero--variation_center-left-2\"\r\n      style=\"\r\n      background-image: url(https:\/\/stxgroup.com\/app\/themes\/ChildTheme\/assets\/uploads\/site\/4\/2023\/10\/dan-meyers-vouoK_daWL8-unsplash-scaled.jpg);\r\n      background-color: #141729;\r\n      \">\r\n      <div class=\"c-hero--inner\">\r\n          <a href=\"javascript:history.back()\" class=\"c-hero--back-action c-button--simple\">\r\n            <svg viewBox=\"0 0 700 700\" xmlns=\"http:\/\/www.w3.org\/2000\/svg\">\n  <path d=\"M 396.387 150.142 L 240.773 302.804 L 586.236 301.664 L 587.946 399.102 L 244.194 399.102 L 394.669 548.412 L 330.045 616.001 L 63.692 350.381 L 327.764 84 Z\"\/>\n<\/svg>\r\n            <span>BACK<\/span>\r\n          <\/a>\r\n          <h1 class=\"c-hero--title\">White paper:\r\n<strong>INK\u00d6P AV F\u00d6RNYBAR ENERGI F\u00d6R F\u00d6RETAG<\/strong><\/h1>\r\n      <\/div>\r\n      <\/section>\r\n      \n\n\n<div class=\"c-button-right-line c-row--expanded\"><div class=\"rhombus rhombus--color-mirage c-row--expanded-col-last c-row--expanded-col-3\"><div class=\"c-row--expanded--inner\"><a href=\"#ladda-ner-nu\" class=\"c-button\"><span>LADDA NER NU<\/span><\/a><\/div><\/div><\/div>\n\n\n\n<div class=\"c-mb-150\"><\/div>\n\n\n\n<div class=\"c-row--expanded\"><div class=\"c-row--expanded-col-first c-row--expanded-col-11\"><div class=\"c-heading-line c-heading-line--left c-heading-line--color-zodiac c-row--expanded--inner\"><p class=\"c-heading-line--text\" placeholder=\"Escribe tu texto...\">Senaste trenderna p\u00e5 marknaden f\u00f6r f\u00f6rnybar el<\/p><\/div><\/div><\/div>\n\n\n\n<div class=\"wp-block-create-block-gb-container-content-width row-wide\">\n<div class=\"wp-block-columns is-layout-flex wp-container-core-columns-is-layout-1 wp-block-columns-is-layout-flex\">\n<div class=\"wp-block-column is-layout-flow wp-block-column-is-layout-flow\">\n<p>Den globala str\u00e4van mot \u00f6kad h\u00e5llbarhet och bek\u00e4mpning av klimatf\u00f6r\u00e4ndringar har drivit fram en noterbar f\u00f6r\u00e4ndring inom marknaden f\u00f6r f\u00f6rnybar energi. F\u00f6r att bli mer h\u00e5llbara har m\u00e5nga f\u00f6retag b\u00f6rjat s\u00e4tta upp m\u00e5l f\u00f6r att minska eller eliminera utsl\u00e4pp som kommer fr\u00e5n deras elf\u00f6rbrukning genom att k\u00f6pa el fr\u00e5n gr\u00f6na k\u00e4llor.<\/p>\n\n\n\n<p>Organisationer unders\u00f6ker aktivt olika metoder f\u00f6r att anskaffa f\u00f6rnybar elektricitet. <strong>Power Purchase Agreement (PPAs), Virtual Power Purchase Agreement (VPPAs) och direktink\u00f6p av f\u00f6rnybara energicertifikat (EACs)<\/strong> har blivit de mest popul\u00e4ra metoderna f\u00f6r f\u00f6retag att minska sina utsl\u00e4pp i scope 2.<\/p>\n\n\n\n<p>Eftersom efterfr\u00e5gan p\u00e5 f\u00f6rnybar energi forts\u00e4tter att v\u00e4xa, uppst\u00e5r fr\u00e5gor.<\/p>\n\n\n\n<p><strong>Vad \u00e4r den mest effektiva strategin f\u00f6r min organisation? \u00c4r detta tillr\u00e4ckligt f\u00f6r att uppn\u00e5 mina h\u00e5llbarhetsm\u00e5l? Vilken metod \u00e4r optimal f\u00f6r att underl\u00e4tta en fortsatt effektiv tillv\u00e4xt i sektorn f\u00f6r f\u00f6rnybar energi?<\/strong><\/p>\n\n\n\n<p>Detta \u00e4r kritiska fr\u00e5gor som organisationer m\u00e5ste \u00f6verv\u00e4ga n\u00e4r de p\u00e5b\u00f6rjar sin resa med upphandling av f\u00f6rnybar energi.<\/p>\n<\/div>\n\n\n\n<div class=\"wp-block-column is-layout-flow wp-block-column-is-layout-flow\">\n<div class=\"wp-block-kadence-image kb-image5278_10589d-1c\"><figure class=\"alignright size-large\"><img loading=\"lazy\" decoding=\"async\" width=\"1024\" height=\"1024\" src=\"https:\/\/stxgroup.com\/app\/themes\/ChildTheme\/assets\/uploads\/site\/4\/2023\/10\/Copy-of-Untitled-Design-1024x1024.png\" alt=\"white paper renewable energy procurement\" class=\"kb-img wp-image-4523\" srcset=\"https:\/\/stxgroup.com\/app\/themes\/ChildTheme\/assets\/uploads\/site\/4\/2023\/10\/Copy-of-Untitled-Design-1024x1024.png 1024w, https:\/\/stxgroup.com\/app\/themes\/ChildTheme\/assets\/uploads\/site\/4\/2023\/10\/Copy-of-Untitled-Design-150x150.png 150w, https:\/\/stxgroup.com\/app\/themes\/ChildTheme\/assets\/uploads\/site\/4\/2023\/10\/Copy-of-Untitled-Design-300x300.png 300w, https:\/\/stxgroup.com\/app\/themes\/ChildTheme\/assets\/uploads\/site\/4\/2023\/10\/Copy-of-Untitled-Design-768x768.png 768w, https:\/\/stxgroup.com\/app\/themes\/ChildTheme\/assets\/uploads\/site\/4\/2023\/10\/Copy-of-Untitled-Design.png 1200w\" sizes=\"auto, (max-width: 1024px) 100vw, 1024px\" \/><\/figure><\/div>\n<\/div>\n<\/div>\n<\/div>\n\n\n\n<div id=\"ladda-ner-nu\"><\/div>\n\n\n\n<section class=\"wp-block-create-block-gb-contact-form-minimal c-contact-form-minimal c-row--expanded\">\n<div class=\"wp-block-create-block-gb-container-block c-row--expanded-col-12\">\n<div class=\"wp-block-create-block-gb-container-block c-contact-form-minimal--content c-row--expanded--inner\">\n<h3 class=\"wp-block-create-block-gb-text  c-contact-form-minimalu002du002dtitle c-contact-form-minimal--title\">FYLL I FORMUL\u00c4RET OCH F\u00c5 TILLG\u00c5NG TILL V\u00c5RT WHITE PAPER<\/h3>\n\n\n\n<div class=\"wp-block-leadin-hubspot-form-block\">\n\t\t\t\t\t\t<script>\n\t\t\t\t\t\t\twindow.hsFormsOnReady = window.hsFormsOnReady || [];\n\t\t\t\t\t\t\twindow.hsFormsOnReady.push(()=>{\n\t\t\t\t\t\t\t\thbspt.forms.create({\n\t\t\t\t\t\t\t\t\tportalId: 27215429,\n\t\t\t\t\t\t\t\t\tformId: \"c005e389-efc4-401f-b2d8-dc705a28d14a\",\n\t\t\t\t\t\t\t\t\ttarget: \"#hbspt-form-1775696482000-6816820247\",\n\t\t\t\t\t\t\t\t\tregion: \"eu1\",\n\t\t\t\t\t\t\t\t\t\n\t\t\t\t\t\t\t})});\n\t\t\t\t\t\t<\/script>\n\t\t\t\t\t\t<div class=\"hbspt-form\" id=\"hbspt-form-1775696482000-6816820247\"><\/div><\/div>\n<\/div>\n<\/div>\n<\/section>\n","protected":false},"excerpt":{"rendered":"","protected":false},"author":3,"featured_media":4528,"parent":5280,"menu_order":0,"comment_status":"closed","ping_status":"closed","template":"","meta":{"content-type":"","footnotes":""},"class_list":["post-5278","page","type-page","status-publish","has-post-thumbnail","hentry"],"yoast_head":"<!-- This site is optimized with the Yoast SEO plugin v26.4 - https:\/\/yoast.com\/wordpress\/plugins\/seo\/ -->\n<title>Ink\u00f6p av F\u00f6rnybar Energi F\u00f6r F\u00f6retag | STRIVE by STX<\/title>\n<meta name=\"description\" content=\"Senaste trenderna p\u00e5 marknaden f\u00f6r f\u00f6rnybar el.\" \/>\n<meta name=\"robots\" content=\"index, follow, max-snippet:-1, max-image-preview:large, max-video-preview:-1\" \/>\n<link rel=\"canonical\" href=\"https:\/\/stxgroup.com\/strive\/sv\/publikationer\/inkop-av-fornybar-energi-for-foretag\/\" \/>\n<meta property=\"og:locale\" content=\"en_US\" \/>\n<meta property=\"og:type\" content=\"article\" \/>\n<meta property=\"og:title\" content=\"Ink\u00f6p av F\u00f6rnybar Energi F\u00f6r F\u00f6retag | STRIVE by STX\" \/>\n<meta property=\"og:description\" content=\"Senaste trenderna p\u00e5 marknaden f\u00f6r f\u00f6rnybar el.\" \/>\n<meta property=\"og:url\" content=\"https:\/\/stxgroup.com\/strive\/sv\/publikationer\/inkop-av-fornybar-energi-for-foretag\/\" \/>\n<meta property=\"og:site_name\" content=\"STRIVE by STX\" \/>\n<meta property=\"article:modified_time\" content=\"2024-01-18T10:09:42+00:00\" \/>\n<meta property=\"og:image\" content=\"https:\/\/stxgroup.com\/app\/themes\/ChildTheme\/assets\/uploads\/site\/4\/2023\/10\/dan-meyers-vouoK_daWL8-unsplash-scaled.jpg\" \/>\n\t<meta property=\"og:image:width\" content=\"2560\" \/>\n\t<meta property=\"og:image:height\" content=\"1707\" \/>\n\t<meta property=\"og:image:type\" content=\"image\/jpeg\" \/>\n<meta name=\"twitter:card\" content=\"summary_large_image\" \/>\n<meta name=\"twitter:label1\" content=\"Est. reading time\" \/>\n\t<meta name=\"twitter:data1\" content=\"2 minutes\" \/>\n<script type=\"application\/ld+json\" class=\"yoast-schema-graph\">{\"@context\":\"https:\/\/schema.org\",\"@graph\":[{\"@type\":\"WebPage\",\"@id\":\"https:\/\/stxgroup.com\/strive\/sv\/publikationer\/inkop-av-fornybar-energi-for-foretag\/\",\"url\":\"https:\/\/stxgroup.com\/strive\/sv\/publikationer\/inkop-av-fornybar-energi-for-foretag\/\",\"name\":\"Ink\u00f6p av F\u00f6rnybar Energi F\u00f6r F\u00f6retag | STRIVE by STX\",\"isPartOf\":{\"@id\":\"https:\/\/stxgroup.com\/strive\/#website\"},\"primaryImageOfPage\":{\"@id\":\"https:\/\/stxgroup.com\/strive\/sv\/publikationer\/inkop-av-fornybar-energi-for-foretag\/#primaryimage\"},\"image\":{\"@id\":\"https:\/\/stxgroup.com\/strive\/sv\/publikationer\/inkop-av-fornybar-energi-for-foretag\/#primaryimage\"},\"thumbnailUrl\":\"https:\/\/stxgroup.com\/app\/themes\/ChildTheme\/assets\/uploads\/site\/4\/2023\/10\/dan-meyers-vouoK_daWL8-unsplash-scaled.jpg\",\"datePublished\":\"2024-01-15T14:56:12+00:00\",\"dateModified\":\"2024-01-18T10:09:42+00:00\",\"description\":\"Senaste trenderna p\u00e5 marknaden f\u00f6r f\u00f6rnybar el.\",\"breadcrumb\":{\"@id\":\"https:\/\/stxgroup.com\/strive\/sv\/publikationer\/inkop-av-fornybar-energi-for-foretag\/#breadcrumb\"},\"inLanguage\":\"en-US\",\"potentialAction\":[{\"@type\":\"ReadAction\",\"target\":[\"https:\/\/stxgroup.com\/strive\/sv\/publikationer\/inkop-av-fornybar-energi-for-foretag\/\"]}]},{\"@type\":\"ImageObject\",\"inLanguage\":\"en-US\",\"@id\":\"https:\/\/stxgroup.com\/strive\/sv\/publikationer\/inkop-av-fornybar-energi-for-foretag\/#primaryimage\",\"url\":\"https:\/\/stxgroup.com\/app\/themes\/ChildTheme\/assets\/uploads\/site\/4\/2023\/10\/dan-meyers-vouoK_daWL8-unsplash-scaled.jpg\",\"contentUrl\":\"https:\/\/stxgroup.com\/app\/themes\/ChildTheme\/assets\/uploads\/site\/4\/2023\/10\/dan-meyers-vouoK_daWL8-unsplash-scaled.jpg\",\"width\":2560,\"height\":1707,\"caption\":\"renewable energy procurement\"},{\"@type\":\"BreadcrumbList\",\"@id\":\"https:\/\/stxgroup.com\/strive\/sv\/publikationer\/inkop-av-fornybar-energi-for-foretag\/#breadcrumb\",\"itemListElement\":[{\"@type\":\"ListItem\",\"position\":1,\"name\":\"Home\",\"item\":\"https:\/\/stxgroup.com\/strive\/\"},{\"@type\":\"ListItem\",\"position\":2,\"name\":\"Publications (SWEDISH)\",\"item\":\"https:\/\/stxgroup.com\/strive\/sv\/publikationer\/\"},{\"@type\":\"ListItem\",\"position\":3,\"name\":\"White paper Procurement of Renewable Energy for corporates \u2013 download page (SWEDISH)\"}]},{\"@type\":\"WebSite\",\"@id\":\"https:\/\/stxgroup.com\/strive\/#website\",\"url\":\"https:\/\/stxgroup.com\/strive\/\",\"name\":\"STRIVE by STX\",\"description\":\"We transform climate liabilities into business progress\",\"publisher\":{\"@id\":\"https:\/\/stxgroup.com\/strive\/#organization\"},\"potentialAction\":[{\"@type\":\"SearchAction\",\"target\":{\"@type\":\"EntryPoint\",\"urlTemplate\":\"https:\/\/stxgroup.com\/strive\/?s={search_term_string}\"},\"query-input\":{\"@type\":\"PropertyValueSpecification\",\"valueRequired\":true,\"valueName\":\"search_term_string\"}}],\"inLanguage\":\"en-US\"},{\"@type\":\"Organization\",\"@id\":\"https:\/\/stxgroup.com\/strive\/#organization\",\"name\":\"STRIVE by STX\",\"url\":\"https:\/\/stxgroup.com\/strive\/\",\"logo\":{\"@type\":\"ImageObject\",\"inLanguage\":\"en-US\",\"@id\":\"https:\/\/stxgroup.com\/strive\/#\/schema\/logo\/image\/\",\"url\":\"https:\/\/stxgroup.com\/app\/themes\/ChildTheme\/assets\/uploads\/site\/4\/2023\/02\/strive-logo-header-cutout-2.svg\",\"contentUrl\":\"https:\/\/stxgroup.com\/app\/themes\/ChildTheme\/assets\/uploads\/site\/4\/2023\/02\/strive-logo-header-cutout-2.svg\",\"width\":279,\"height\":130,\"caption\":\"STRIVE by STX\"},\"image\":{\"@id\":\"https:\/\/stxgroup.com\/strive\/#\/schema\/logo\/image\/\"}}]}<\/script>\n<!-- \/ Yoast SEO plugin. -->","yoast_head_json":{"title":"Ink\u00f6p av F\u00f6rnybar Energi F\u00f6r F\u00f6retag | STRIVE by STX","description":"Senaste trenderna p\u00e5 marknaden f\u00f6r f\u00f6rnybar el.","robots":{"index":"index","follow":"follow","max-snippet":"max-snippet:-1","max-image-preview":"max-image-preview:large","max-video-preview":"max-video-preview:-1"},"canonical":"https:\/\/stxgroup.com\/strive\/sv\/publikationer\/inkop-av-fornybar-energi-for-foretag\/","og_locale":"en_US","og_type":"article","og_title":"Ink\u00f6p av F\u00f6rnybar Energi F\u00f6r F\u00f6retag | STRIVE by STX","og_description":"Senaste trenderna p\u00e5 marknaden f\u00f6r f\u00f6rnybar el.","og_url":"https:\/\/stxgroup.com\/strive\/sv\/publikationer\/inkop-av-fornybar-energi-for-foretag\/","og_site_name":"STRIVE by STX","article_modified_time":"2024-01-18T10:09:42+00:00","og_image":[{"width":2560,"height":1707,"url":"https:\/\/stxgroup.com\/app\/themes\/ChildTheme\/assets\/uploads\/site\/4\/2023\/10\/dan-meyers-vouoK_daWL8-unsplash-scaled.jpg","type":"image\/jpeg"}],"twitter_card":"summary_large_image","twitter_misc":{"Est. reading time":"2 minutes"},"schema":{"@context":"https:\/\/schema.org","@graph":[{"@type":"WebPage","@id":"https:\/\/stxgroup.com\/strive\/sv\/publikationer\/inkop-av-fornybar-energi-for-foretag\/","url":"https:\/\/stxgroup.com\/strive\/sv\/publikationer\/inkop-av-fornybar-energi-for-foretag\/","name":"Ink\u00f6p av F\u00f6rnybar Energi F\u00f6r F\u00f6retag | STRIVE by STX","isPartOf":{"@id":"https:\/\/stxgroup.com\/strive\/#website"},"primaryImageOfPage":{"@id":"https:\/\/stxgroup.com\/strive\/sv\/publikationer\/inkop-av-fornybar-energi-for-foretag\/#primaryimage"},"image":{"@id":"https:\/\/stxgroup.com\/strive\/sv\/publikationer\/inkop-av-fornybar-energi-for-foretag\/#primaryimage"},"thumbnailUrl":"https:\/\/stxgroup.com\/app\/themes\/ChildTheme\/assets\/uploads\/site\/4\/2023\/10\/dan-meyers-vouoK_daWL8-unsplash-scaled.jpg","datePublished":"2024-01-15T14:56:12+00:00","dateModified":"2024-01-18T10:09:42+00:00","description":"Senaste trenderna p\u00e5 marknaden f\u00f6r f\u00f6rnybar el.","breadcrumb":{"@id":"https:\/\/stxgroup.com\/strive\/sv\/publikationer\/inkop-av-fornybar-energi-for-foretag\/#breadcrumb"},"inLanguage":"en-US","potentialAction":[{"@type":"ReadAction","target":["https:\/\/stxgroup.com\/strive\/sv\/publikationer\/inkop-av-fornybar-energi-for-foretag\/"]}]},{"@type":"ImageObject","inLanguage":"en-US","@id":"https:\/\/stxgroup.com\/strive\/sv\/publikationer\/inkop-av-fornybar-energi-for-foretag\/#primaryimage","url":"https:\/\/stxgroup.com\/app\/themes\/ChildTheme\/assets\/uploads\/site\/4\/2023\/10\/dan-meyers-vouoK_daWL8-unsplash-scaled.jpg","contentUrl":"https:\/\/stxgroup.com\/app\/themes\/ChildTheme\/assets\/uploads\/site\/4\/2023\/10\/dan-meyers-vouoK_daWL8-unsplash-scaled.jpg","width":2560,"height":1707,"caption":"renewable energy procurement"},{"@type":"BreadcrumbList","@id":"https:\/\/stxgroup.com\/strive\/sv\/publikationer\/inkop-av-fornybar-energi-for-foretag\/#breadcrumb","itemListElement":[{"@type":"ListItem","position":1,"name":"Home","item":"https:\/\/stxgroup.com\/strive\/"},{"@type":"ListItem","position":2,"name":"Publications (SWEDISH)","item":"https:\/\/stxgroup.com\/strive\/sv\/publikationer\/"},{"@type":"ListItem","position":3,"name":"White paper Procurement of Renewable Energy for corporates \u2013 download page (SWEDISH)"}]},{"@type":"WebSite","@id":"https:\/\/stxgroup.com\/strive\/#website","url":"https:\/\/stxgroup.com\/strive\/","name":"STRIVE by STX","description":"We transform climate liabilities into business progress","publisher":{"@id":"https:\/\/stxgroup.com\/strive\/#organization"},"potentialAction":[{"@type":"SearchAction","target":{"@type":"EntryPoint","urlTemplate":"https:\/\/stxgroup.com\/strive\/?s={search_term_string}"},"query-input":{"@type":"PropertyValueSpecification","valueRequired":true,"valueName":"search_term_string"}}],"inLanguage":"en-US"},{"@type":"Organization","@id":"https:\/\/stxgroup.com\/strive\/#organization","name":"STRIVE by STX","url":"https:\/\/stxgroup.com\/strive\/","logo":{"@type":"ImageObject","inLanguage":"en-US","@id":"https:\/\/stxgroup.com\/strive\/#\/schema\/logo\/image\/","url":"https:\/\/stxgroup.com\/app\/themes\/ChildTheme\/assets\/uploads\/site\/4\/2023\/02\/strive-logo-header-cutout-2.svg","contentUrl":"https:\/\/stxgroup.com\/app\/themes\/ChildTheme\/assets\/uploads\/site\/4\/2023\/02\/strive-logo-header-cutout-2.svg","width":279,"height":130,"caption":"STRIVE by STX"},"image":{"@id":"https:\/\/stxgroup.com\/strive\/#\/schema\/logo\/image\/"}}]}},"lang":"sv","translations":{"sv":5278,"en":4514,"pl":7783},"pll_sync_post":[],"_links":{"self":[{"href":"https:\/\/stxgroup.com\/strive\/wp-json\/wp\/v2\/pages\/5278","targetHints":{"allow":["GET"]}}],"collection":[{"href":"https:\/\/stxgroup.com\/strive\/wp-json\/wp\/v2\/pages"}],"about":[{"href":"https:\/\/stxgroup.com\/strive\/wp-json\/wp\/v2\/types\/page"}],"author":[{"embeddable":true,"href":"https:\/\/stxgroup.com\/strive\/wp-json\/wp\/v2\/users\/3"}],"replies":[{"embeddable":true,"href":"https:\/\/stxgroup.com\/strive\/wp-json\/wp\/v2\/comments?post=5278"}],"version-history":[{"count":0,"href":"https:\/\/stxgroup.com\/strive\/wp-json\/wp\/v2\/pages\/5278\/revisions"}],"up":[{"embeddable":true,"href":"https:\/\/stxgroup.com\/strive\/wp-json\/wp\/v2\/pages\/5280"}],"wp:featuredmedia":[{"embeddable":true,"href":"https:\/\/stxgroup.com\/strive\/wp-json\/wp\/v2\/media\/4528"}],"wp:attachment":[{"href":"https:\/\/stxgroup.com\/strive\/wp-json\/wp\/v2\/media?parent=5278"}],"curies":[{"name":"wp","href":"https:\/\/api.w.org\/{rel}","templated":true}]}}