{"id":4178,"date":"2023-08-02T11:23:59","date_gmt":"2023-08-02T11:23:59","guid":{"rendered":"https:\/\/stxgroup.com\/strive\/?page_id=4178"},"modified":"2023-11-28T09:33:04","modified_gmt":"2023-11-28T08:33:04","slug":"veranstaltungen","status":"publish","type":"page","link":"https:\/\/stxgroup.com\/strive\/de\/veranstaltungen\/","title":{"rendered":"Events (DE)"},"content":{"rendered":"","protected":false},"excerpt":{"rendered":"","protected":false},"author":3,"featured_media":3634,"parent":0,"menu_order":0,"comment_status":"closed","ping_status":"closed","template":"templates\/archive-events.php","meta":{"content-type":"","footnotes":""},"class_list":["post-4178","page","type-page","status-publish","has-post-thumbnail","hentry"],"yoast_head":"<!-- This site is optimized with the Yoast SEO plugin v26.4 - https:\/\/yoast.com\/wordpress\/plugins\/seo\/ -->\n<title>Veranstaltungen | Strive by STX<\/title>\n<meta name=\"description\" content=\"Erweitern Sie Ihr Wissen \u00fcber die Dekarbonisierung und kn\u00fcpfen Sie Kontakte zu Branchenf\u00fchrern bei Strive by STX-Veranstaltungen.\" \/>\n<meta name=\"robots\" content=\"index, follow, max-snippet:-1, max-image-preview:large, max-video-preview:-1\" \/>\n<link rel=\"canonical\" href=\"https:\/\/stxgroup.com\/strive\/de\/veranstaltungen\/\" \/>\n<meta property=\"og:locale\" content=\"en_US\" \/>\n<meta property=\"og:type\" content=\"article\" \/>\n<meta property=\"og:title\" content=\"Veranstaltungen | Strive by STX\" \/>\n<meta property=\"og:description\" content=\"Erweitern Sie Ihr Wissen \u00fcber die Dekarbonisierung und kn\u00fcpfen Sie Kontakte zu Branchenf\u00fchrern bei Strive by STX-Veranstaltungen.\" \/>\n<meta property=\"og:url\" content=\"https:\/\/stxgroup.com\/strive\/de\/veranstaltungen\/\" \/>\n<meta property=\"og:site_name\" content=\"STRIVE by STX\" \/>\n<meta property=\"article:modified_time\" content=\"2023-11-28T08:33:04+00:00\" \/>\n<meta property=\"og:image\" content=\"https:\/\/stxgroup.com\/app\/themes\/ChildTheme\/assets\/uploads\/site\/4\/2023\/05\/kevin-matos-Nl_FMFpXo2g-unsplash-1-scaled.jpg\" \/>\n\t<meta property=\"og:image:width\" content=\"2560\" \/>\n\t<meta property=\"og:image:height\" content=\"1706\" \/>\n\t<meta property=\"og:image:type\" content=\"image\/jpeg\" \/>\n<meta name=\"twitter:card\" content=\"summary_large_image\" \/>\n<script type=\"application\/ld+json\" class=\"yoast-schema-graph\">{\"@context\":\"https:\/\/schema.org\",\"@graph\":[{\"@type\":\"WebPage\",\"@id\":\"https:\/\/stxgroup.com\/strive\/de\/veranstaltungen\/\",\"url\":\"https:\/\/stxgroup.com\/strive\/de\/veranstaltungen\/\",\"name\":\"Veranstaltungen | Strive by STX\",\"isPartOf\":{\"@id\":\"https:\/\/stxgroup.com\/strive\/#website\"},\"primaryImageOfPage\":{\"@id\":\"https:\/\/stxgroup.com\/strive\/de\/veranstaltungen\/#primaryimage\"},\"image\":{\"@id\":\"https:\/\/stxgroup.com\/strive\/de\/veranstaltungen\/#primaryimage\"},\"thumbnailUrl\":\"https:\/\/stxgroup.com\/app\/themes\/ChildTheme\/assets\/uploads\/site\/4\/2023\/05\/kevin-matos-Nl_FMFpXo2g-unsplash-1-scaled.jpg\",\"datePublished\":\"2023-08-02T11:23:59+00:00\",\"dateModified\":\"2023-11-28T08:33:04+00:00\",\"description\":\"Erweitern Sie Ihr Wissen \u00fcber die Dekarbonisierung und kn\u00fcpfen Sie Kontakte zu Branchenf\u00fchrern bei Strive by STX-Veranstaltungen.\",\"breadcrumb\":{\"@id\":\"https:\/\/stxgroup.com\/strive\/de\/veranstaltungen\/#breadcrumb\"},\"inLanguage\":\"en-US\",\"potentialAction\":[{\"@type\":\"ReadAction\",\"target\":[\"https:\/\/stxgroup.com\/strive\/de\/veranstaltungen\/\"]}]},{\"@type\":\"ImageObject\",\"inLanguage\":\"en-US\",\"@id\":\"https:\/\/stxgroup.com\/strive\/de\/veranstaltungen\/#primaryimage\",\"url\":\"https:\/\/stxgroup.com\/app\/themes\/ChildTheme\/assets\/uploads\/site\/4\/2023\/05\/kevin-matos-Nl_FMFpXo2g-unsplash-1-scaled.jpg\",\"contentUrl\":\"https:\/\/stxgroup.com\/app\/themes\/ChildTheme\/assets\/uploads\/site\/4\/2023\/05\/kevin-matos-Nl_FMFpXo2g-unsplash-1-scaled.jpg\",\"width\":2560,\"height\":1706,\"caption\":\"Events and webinars at Strive by STX\"},{\"@type\":\"BreadcrumbList\",\"@id\":\"https:\/\/stxgroup.com\/strive\/de\/veranstaltungen\/#breadcrumb\",\"itemListElement\":[{\"@type\":\"ListItem\",\"position\":1,\"name\":\"Home\",\"item\":\"https:\/\/stxgroup.com\/strive\/\"},{\"@type\":\"ListItem\",\"position\":2,\"name\":\"Events (DE)\"}]},{\"@type\":\"WebSite\",\"@id\":\"https:\/\/stxgroup.com\/strive\/#website\",\"url\":\"https:\/\/stxgroup.com\/strive\/\",\"name\":\"STRIVE by STX\",\"description\":\"We transform climate liabilities into business progress\",\"publisher\":{\"@id\":\"https:\/\/stxgroup.com\/strive\/#organization\"},\"potentialAction\":[{\"@type\":\"SearchAction\",\"target\":{\"@type\":\"EntryPoint\",\"urlTemplate\":\"https:\/\/stxgroup.com\/strive\/?s={search_term_string}\"},\"query-input\":{\"@type\":\"PropertyValueSpecification\",\"valueRequired\":true,\"valueName\":\"search_term_string\"}}],\"inLanguage\":\"en-US\"},{\"@type\":\"Organization\",\"@id\":\"https:\/\/stxgroup.com\/strive\/#organization\",\"name\":\"STRIVE by STX\",\"url\":\"https:\/\/stxgroup.com\/strive\/\",\"logo\":{\"@type\":\"ImageObject\",\"inLanguage\":\"en-US\",\"@id\":\"https:\/\/stxgroup.com\/strive\/#\/schema\/logo\/image\/\",\"url\":\"https:\/\/stxgroup.com\/app\/themes\/ChildTheme\/assets\/uploads\/site\/4\/2023\/02\/strive-logo-header-cutout-2.svg\",\"contentUrl\":\"https:\/\/stxgroup.com\/app\/themes\/ChildTheme\/assets\/uploads\/site\/4\/2023\/02\/strive-logo-header-cutout-2.svg\",\"width\":279,\"height\":130,\"caption\":\"STRIVE by STX\"},\"image\":{\"@id\":\"https:\/\/stxgroup.com\/strive\/#\/schema\/logo\/image\/\"}}]}<\/script>\n<!-- \/ Yoast SEO plugin. -->","yoast_head_json":{"title":"Veranstaltungen | Strive by STX","description":"Erweitern Sie Ihr Wissen \u00fcber die Dekarbonisierung und kn\u00fcpfen Sie Kontakte zu Branchenf\u00fchrern bei Strive by STX-Veranstaltungen.","robots":{"index":"index","follow":"follow","max-snippet":"max-snippet:-1","max-image-preview":"max-image-preview:large","max-video-preview":"max-video-preview:-1"},"canonical":"https:\/\/stxgroup.com\/strive\/de\/veranstaltungen\/","og_locale":"en_US","og_type":"article","og_title":"Veranstaltungen | Strive by STX","og_description":"Erweitern Sie Ihr Wissen \u00fcber die Dekarbonisierung und kn\u00fcpfen Sie Kontakte zu Branchenf\u00fchrern bei Strive by STX-Veranstaltungen.","og_url":"https:\/\/stxgroup.com\/strive\/de\/veranstaltungen\/","og_site_name":"STRIVE by STX","article_modified_time":"2023-11-28T08:33:04+00:00","og_image":[{"width":2560,"height":1706,"url":"https:\/\/stxgroup.com\/app\/themes\/ChildTheme\/assets\/uploads\/site\/4\/2023\/05\/kevin-matos-Nl_FMFpXo2g-unsplash-1-scaled.jpg","type":"image\/jpeg"}],"twitter_card":"summary_large_image","schema":{"@context":"https:\/\/schema.org","@graph":[{"@type":"WebPage","@id":"https:\/\/stxgroup.com\/strive\/de\/veranstaltungen\/","url":"https:\/\/stxgroup.com\/strive\/de\/veranstaltungen\/","name":"Veranstaltungen | Strive by STX","isPartOf":{"@id":"https:\/\/stxgroup.com\/strive\/#website"},"primaryImageOfPage":{"@id":"https:\/\/stxgroup.com\/strive\/de\/veranstaltungen\/#primaryimage"},"image":{"@id":"https:\/\/stxgroup.com\/strive\/de\/veranstaltungen\/#primaryimage"},"thumbnailUrl":"https:\/\/stxgroup.com\/app\/themes\/ChildTheme\/assets\/uploads\/site\/4\/2023\/05\/kevin-matos-Nl_FMFpXo2g-unsplash-1-scaled.jpg","datePublished":"2023-08-02T11:23:59+00:00","dateModified":"2023-11-28T08:33:04+00:00","description":"Erweitern Sie Ihr Wissen \u00fcber die Dekarbonisierung und kn\u00fcpfen Sie Kontakte zu Branchenf\u00fchrern bei Strive by STX-Veranstaltungen.","breadcrumb":{"@id":"https:\/\/stxgroup.com\/strive\/de\/veranstaltungen\/#breadcrumb"},"inLanguage":"en-US","potentialAction":[{"@type":"ReadAction","target":["https:\/\/stxgroup.com\/strive\/de\/veranstaltungen\/"]}]},{"@type":"ImageObject","inLanguage":"en-US","@id":"https:\/\/stxgroup.com\/strive\/de\/veranstaltungen\/#primaryimage","url":"https:\/\/stxgroup.com\/app\/themes\/ChildTheme\/assets\/uploads\/site\/4\/2023\/05\/kevin-matos-Nl_FMFpXo2g-unsplash-1-scaled.jpg","contentUrl":"https:\/\/stxgroup.com\/app\/themes\/ChildTheme\/assets\/uploads\/site\/4\/2023\/05\/kevin-matos-Nl_FMFpXo2g-unsplash-1-scaled.jpg","width":2560,"height":1706,"caption":"Events and webinars at Strive by STX"},{"@type":"BreadcrumbList","@id":"https:\/\/stxgroup.com\/strive\/de\/veranstaltungen\/#breadcrumb","itemListElement":[{"@type":"ListItem","position":1,"name":"Home","item":"https:\/\/stxgroup.com\/strive\/"},{"@type":"ListItem","position":2,"name":"Events (DE)"}]},{"@type":"WebSite","@id":"https:\/\/stxgroup.com\/strive\/#website","url":"https:\/\/stxgroup.com\/strive\/","name":"STRIVE by STX","description":"We transform climate liabilities into business progress","publisher":{"@id":"https:\/\/stxgroup.com\/strive\/#organization"},"potentialAction":[{"@type":"SearchAction","target":{"@type":"EntryPoint","urlTemplate":"https:\/\/stxgroup.com\/strive\/?s={search_term_string}"},"query-input":{"@type":"PropertyValueSpecification","valueRequired":true,"valueName":"search_term_string"}}],"inLanguage":"en-US"},{"@type":"Organization","@id":"https:\/\/stxgroup.com\/strive\/#organization","name":"STRIVE by STX","url":"https:\/\/stxgroup.com\/strive\/","logo":{"@type":"ImageObject","inLanguage":"en-US","@id":"https:\/\/stxgroup.com\/strive\/#\/schema\/logo\/image\/","url":"https:\/\/stxgroup.com\/app\/themes\/ChildTheme\/assets\/uploads\/site\/4\/2023\/02\/strive-logo-header-cutout-2.svg","contentUrl":"https:\/\/stxgroup.com\/app\/themes\/ChildTheme\/assets\/uploads\/site\/4\/2023\/02\/strive-logo-header-cutout-2.svg","width":279,"height":130,"caption":"STRIVE by STX"},"image":{"@id":"https:\/\/stxgroup.com\/strive\/#\/schema\/logo\/image\/"}}]}},"lang":"de","translations":{"de":4178,"es":4166,"en":3343,"fr":4183},"pll_sync_post":[],"_links":{"self":[{"href":"https:\/\/stxgroup.com\/strive\/wp-json\/wp\/v2\/pages\/4178","targetHints":{"allow":["GET"]}}],"collection":[{"href":"https:\/\/stxgroup.com\/strive\/wp-json\/wp\/v2\/pages"}],"about":[{"href":"https:\/\/stxgroup.com\/strive\/wp-json\/wp\/v2\/types\/page"}],"author":[{"embeddable":true,"href":"https:\/\/stxgroup.com\/strive\/wp-json\/wp\/v2\/users\/3"}],"replies":[{"embeddable":true,"href":"https:\/\/stxgroup.com\/strive\/wp-json\/wp\/v2\/comments?post=4178"}],"version-history":[{"count":0,"href":"https:\/\/stxgroup.com\/strive\/wp-json\/wp\/v2\/pages\/4178\/revisions"}],"wp:featuredmedia":[{"embeddable":true,"href":"https:\/\/stxgroup.com\/strive\/wp-json\/wp\/v2\/media\/3634"}],"wp:attachment":[{"href":"https:\/\/stxgroup.com\/strive\/wp-json\/wp\/v2\/media?parent=4178"}],"curies":[{"name":"wp","href":"https:\/\/api.w.org\/{rel}","templated":true}]}}